{"id":2107,"date":"2016-07-28T20:14:09","date_gmt":"2016-07-28T19:14:09","guid":{"rendered":"https:\/\/ellad2.com\/es\/?post_type=product&#038;p=2107"},"modified":"2018-07-12T04:17:20","modified_gmt":"2018-07-12T03:17:20","slug":"tutorial-collar-diamond-duo","status":"publish","type":"product","link":"https:\/\/ellad2.com\/es\/tienda\/tutorial-collar-diamond-duo\/","title":{"rendered":"Tutorial Collar Diamond Duo"},"content":{"rendered":"<p>Nueva tutor\u00eda de abalorios con cuentas Diamante Duo 2-orificios. Proyecto f\u00e1cil y divertido. Usted puede hacer un collar o una pulsera. Es f\u00e1cil para todo tipo de ajustes. Tambi\u00e9n puede cambiar alternativamente las puntadas y hacerlo totalmente diferente.<\/p>\n<p>Nivel del Proyecto: Todos los niveles \u2013 Para principiantes es un reto.<\/p>\nngg_shortcode_0_placeholder\n<p>La Tutor\u00eda para el collar Diamante Duo es muy detallada, f\u00e1cil de seguir, paso a paso, con instrucciones claras y con fotograf\u00edas de cada paso.<\/p>\n<p>Lista de Materiales:<\/p>\n<ul>\n<li>Cuentas Seed Miyuki 11\/0 (3 colores), 8\/0<\/li>\n<li>Cuentas Fire-polished 4mm<\/li>\n<li>Cuentas Diamante Duo 2-orificios (2 colores).<\/li>\n<li>Fireline 6lb<\/li>\n<li>Tapa final de 12mm<\/li>\n<li>Pegamento<\/li>\n<li>Aguja para enfilar # 12 o aguja Tulip # 11<\/li>\n<\/ul>\n<p>La Tutor\u00eda para el collar Diamante Duo es un archivo PDF.<\/p>\n<p><strong><em>Instrucciones para la descarga:<\/em><\/strong><\/p>\n<p>Despu\u00e9s de que haya realizado el pago ser\u00e1 redirigida a ellad2.com en donde encontrar\u00e1 el enlace para la descarga de su tutor\u00eda. Haga clic en \u2018download\u2019 y empezar\u00e1 la descarga. Salve el documento en su computadora.<\/p>\n<p>Tambi\u00e9n recibir\u00e1 un correo electr\u00f3nico con la confirmaci\u00f3n del pedido con el enlace\/s para su descarga. Haga clic en el enlace\/s y empezar\u00e1 la descarga. Salve el documento en su computadora. Por favor, revise su carpeta de correo no deseado\/chatarra.\u00a0 Si tiene problema para la descarga tambi\u00e9n puede ver aqu\u00ed el <a href=\"http:\/\/ellad2.com\/problems-download\/\"><em>estado del pedido<\/em><\/a><em>. <\/em><\/p>\n<p>Es bienvenida a vender cualquier art\u00edculo que haga de mis modelos en abalorios que me ha comprado. Vea aqu\u00ed mis\u00a0 <a href=\"http:\/\/ellad2.com\/es\/terminos-y-condiciones-ellad2\/\">T\u00e9rminos y Condiciones<\/a><\/p>\n<p>Derechos de Autor\u00a9Ellad2<\/p>\n","protected":false},"excerpt":{"rendered":"<p>Nueva tutor\u00eda de abalorios con cuentas Diamante Duo 2-orificios. Proyecto f\u00e1cil y divertido. Usted puede hacer un collar o una pulsera. Es f\u00e1cil para todo tipo de ajustes. Tambi\u00e9n puede cambiar alternativamente las puntadas y hacerlo totalmente diferente. Nivel del Proyecto: Todos los niveles \u2013 Para principiantes es un reto. La Tutor\u00eda para el collar&hellip;&nbsp;<a href=\"https:\/\/ellad2.com\/es\/tienda\/tutorial-collar-diamond-duo\/\" rel=\"bookmark\">Read More &raquo;<span class=\"screen-reader-text\">Tutorial Collar Diamond Duo<\/span><\/a><\/p>\n","protected":false},"featured_media":2109,"template":"","meta":{"neve_meta_sidebar":"","neve_meta_container":"","neve_meta_enable_content_width":"","neve_meta_content_width":0,"neve_meta_title_alignment":"","neve_meta_author_avatar":"","neve_post_elements_order":"","neve_meta_disable_header":"","neve_meta_disable_footer":"","neve_meta_disable_title":"","neve_meta_reading_time":"","ngg_post_thumbnail":0},"product_brand":[],"product_cat":[329],"product_tag":[],"class_list":{"0":"post-2107","1":"product","2":"type-product","3":"status-publish","4":"has-post-thumbnail","6":"product_cat-collares","8":"first","9":"instock","10":"downloadable","11":"virtual","12":"purchasable","13":"product-type-simple"},"_links":{"self":[{"href":"https:\/\/ellad2.com\/es\/wp-json\/wp\/v2\/product\/2107","targetHints":{"allow":["GET"]}}],"collection":[{"href":"https:\/\/ellad2.com\/es\/wp-json\/wp\/v2\/product"}],"about":[{"href":"https:\/\/ellad2.com\/es\/wp-json\/wp\/v2\/types\/product"}],"wp:featuredmedia":[{"embeddable":true,"href":"https:\/\/ellad2.com\/es\/wp-json\/wp\/v2\/media\/2109"}],"wp:attachment":[{"href":"https:\/\/ellad2.com\/es\/wp-json\/wp\/v2\/media?parent=2107"}],"wp:term":[{"taxonomy":"product_brand","embeddable":true,"href":"https:\/\/ellad2.com\/es\/wp-json\/wp\/v2\/product_brand?post=2107"},{"taxonomy":"product_cat","embeddable":true,"href":"https:\/\/ellad2.com\/es\/wp-json\/wp\/v2\/product_cat?post=2107"},{"taxonomy":"product_tag","embeddable":true,"href":"https:\/\/ellad2.com\/es\/wp-json\/wp\/v2\/product_tag?post=2107"}],"curies":[{"name":"wp","href":"https:\/\/api.w.org\/{rel}","templated":true}]}}