{"id":209,"date":"2013-03-31T22:05:06","date_gmt":"2013-03-31T21:05:06","guid":{"rendered":"https:\/\/ellad2.com\/es\/?post_type=product&#038;p=209"},"modified":"2018-07-12T04:15:18","modified_gmt":"2018-07-12T03:15:18","slug":"tutorial-brazalete-twin-x","status":"publish","type":"product","link":"https:\/\/ellad2.com\/es\/tienda\/tutorial-brazalete-twin-x\/","title":{"rendered":"Tutorial Brazalete Twin X"},"content":{"rendered":"<p><strong>Brazalte Twin X <\/strong><\/p>\n<p>Otro tutorial con los Czech Twin Beads.<br \/>\nMuy f\u00e1cil de hacer, pero no tan r\u00e1pido!<\/p>\n<p>Las instrucciones para el Brazalete Twin X son bien detalladas, paso a paso con fotograf\u00edas.<\/p>\n<p>Material que necesita:<\/p>\n<p>&#8211; Rocallas (sb) Miyuki 8\/0 (tambi\u00e9n puede sustituir las rocallas (sb) 8\/0, por rocallas (sb) 11\/0, 15\/0.<br \/>\n&#8211; Czech Twin<br \/>\n&#8211; Piedras Checas redondas o perlas 6mm y 4mm<br \/>\n&#8211; Biconos Swarovski 3mm<br \/>\n&#8211; Cerradura<br \/>\n&#8211; Hilo FireLine o Hilo Nymo<br \/>\n&#8211; Agujas tama\u00f1o size 12<\/p>\n<p><em>Ella y\u00a0<a href=\"http:\/\/ababeads.blogspot.com\/\">Cristina<\/a><\/em><\/p>\nngg_shortcode_0_placeholder\n<p>Usted puede vender las creaciones confeccionadas del tutorial que acaba de comprar. Por favor, lea mis\u00a0<a title=\"T\u00e9rminos y Condiciones\" href=\"https:\/\/ellad2.com\/es\/terminos-y-condiciones-ellad2\/\">T\u00e9rminos y Condiciones.<\/a><\/p>\n<p>&nbsp;<\/p>\n<p>&nbsp;<\/p>\n","protected":false},"excerpt":{"rendered":"<p>Brazalte Twin X Otro tutorial con los Czech Twin Beads. Muy f\u00e1cil de hacer, pero no tan r\u00e1pido! Las instrucciones para el Brazalete Twin X son bien detalladas, paso a paso con fotograf\u00edas. Material que necesita: &#8211; Rocallas (sb) Miyuki 8\/0 (tambi\u00e9n puede sustituir las rocallas (sb) 8\/0, por rocallas (sb) 11\/0, 15\/0. &#8211; Czech&hellip;&nbsp;<a href=\"https:\/\/ellad2.com\/es\/tienda\/tutorial-brazalete-twin-x\/\" rel=\"bookmark\">Read More &raquo;<span class=\"screen-reader-text\">Tutorial Brazalete Twin X<\/span><\/a><\/p>\n","protected":false},"featured_media":210,"template":"","meta":{"neve_meta_sidebar":"","neve_meta_container":"","neve_meta_enable_content_width":"","neve_meta_content_width":0,"neve_meta_title_alignment":"","neve_meta_author_avatar":"","neve_post_elements_order":"","neve_meta_disable_header":"","neve_meta_disable_footer":"","neve_meta_disable_title":"","neve_meta_reading_time":"","ngg_post_thumbnail":0},"product_brand":[],"product_cat":[325],"product_tag":[],"class_list":{"0":"post-209","1":"product","2":"type-product","3":"status-publish","4":"has-post-thumbnail","6":"product_cat-brazaletes","8":"first","9":"instock","10":"downloadable","11":"virtual","12":"purchasable","13":"product-type-simple"},"_links":{"self":[{"href":"https:\/\/ellad2.com\/es\/wp-json\/wp\/v2\/product\/209","targetHints":{"allow":["GET"]}}],"collection":[{"href":"https:\/\/ellad2.com\/es\/wp-json\/wp\/v2\/product"}],"about":[{"href":"https:\/\/ellad2.com\/es\/wp-json\/wp\/v2\/types\/product"}],"wp:featuredmedia":[{"embeddable":true,"href":"https:\/\/ellad2.com\/es\/wp-json\/wp\/v2\/media\/210"}],"wp:attachment":[{"href":"https:\/\/ellad2.com\/es\/wp-json\/wp\/v2\/media?parent=209"}],"wp:term":[{"taxonomy":"product_brand","embeddable":true,"href":"https:\/\/ellad2.com\/es\/wp-json\/wp\/v2\/product_brand?post=209"},{"taxonomy":"product_cat","embeddable":true,"href":"https:\/\/ellad2.com\/es\/wp-json\/wp\/v2\/product_cat?post=209"},{"taxonomy":"product_tag","embeddable":true,"href":"https:\/\/ellad2.com\/es\/wp-json\/wp\/v2\/product_tag?post=209"}],"curies":[{"name":"wp","href":"https:\/\/api.w.org\/{rel}","templated":true}]}}