{"id":2033,"date":"2016-06-02T23:27:41","date_gmt":"2016-06-02T22:27:41","guid":{"rendered":"https:\/\/ellad2.com\/es\/?post_type=product&#038;p=2033"},"modified":"2018-07-12T04:17:18","modified_gmt":"2018-07-12T03:17:18","slug":"tutorial-brazalete-letitia","status":"publish","type":"product","link":"https:\/\/ellad2.com\/es\/tienda\/tutorial-brazalete-letitia\/","title":{"rendered":"Tutorial Brazalete Letitia"},"content":{"rendered":"<p>Nuevo proyecto de abalorios con cuentas\u00a0<em>Media Luna y Cabujones<\/em>\u00a0<em>2-orificios<\/em>. \u00a0El brazalete Letitia es hermoso y elegante, tiene una textura rica, gracias a los Cabujones de 2-orificios.<\/p>\n<p>Usted puede colocar los Cabujones a su gusto. Tambi\u00e9n, puede hacer esta pulsera usando un s\u00f3lo color de Cabujones. Incluso, puede hacerlo m\u00e1s interese, usando 4 diferentes colores. Todo depende de su imaginaci\u00f3n y su gusto.<\/p>\nngg_shortcode_0_placeholder\n<p>Nivel del Proyecto: Podr\u00eda decir \u2013 todos los niveles. No hay ninguna puntada especifica que usted debe saber. Lo \u00fanico importante es mantener una buena tensi\u00f3n.<\/p>\n<p>La Tutor\u00eda para el Brazalete Letitia es muy detallada, f\u00e1cil de seguir, paso a paso, con instrucciones claras y con fotograf\u00edas a color de cada paso.<\/p>\n<p>Lista de Materiales:<\/p>\n<ul>\n<li>Cuentas Seed Miyuki 15\/0, 11\/0, 8\/0<\/li>\n<li>Cuentas Crecent<\/li>\n<li>Cabujones 2-orificios (en los EE.UU. las puede encontrar por ejemplo en Etsy en\u00a0<a href=\"https:\/\/www.etsy.com\/shop\/CzechLaVie\">CzechLaVie<\/a> en la tienda electr\u00f3nica <a href=\"http:\/\/www.redpandabeads.com\">RedPanda\u00a0<\/a> o en cuentas\u00a0<a href=\"http:\/\/www.potomacbeads.com\">Potomac<\/a><\/li>\n<li>Broche<\/li>\n<li>FireLine 6lb<\/li>\n<\/ul>\n<p>La Tutor\u00eda para el Brazalete Letitia es un archivo\u00a0 PDF.<\/p>\n<p><strong><em>Instrucciones para la descarga:<\/em><\/strong><\/p>\n<p>Despu\u00e9s de que haya realizado el pago ser\u00e1 redirigida a ellad2.com en donde encontrar\u00e1 el enlace para la descarga de su tutor\u00eda. Haga clic en \u2018download\u2019 y empezar\u00e1 la descarga. Salve el documento en su computadora.<\/p>\n<p>Tambi\u00e9n recibir\u00e1 un correo electr\u00f3nico con la confirmaci\u00f3n del pedido con el enlace\/s para su descarga. Haga clic en el enlace\/s y empezar\u00e1 la descarga. Salve el documento en su computadora. Por favor, revise su carpeta de correo no deseado\/chatarra.\u00a0 Si tiene problema para la descarga tambi\u00e9n puede ver aqu\u00ed el <a href=\"http:\/\/ellad2.com\/problems-download\/\"><em>estado del pedido<\/em><\/a><em>. <\/em><\/p>\n<p>Es bienvenida a vender cualquier art\u00edculo que haga de mis modelos en abalorios que me ha comprado. Vea aqu\u00ed mis\u00a0 <a href=\"http:\/\/ellad2.com\/es\/terminos-y-condiciones-ellad2\/\">T\u00e9rminos y Condiciones<\/a><\/p>\n<p>Derechos de Autor\u00a9Ellad2<\/p>\n","protected":false},"excerpt":{"rendered":"<p>Nuevo proyecto de abalorios con cuentas\u00a0Media Luna y Cabujones\u00a02-orificios. \u00a0El brazalete Letitia es hermoso y elegante, tiene una textura rica, gracias a los Cabujones de 2-orificios. Usted puede colocar los Cabujones a su gusto. Tambi\u00e9n, puede hacer esta pulsera usando un s\u00f3lo color de Cabujones. Incluso, puede hacerlo m\u00e1s interese, usando 4 diferentes colores. Todo&hellip;&nbsp;<a href=\"https:\/\/ellad2.com\/es\/tienda\/tutorial-brazalete-letitia\/\" rel=\"bookmark\">Read More &raquo;<span class=\"screen-reader-text\">Tutorial Brazalete Letitia<\/span><\/a><\/p>\n","protected":false},"featured_media":2039,"template":"","meta":{"neve_meta_sidebar":"","neve_meta_container":"","neve_meta_enable_content_width":"","neve_meta_content_width":0,"neve_meta_title_alignment":"","neve_meta_author_avatar":"","neve_post_elements_order":"","neve_meta_disable_header":"","neve_meta_disable_footer":"","neve_meta_disable_title":"","neve_meta_reading_time":"","ngg_post_thumbnail":0},"product_brand":[],"product_cat":[325],"product_tag":[],"class_list":{"0":"post-2033","1":"product","2":"type-product","3":"status-publish","4":"has-post-thumbnail","6":"product_cat-brazaletes","8":"first","9":"instock","10":"downloadable","11":"virtual","12":"purchasable","13":"product-type-simple"},"_links":{"self":[{"href":"https:\/\/ellad2.com\/es\/wp-json\/wp\/v2\/product\/2033","targetHints":{"allow":["GET"]}}],"collection":[{"href":"https:\/\/ellad2.com\/es\/wp-json\/wp\/v2\/product"}],"about":[{"href":"https:\/\/ellad2.com\/es\/wp-json\/wp\/v2\/types\/product"}],"wp:featuredmedia":[{"embeddable":true,"href":"https:\/\/ellad2.com\/es\/wp-json\/wp\/v2\/media\/2039"}],"wp:attachment":[{"href":"https:\/\/ellad2.com\/es\/wp-json\/wp\/v2\/media?parent=2033"}],"wp:term":[{"taxonomy":"product_brand","embeddable":true,"href":"https:\/\/ellad2.com\/es\/wp-json\/wp\/v2\/product_brand?post=2033"},{"taxonomy":"product_cat","embeddable":true,"href":"https:\/\/ellad2.com\/es\/wp-json\/wp\/v2\/product_cat?post=2033"},{"taxonomy":"product_tag","embeddable":true,"href":"https:\/\/ellad2.com\/es\/wp-json\/wp\/v2\/product_tag?post=2033"}],"curies":[{"name":"wp","href":"https:\/\/api.w.org\/{rel}","templated":true}]}}