{"id":201,"date":"2013-01-02T15:15:55","date_gmt":"2013-01-02T14:15:55","guid":{"rendered":"https:\/\/ellad2.com\/es\/?post_type=product&#038;p=201"},"modified":"2018-07-12T04:15:18","modified_gmt":"2018-07-12T03:15:18","slug":"tutorial-colgante-maho","status":"publish","type":"product","link":"https:\/\/ellad2.com\/es\/tienda\/tutorial-colgante-maho\/","title":{"rendered":"Tutorial Colgante Maho"},"content":{"rendered":"<p><strong>Colgante Maho<\/strong><\/p>\n<p>Este es un hermoso colgante en forma de flores.\u00a0 Puede jugar con las combinaciones de colores de las piedras y con las piedras!&#8230;<\/p>\n<p>Di\u00e1metro del colgante: 3.7 cm\/1.45\u2033<\/p>\n<p>Las instrucciones para el colgante Maho es bien detallada, paso a paso con fotograf\u00edas.<\/p>\n<p>Dificultad: Intermedia \u2013 Si usted est\u00e1 familiarizada y conoce como hacer la puntada Herringbone, se le har\u00e1 mucho m\u00e1s f\u00e1cil confeccionar este colgante.<\/p>\n<p>Material que necesita:<\/p>\n<p>&#8211; Rocallas (sb) Miyuki 15\/0, 11\/0, 8\/0<br \/>\n&#8211; Rivoli Swarovski 14mm<br \/>\n&#8211; Biconos Swarovski \u00a03mm y 4mm<br \/>\n&#8211; Superduo<br \/>\n&#8211; Hilo FireLine o Hilo Nymo<br \/>\n&#8211; Agujas tama\u00f1o 12<\/p>\nngg_shortcode_0_placeholder\n<p>Usted puede vender las creaciones confeccionadas del tutorial que acaba de comprar. Por favor, lea mis\u00a0<a title=\"T\u00e9rminos y Condiciones\" href=\"https:\/\/ellad2.com\/es\/terminos-y-condiciones-ellad2\/\">T\u00e9rminos y Condiciones.<\/a><\/p>\n<p>Este tutorial est\u00e1 disponible tambi\u00e9n en: Ingl\u00e9s,\u00a0Italiano y Holand\u00e9s<\/p>\n<p><em>Ella y <a href=\"http:\/\/ababeads.blogspot.com\/\">Cristina<\/a><\/em><\/p>\n<p>&nbsp;<\/p>\n","protected":false},"excerpt":{"rendered":"<p>Colgante Maho Este es un hermoso colgante en forma de flores.\u00a0 Puede jugar con las combinaciones de colores de las piedras y con las piedras!&#8230; Di\u00e1metro del colgante: 3.7 cm\/1.45\u2033 Las instrucciones para el colgante Maho es bien detallada, paso a paso con fotograf\u00edas. Dificultad: Intermedia \u2013 Si usted est\u00e1 familiarizada y conoce como hacer&hellip;&nbsp;<a href=\"https:\/\/ellad2.com\/es\/tienda\/tutorial-colgante-maho\/\" rel=\"bookmark\">Read More &raquo;<span class=\"screen-reader-text\">Tutorial Colgante Maho<\/span><\/a><\/p>\n","protected":false},"featured_media":202,"template":"","meta":{"neve_meta_sidebar":"","neve_meta_container":"","neve_meta_enable_content_width":"","neve_meta_content_width":0,"neve_meta_title_alignment":"","neve_meta_author_avatar":"","neve_post_elements_order":"","neve_meta_disable_header":"","neve_meta_disable_footer":"","neve_meta_disable_title":"","neve_meta_reading_time":"","ngg_post_thumbnail":0},"product_brand":[],"product_cat":[327],"product_tag":[],"class_list":{"0":"post-201","1":"product","2":"type-product","3":"status-publish","4":"has-post-thumbnail","6":"product_cat-colgantes","8":"first","9":"instock","10":"downloadable","11":"virtual","12":"purchasable","13":"product-type-simple"},"_links":{"self":[{"href":"https:\/\/ellad2.com\/es\/wp-json\/wp\/v2\/product\/201","targetHints":{"allow":["GET"]}}],"collection":[{"href":"https:\/\/ellad2.com\/es\/wp-json\/wp\/v2\/product"}],"about":[{"href":"https:\/\/ellad2.com\/es\/wp-json\/wp\/v2\/types\/product"}],"wp:featuredmedia":[{"embeddable":true,"href":"https:\/\/ellad2.com\/es\/wp-json\/wp\/v2\/media\/202"}],"wp:attachment":[{"href":"https:\/\/ellad2.com\/es\/wp-json\/wp\/v2\/media?parent=201"}],"wp:term":[{"taxonomy":"product_brand","embeddable":true,"href":"https:\/\/ellad2.com\/es\/wp-json\/wp\/v2\/product_brand?post=201"},{"taxonomy":"product_cat","embeddable":true,"href":"https:\/\/ellad2.com\/es\/wp-json\/wp\/v2\/product_cat?post=201"},{"taxonomy":"product_tag","embeddable":true,"href":"https:\/\/ellad2.com\/es\/wp-json\/wp\/v2\/product_tag?post=201"}],"curies":[{"name":"wp","href":"https:\/\/api.w.org\/{rel}","templated":true}]}}