{"id":2007,"date":"2016-05-25T00:13:27","date_gmt":"2016-05-24T23:13:27","guid":{"rendered":"https:\/\/ellad2.com\/es\/?post_type=product&#038;p=2007"},"modified":"2018-07-12T04:17:17","modified_gmt":"2018-07-12T03:17:17","slug":"tutorial-anillo-menta","status":"publish","type":"product","link":"https:\/\/ellad2.com\/es\/tienda\/tutorial-anillo-menta\/","title":{"rendered":"Tutorial Anillo Menta"},"content":{"rendered":"<p>Nuevo proyecto de abalorios en <em>puntada peyote<\/em>. El anillo Menta esta hecho con cuentas Delicas Miyuki, con un hermoso Rivoli Montana Swarovski\u00a0 y con Bicones Menta Alabaster.<\/p>\n<p>No es un proyecto r\u00e1pido. Hay muchos abalorios bordados en este \u2018peque\u00f1o anillo\u2019.<\/p>\n<p>Nivel del Proyecto: intermedio. Deber\u00e1 estar familiarizada con la puntada Peyote.<\/p>\n<p>El Tutorial de abalorios para el anillo Menta es muy detallado (31 p\u00e1ginas), f\u00e1cil de seguir, paso a paso con instrucciones claras y con fotograf\u00edas a color de cada paso.<\/p>\nngg_shortcode_0_placeholder\n<p>Lista de Materiales:<\/p>\n<ul>\n<li>Cuentas Delica Miyuki Delica 11\/0<\/li>\n<li>Rivoli Swarovski 12mm<\/li>\n<li>Bicones Swarovski 3mm<\/li>\n<li>Cuentas Seed Miyuki 15\/0<\/li>\n<li>Fireline 6lb<\/li>\n<li>Aguja para enfilar # 12 o aguja Tulip # 11<\/li>\n<\/ul>\n<p>El Tutor\u00eda para el Anillo Menta es un archivo\u00a0 PDF.<\/p>\n<p><strong><em>Instrucciones para la descarga:<\/em><\/strong><\/p>\n<p>Despu\u00e9s de que haya realizado el pago ser\u00e1 redirigida a ellad2.com en donde encontrar\u00e1 el enlace para la descarga de su tutor\u00eda. Haga clic en \u2018download\u2019 y empezar\u00e1 la descarga. Salve el documento en su computadora.<\/p>\n<p>Tambi\u00e9n recibir\u00e1 un correo electr\u00f3nico con la confirmaci\u00f3n del pedido con el enlace\/s para su descarga. Haga clic en el enlace\/s y empezar\u00e1 la descarga. Salve el documento en su computadora. Por favor, revise su carpeta de correo no deseado\/chatarra.\u00a0 Si tiene problema para la descarga tambi\u00e9n puede ver aqu\u00ed el <a href=\"http:\/\/ellad2.com\/problems-download\/\"><em>estado del pedido<\/em><\/a><em>. <\/em><\/p>\n<p>Es bienvenida a vender cualquier art\u00edculo que haga de mis modelos en abalorios que me ha comprado. Vea aqu\u00ed mis\u00a0 <a href=\"http:\/\/ellad2.com\/es\/terminos-y-condiciones-ellad2\/\">T\u00e9rminos y Condiciones<\/a><\/p>\n<p>Derechos de Autor\u00a9Ellad2<\/p>\n","protected":false},"excerpt":{"rendered":"<p>Nuevo proyecto de abalorios en puntada peyote. El anillo Menta esta hecho con cuentas Delicas Miyuki, con un hermoso Rivoli Montana Swarovski\u00a0 y con Bicones Menta Alabaster. No es un proyecto r\u00e1pido. Hay muchos abalorios bordados en este \u2018peque\u00f1o anillo\u2019. Nivel del Proyecto: intermedio. Deber\u00e1 estar familiarizada con la puntada Peyote. El Tutorial de abalorios&hellip;&nbsp;<a href=\"https:\/\/ellad2.com\/es\/tienda\/tutorial-anillo-menta\/\" rel=\"bookmark\">Read More &raquo;<span class=\"screen-reader-text\">Tutorial Anillo Menta<\/span><\/a><\/p>\n","protected":false},"featured_media":2009,"template":"","meta":{"neve_meta_sidebar":"","neve_meta_container":"","neve_meta_enable_content_width":"","neve_meta_content_width":0,"neve_meta_title_alignment":"","neve_meta_author_avatar":"","neve_post_elements_order":"","neve_meta_disable_header":"","neve_meta_disable_footer":"","neve_meta_disable_title":"","neve_meta_reading_time":"","ngg_post_thumbnail":0},"product_brand":[],"product_cat":[323],"product_tag":[],"class_list":{"0":"post-2007","1":"product","2":"type-product","3":"status-publish","4":"has-post-thumbnail","6":"product_cat-anillos","8":"first","9":"instock","10":"downloadable","11":"virtual","12":"purchasable","13":"product-type-simple"},"_links":{"self":[{"href":"https:\/\/ellad2.com\/es\/wp-json\/wp\/v2\/product\/2007","targetHints":{"allow":["GET"]}}],"collection":[{"href":"https:\/\/ellad2.com\/es\/wp-json\/wp\/v2\/product"}],"about":[{"href":"https:\/\/ellad2.com\/es\/wp-json\/wp\/v2\/types\/product"}],"wp:featuredmedia":[{"embeddable":true,"href":"https:\/\/ellad2.com\/es\/wp-json\/wp\/v2\/media\/2009"}],"wp:attachment":[{"href":"https:\/\/ellad2.com\/es\/wp-json\/wp\/v2\/media?parent=2007"}],"wp:term":[{"taxonomy":"product_brand","embeddable":true,"href":"https:\/\/ellad2.com\/es\/wp-json\/wp\/v2\/product_brand?post=2007"},{"taxonomy":"product_cat","embeddable":true,"href":"https:\/\/ellad2.com\/es\/wp-json\/wp\/v2\/product_cat?post=2007"},{"taxonomy":"product_tag","embeddable":true,"href":"https:\/\/ellad2.com\/es\/wp-json\/wp\/v2\/product_tag?post=2007"}],"curies":[{"name":"wp","href":"https:\/\/api.w.org\/{rel}","templated":true}]}}