{"id":1997,"date":"2016-05-19T22:50:37","date_gmt":"2016-05-19T21:50:37","guid":{"rendered":"https:\/\/ellad2.com\/es\/?post_type=product&#038;p=1997"},"modified":"2018-07-12T04:17:17","modified_gmt":"2018-07-12T03:17:17","slug":"tutorial-brazalete-bea","status":"publish","type":"product","link":"https:\/\/ellad2.com\/es\/tienda\/tutorial-brazalete-bea\/","title":{"rendered":"Tutorial Brazalete Bea"},"content":{"rendered":"<p>Hermoso brazalete de abalorios bordado con <em>Honeycomb<\/em>\u00a0y <em>Miniduo, <\/em><em>conectado con cuentas <\/em><em>Fire<\/em><em>&#8211;<\/em><em>Polished\u2026 <\/em><em>Si tiene suficientes cuentas entonces puede hacer un magn\u00edfico collar.<\/em><\/p>\n<p>Nive del Proyecto: intermedio.<\/p>\n<p>La Tutor\u00eda para el Brazalete Bea es muy detallada, f\u00e1cil de seguir, paso a paso, con instrucciones claras y con fotos a color de cada paso.<\/p>\nngg_shortcode_0_placeholder\n<p><strong>Lista de Materiales:<\/strong><\/p>\n<ul>\n<li>Cuentas Seed Miyuki 11\/0, 8\/0, 15\/0<\/li>\n<li>Cuentas Honeycomb (La fila del medio, la puede sustituir por ejemplo con Cabujones de 2 orificios y el brazalete ser\u00e1 a\u00fan m\u00e1s hermoso). Hay una foto en la galer\u00eda con esa sustituci\u00f3n.<\/li>\n<li>Cuentas Miniduo 2x4mm (En lugar de las cuentas Miniduo, puede usar cuentas Superduo 5X5mm).<\/li>\n<li>Cuentas Fire-polished 4mm<\/li>\n<li>Broche<\/li>\n<li>Fireline 6lb<\/li>\n<li>Aguja para enfilar # 12 o aguja Tulip # 11<\/li>\n<\/ul>\n<p>La Tutor\u00eda para el Brazalete Bea es un archivo PDF.<\/p>\n<p><a href=\"https:\/\/ellad2.com\/es\/wp-content\/uploads\/2016\/05\/InspirationLOGO.jpg\"><img decoding=\"async\" class=\"wp-image-2001 alignnone\" src=\"https:\/\/ellad2.com\/es\/wp-content\/uploads\/2016\/05\/InspirationLOGO.jpg\" alt=\"InspirationLOGO\" width=\"79\" height=\"58\" \/><\/a>Miembro de\u00a0<a href=\"https:\/\/www.beadsmith.com\/designers.htm\">The BeadSmith Inspiration Squad<\/a><\/p>\n<p><strong><em>Instrucciones para la descarga:<\/em><\/strong><\/p>\n<p>Despu\u00e9s de que haya realizado el pago ser\u00e1 redirigida a ellad2.com en donde encontrar\u00e1 el enlace para la descarga de su tutor\u00eda. Haga clic en \u2018download\u2019 y empezar\u00e1 la descarga. Salve el documento en su computadora.<\/p>\n<p>Tambi\u00e9n recibir\u00e1 un correo electr\u00f3nico con la confirmaci\u00f3n del pedido con el enlace\/s para su descarga. Haga clic en el enlace\/s y empezar\u00e1 la descarga. Salve el documento en su computadora. Por favor, revise su carpeta de correo no deseado\/chatarra.\u00a0 Si tiene problema para la descarga tambi\u00e9n puede ver aqu\u00ed el <a href=\"http:\/\/ellad2.com\/problems-download\/\"><em>estado del pedido<\/em><\/a><em>. <\/em><\/p>\n<p>Es bienvenida a vender cualquier art\u00edculo que haga de mis modelos en abalorios que me ha comprado. Vea aqu\u00ed mis\u00a0 <a href=\"http:\/\/ellad2.com\/es\/terminos-y-condiciones-ellad2\/\">T\u00e9rminos y Condiciones<\/a><\/p>\n<p>Derechos de Autor\u00a9Ellad2<\/p>\n","protected":false},"excerpt":{"rendered":"<p>Hermoso brazalete de abalorios bordado con Honeycomb\u00a0y Miniduo, conectado con cuentas Fire&#8211;Polished\u2026 Si tiene suficientes cuentas entonces puede hacer un magn\u00edfico collar. Nive del Proyecto: intermedio. La Tutor\u00eda para el Brazalete Bea es muy detallada, f\u00e1cil de seguir, paso a paso, con instrucciones claras y con fotos a color de cada paso. Lista de Materiales:&hellip;&nbsp;<a href=\"https:\/\/ellad2.com\/es\/tienda\/tutorial-brazalete-bea\/\" rel=\"bookmark\">Read More &raquo;<span class=\"screen-reader-text\">Tutorial Brazalete Bea<\/span><\/a><\/p>\n","protected":false},"featured_media":1999,"template":"","meta":{"neve_meta_sidebar":"","neve_meta_container":"","neve_meta_enable_content_width":"","neve_meta_content_width":0,"neve_meta_title_alignment":"","neve_meta_author_avatar":"","neve_post_elements_order":"","neve_meta_disable_header":"","neve_meta_disable_footer":"","neve_meta_disable_title":"","neve_meta_reading_time":"","ngg_post_thumbnail":0},"product_brand":[],"product_cat":[325],"product_tag":[],"class_list":{"0":"post-1997","1":"product","2":"type-product","3":"status-publish","4":"has-post-thumbnail","6":"product_cat-brazaletes","8":"first","9":"instock","10":"downloadable","11":"virtual","12":"purchasable","13":"product-type-simple"},"_links":{"self":[{"href":"https:\/\/ellad2.com\/es\/wp-json\/wp\/v2\/product\/1997","targetHints":{"allow":["GET"]}}],"collection":[{"href":"https:\/\/ellad2.com\/es\/wp-json\/wp\/v2\/product"}],"about":[{"href":"https:\/\/ellad2.com\/es\/wp-json\/wp\/v2\/types\/product"}],"wp:featuredmedia":[{"embeddable":true,"href":"https:\/\/ellad2.com\/es\/wp-json\/wp\/v2\/media\/1999"}],"wp:attachment":[{"href":"https:\/\/ellad2.com\/es\/wp-json\/wp\/v2\/media?parent=1997"}],"wp:term":[{"taxonomy":"product_brand","embeddable":true,"href":"https:\/\/ellad2.com\/es\/wp-json\/wp\/v2\/product_brand?post=1997"},{"taxonomy":"product_cat","embeddable":true,"href":"https:\/\/ellad2.com\/es\/wp-json\/wp\/v2\/product_cat?post=1997"},{"taxonomy":"product_tag","embeddable":true,"href":"https:\/\/ellad2.com\/es\/wp-json\/wp\/v2\/product_tag?post=1997"}],"curies":[{"name":"wp","href":"https:\/\/api.w.org\/{rel}","templated":true}]}}