{"id":1963,"date":"2016-05-12T14:49:24","date_gmt":"2016-05-12T13:49:24","guid":{"rendered":"https:\/\/ellad2.com\/es\/?post_type=product&#038;p=1963"},"modified":"2018-07-12T04:17:16","modified_gmt":"2018-07-12T03:17:16","slug":"tutorial-brazalete-kaira","status":"publish","type":"product","link":"https:\/\/ellad2.com\/es\/tienda\/tutorial-brazalete-kaira\/","title":{"rendered":"Tutorial Brazalete Kaira"},"content":{"rendered":"<p>Algo un poco diferente. El Cabuj\u00f3n Lunasoft 30mm es la base para este hermoso medall\u00f3n modificado como punto focal del brazalete.<\/p>\n<p>Si desea o si necesita m\u00e1s colgantes, es posible hacerlo usando este patr\u00f3n.<\/p>\n<p>Nivel del Proyecto: intermedio. Deber\u00e1 esta familiarizada con la puntada Peyote.<\/p>\nngg_shortcode_0_placeholder\n<p>El Tutorial para el Brazalete Kaira es muy detallado (27 p\u00e1ginas), f\u00e1cil de seguir, paso por paso, con instrucciones claras y con fotograf\u00edas a color de cada paso.<\/p>\n<p>Lista de Material:<\/p>\n<ul>\n<li>Cuentas Seed Miyuki (3 colores).<\/li>\n<li>Cabuj\u00f3n Lunasoft 30mm (En Europa puede encontrarlo por ejemplo:<a href=\"https:\/\/beadhouse.nl\/product-categorie\/lunasoft-cabs\/lunasoft-cabs-round\/lunasoft-round-30mm\/\">Beadhouse<\/a>\u00a0(Holanda),\u00a0<a href=\"http:\/\/www.boutiquecharlotte.eu\/en\/pearls\/1181-lunasoft-pearl-round-30mm.html\">Botiquecharlotte<\/a>,\u00a0<a href=\"http:\/\/www.oldbicycleshop.co.uk\/Cabochons\/Luna-Soft\/30mm-round\/C26-96-58-1-0.htm\">Oldbicycleshop<\/a>\u00a0(Reino Unido). Realmente, cualquier cabuj\u00f3n tama\u00f1o 30 mm funcionar\u00e1.<\/li>\n<li>Cuerda de cuero 3mm<\/li>\n<li>Extremo taza (End-Cup) 3mm<\/li>\n<li>Cierres Langosta y anillos junk (Tambi\u00e9n le doy la segunda opci\u00f3n para el broche)<\/li>\n<li>Fireline 6lb<\/li>\n<li>Pegamento E6000<\/li>\n<li>Aguja para enfilar # 12 o aguja Tulip # 11<\/li>\n<\/ul>\n<p>La Tutor\u00eda para el brazalete Kaira es un archivo PDF.<\/p>\n<p>Derechos de Autor\u00a9Ellad2<\/p>\n","protected":false},"excerpt":{"rendered":"<p>Algo un poco diferente. El Cabuj\u00f3n Lunasoft 30mm es la base para este hermoso medall\u00f3n modificado como punto focal del brazalete. Si desea o si necesita m\u00e1s colgantes, es posible hacerlo usando este patr\u00f3n. Nivel del Proyecto: intermedio. Deber\u00e1 esta familiarizada con la puntada Peyote. El Tutorial para el Brazalete Kaira es muy detallado (27&hellip;&nbsp;<a href=\"https:\/\/ellad2.com\/es\/tienda\/tutorial-brazalete-kaira\/\" rel=\"bookmark\">Read More &raquo;<span class=\"screen-reader-text\">Tutorial Brazalete Kaira<\/span><\/a><\/p>\n","protected":false},"featured_media":1965,"template":"","meta":{"neve_meta_sidebar":"","neve_meta_container":"","neve_meta_enable_content_width":"","neve_meta_content_width":0,"neve_meta_title_alignment":"","neve_meta_author_avatar":"","neve_post_elements_order":"","neve_meta_disable_header":"","neve_meta_disable_footer":"","neve_meta_disable_title":"","neve_meta_reading_time":"","ngg_post_thumbnail":0},"product_brand":[],"product_cat":[325],"product_tag":[],"class_list":{"0":"post-1963","1":"product","2":"type-product","3":"status-publish","4":"has-post-thumbnail","6":"product_cat-brazaletes","8":"first","9":"instock","10":"downloadable","11":"virtual","12":"purchasable","13":"product-type-simple"},"_links":{"self":[{"href":"https:\/\/ellad2.com\/es\/wp-json\/wp\/v2\/product\/1963","targetHints":{"allow":["GET"]}}],"collection":[{"href":"https:\/\/ellad2.com\/es\/wp-json\/wp\/v2\/product"}],"about":[{"href":"https:\/\/ellad2.com\/es\/wp-json\/wp\/v2\/types\/product"}],"wp:featuredmedia":[{"embeddable":true,"href":"https:\/\/ellad2.com\/es\/wp-json\/wp\/v2\/media\/1965"}],"wp:attachment":[{"href":"https:\/\/ellad2.com\/es\/wp-json\/wp\/v2\/media?parent=1963"}],"wp:term":[{"taxonomy":"product_brand","embeddable":true,"href":"https:\/\/ellad2.com\/es\/wp-json\/wp\/v2\/product_brand?post=1963"},{"taxonomy":"product_cat","embeddable":true,"href":"https:\/\/ellad2.com\/es\/wp-json\/wp\/v2\/product_cat?post=1963"},{"taxonomy":"product_tag","embeddable":true,"href":"https:\/\/ellad2.com\/es\/wp-json\/wp\/v2\/product_tag?post=1963"}],"curies":[{"name":"wp","href":"https:\/\/api.w.org\/{rel}","templated":true}]}}