{"id":1931,"date":"2016-05-01T20:56:40","date_gmt":"2016-05-01T19:56:40","guid":{"rendered":"https:\/\/ellad2.com\/es\/?post_type=product&#038;p=1931"},"modified":"2018-07-12T04:17:05","modified_gmt":"2018-07-12T03:17:05","slug":"tutorial-bordado-tazon","status":"publish","type":"product","link":"https:\/\/ellad2.com\/es\/tienda\/tutorial-bordado-tazon\/","title":{"rendered":"Tutorial Bordado Taz\u00f3n"},"content":{"rendered":"<p>Este hermoso bordado taz\u00f3n esta hecho con cuentas <em><strong>Delica Miyuki tama\u00f1o 10\/0. <\/strong><\/em>\u00a0En este caso fueron m\u00e1s c\u00f3modas para trabajar.<\/p>\n<p>Puede utilizar el taz\u00f3n como decoraci\u00f3n o como lugar para poner tus cosillas\u2026<\/p>\n<p>Tama\u00f1o del taz\u00f3n:\u00a05.9 cm\/2.32\u2033 de ancho y\u00a04.2 cm\/1.65\u2033 de alto.<\/p>\n<p>T\u00e9cnica de bordado: \u00a0Puntada Peyote.<br \/>\nNivel del Proyecto: Intermedio. Debe estar familiarizada con la puntada <strong>Peyote.\u00a0<\/strong><\/p>\nngg_shortcode_0_placeholder\n<p>El Tutorial para el taz\u00f3n bordado en puntada Peyote es muy detallado (39 p\u00e1ginas), f\u00e1cil de seguir, paso a paso, con instrucciones claras y con fotos a color de cada paso.<\/p>\n<p>Lista de Material:<\/p>\n<ul>\n<li>Delicas Miyuki 10\/0 (4 colores)<\/li>\n<li>Cuentas Seed Miyuki 15\/0<\/li>\n<li>Perlas Czech 2mm y 3mm<\/li>\n<li>Fireline 6lb o hilo K.O. (us\u00e9 hilo K.O. en color blanco).<\/li>\n<li>Aguja para enfilar # 12 o aguja Tulip # 11.<\/li>\n<\/ul>\n<p>La Tutor\u00eda para el Taz\u00f3n bordado es un archivo PDF.<\/p>\n<p><strong><em>Instrucciones para la descarga:<\/em><\/strong><\/p>\n<p>Despu\u00e9s de que haya realizado el pago ser\u00e1 redirigida a ellad2.com en donde encontrar\u00e1 el enlace para la descarga de su tutor\u00eda. Haga clic en \u2018download\u2019 y empezar\u00e1 la descarga. Salve el documento en su computadora.<\/p>\n<p>Tambi\u00e9n recibir\u00e1 un correo electr\u00f3nico con la confirmaci\u00f3n del pedido con el enlace\/s para su descarga. Haga clic en el enlace\/s y empezar\u00e1 la descarga. Salve el documento en su computadora. Por favor, revise su carpeta de correo no deseado\/chatarra.\u00a0 Si tiene problema para la descarga tambi\u00e9n puede ver aqu\u00ed el <a href=\"http:\/\/ellad2.com\/problems-download\/\"><em>estado del pedido<\/em><\/a><em>. <\/em><\/p>\n<p>Es bienvenida a vender cualquier art\u00edculo que haga de mis modelos en abalorios que me ha comprado. Vea aqu\u00ed mis\u00a0 <a href=\"http:\/\/ellad2.com\/es\/terminos-y-condiciones-ellad2\/\">T\u00e9rminos y Condiciones<\/a><\/p>\n<p>Derechos de Autor\u00a9Ellad2<\/p>\n","protected":false},"excerpt":{"rendered":"<p>Este hermoso bordado taz\u00f3n esta hecho con cuentas Delica Miyuki tama\u00f1o 10\/0. \u00a0En este caso fueron m\u00e1s c\u00f3modas para trabajar. Puede utilizar el taz\u00f3n como decoraci\u00f3n o como lugar para poner tus cosillas\u2026 Tama\u00f1o del taz\u00f3n:\u00a05.9 cm\/2.32\u2033 de ancho y\u00a04.2 cm\/1.65\u2033 de alto. T\u00e9cnica de bordado: \u00a0Puntada Peyote. Nivel del Proyecto: Intermedio. Debe estar familiarizada&hellip;&nbsp;<a href=\"https:\/\/ellad2.com\/es\/tienda\/tutorial-bordado-tazon\/\" rel=\"bookmark\">Read More &raquo;<span class=\"screen-reader-text\">Tutorial Bordado Taz\u00f3n<\/span><\/a><\/p>\n","protected":false},"featured_media":1933,"template":"","meta":{"neve_meta_sidebar":"","neve_meta_container":"","neve_meta_enable_content_width":"","neve_meta_content_width":0,"neve_meta_title_alignment":"","neve_meta_author_avatar":"","neve_post_elements_order":"","neve_meta_disable_header":"","neve_meta_disable_footer":"","neve_meta_disable_title":"","neve_meta_reading_time":"","ngg_post_thumbnail":0},"product_brand":[],"product_cat":[333],"product_tag":[119,125,121,123],"class_list":{"0":"post-1931","1":"product","2":"type-product","3":"status-publish","4":"has-post-thumbnail","6":"product_cat-diverso","7":"product_tag-moldeado-cajas","8":"product_tag-puntada-peyote","9":"product_tag-vasos-de-cuentas","10":"product_tag-vasos-de-perlas-tejidas","12":"first","13":"instock","14":"downloadable","15":"virtual","16":"purchasable","17":"product-type-simple"},"_links":{"self":[{"href":"https:\/\/ellad2.com\/es\/wp-json\/wp\/v2\/product\/1931","targetHints":{"allow":["GET"]}}],"collection":[{"href":"https:\/\/ellad2.com\/es\/wp-json\/wp\/v2\/product"}],"about":[{"href":"https:\/\/ellad2.com\/es\/wp-json\/wp\/v2\/types\/product"}],"wp:featuredmedia":[{"embeddable":true,"href":"https:\/\/ellad2.com\/es\/wp-json\/wp\/v2\/media\/1933"}],"wp:attachment":[{"href":"https:\/\/ellad2.com\/es\/wp-json\/wp\/v2\/media?parent=1931"}],"wp:term":[{"taxonomy":"product_brand","embeddable":true,"href":"https:\/\/ellad2.com\/es\/wp-json\/wp\/v2\/product_brand?post=1931"},{"taxonomy":"product_cat","embeddable":true,"href":"https:\/\/ellad2.com\/es\/wp-json\/wp\/v2\/product_cat?post=1931"},{"taxonomy":"product_tag","embeddable":true,"href":"https:\/\/ellad2.com\/es\/wp-json\/wp\/v2\/product_tag?post=1931"}],"curies":[{"name":"wp","href":"https:\/\/api.w.org\/{rel}","templated":true}]}}