{"id":1905,"date":"2016-04-25T22:37:21","date_gmt":"2016-04-25T21:37:21","guid":{"rendered":"https:\/\/ellad2.com\/es\/?post_type=product&#038;p=1905"},"modified":"2018-07-12T04:17:04","modified_gmt":"2018-07-12T03:17:04","slug":"tutorial-colgante-flor-aviana","status":"publish","type":"product","link":"https:\/\/ellad2.com\/es\/tienda\/tutorial-colgante-flor-aviana\/","title":{"rendered":"Tutorial Colgante Flor Aviana"},"content":{"rendered":"<p>Haga este hermoso Colgante Flor Aviana cosido en Peyote. Puede hacer su propio modelo, a\u00f1adiendo diferentes colores\u2026Tambi\u00e9n puede hacer un maravilloso broche.<\/p>\n<p>T\u00e9cnica: \u00a0Puntada Peyote.<\/p>\n<p>Nivel del Proyecto: Intermedio\/avanzado. Debe estar familiarizada con la <strong>Puntada<\/strong> <strong>Peyote.<\/strong><\/p>\nngg_shortcode_0_placeholder\n<p>El Tutorial para el Colgante Flor Aviana es muy detallado, f\u00e1cil de seguir con instrucciones claras; paso a paso y con fotograf\u00edas a color de cada paso.<\/p>\n<p>Di\u00e1metro del colgante: 7.8 cm.<\/p>\n<p>Lista de Material:<\/p>\n<ul>\n<li>Cuentas Delica Miyuki 11\/0 (3 colores).<\/li>\n<li>Cuentas Seed Miyuki 11\/0<\/li>\n<li>Cuentas Toho o Seed Miyuki 15\/0<\/li>\n<li>Perla\/cuenta redonda 8mm<\/li>\n<li>Argolla y tirilla para el colgante<\/li>\n<li>Hilo para abalorios \u2013 Hice este pendiente usando K.O. Blanco<\/li>\n<li>Aguja para enfilar # 12 o aguja Tulip # 11<\/li>\n<\/ul>\n<p>La Tutoria para el Colgante Flor Aviana es un archivo PDF.<\/p>\n<p><strong><em>Instrucciones para la descarga:<\/em><\/strong><\/p>\n<p>Despu\u00e9s de que haya realizado el pago ser\u00e1 redirigida a ellad2.com en donde encontrar\u00e1 el enlace para la descarga de su tutor\u00eda. Haga clic en \u2018download\u2019 y empezar\u00e1 la descarga. Salve el documento en su computadora.<\/p>\n<p>Tambi\u00e9n recibir\u00e1 un correo electr\u00f3nico con la confirmaci\u00f3n del pedido con el enlace\/s para su descarga. Haga clic en el enlace\/s y empezar\u00e1 la descarga. Salve el documento en su computadora. Por favor, revise su carpeta de correo no deseado\/chatarra.\u00a0 Si tiene problema para la descarga tambi\u00e9n puede checar aqu\u00ed el <a href=\"http:\/\/ellad2.com\/problems-download\/\">estado del pedido<\/a> .<\/p>\n<p>Es bienvenida a vender cualquier art\u00edculo que haga de mis modelos en abalorios que me ha comprado. Vea aqu\u00ed mis\u00a0 <a href=\"http:\/\/ellad2.com\/es\/terminos-y-condiciones-ellad2\/\">T\u00e9rminos y Condiciones<\/a><\/p>\n<p>Derechos de Autor\u00a9Ellad2<\/p>\n","protected":false},"excerpt":{"rendered":"<p>Haga este hermoso Colgante Flor Aviana cosido en Peyote. Puede hacer su propio modelo, a\u00f1adiendo diferentes colores\u2026Tambi\u00e9n puede hacer un maravilloso broche. T\u00e9cnica: \u00a0Puntada Peyote. Nivel del Proyecto: Intermedio\/avanzado. Debe estar familiarizada con la Puntada Peyote. El Tutorial para el Colgante Flor Aviana es muy detallado, f\u00e1cil de seguir con instrucciones claras; paso a paso&hellip;&nbsp;<a href=\"https:\/\/ellad2.com\/es\/tienda\/tutorial-colgante-flor-aviana\/\" rel=\"bookmark\">Read More &raquo;<span class=\"screen-reader-text\">Tutorial Colgante Flor Aviana<\/span><\/a><\/p>\n","protected":false},"featured_media":1907,"template":"","meta":{"neve_meta_sidebar":"","neve_meta_container":"","neve_meta_enable_content_width":"","neve_meta_content_width":0,"neve_meta_title_alignment":"","neve_meta_author_avatar":"","neve_post_elements_order":"","neve_meta_disable_header":"","neve_meta_disable_footer":"","neve_meta_disable_title":"","neve_meta_reading_time":"","ngg_post_thumbnail":0},"product_brand":[],"product_cat":[327],"product_tag":[],"class_list":{"0":"post-1905","1":"product","2":"type-product","3":"status-publish","4":"has-post-thumbnail","6":"product_cat-colgantes","8":"first","9":"instock","10":"downloadable","11":"virtual","12":"purchasable","13":"product-type-simple"},"_links":{"self":[{"href":"https:\/\/ellad2.com\/es\/wp-json\/wp\/v2\/product\/1905","targetHints":{"allow":["GET"]}}],"collection":[{"href":"https:\/\/ellad2.com\/es\/wp-json\/wp\/v2\/product"}],"about":[{"href":"https:\/\/ellad2.com\/es\/wp-json\/wp\/v2\/types\/product"}],"wp:featuredmedia":[{"embeddable":true,"href":"https:\/\/ellad2.com\/es\/wp-json\/wp\/v2\/media\/1907"}],"wp:attachment":[{"href":"https:\/\/ellad2.com\/es\/wp-json\/wp\/v2\/media?parent=1905"}],"wp:term":[{"taxonomy":"product_brand","embeddable":true,"href":"https:\/\/ellad2.com\/es\/wp-json\/wp\/v2\/product_brand?post=1905"},{"taxonomy":"product_cat","embeddable":true,"href":"https:\/\/ellad2.com\/es\/wp-json\/wp\/v2\/product_cat?post=1905"},{"taxonomy":"product_tag","embeddable":true,"href":"https:\/\/ellad2.com\/es\/wp-json\/wp\/v2\/product_tag?post=1905"}],"curies":[{"name":"wp","href":"https:\/\/api.w.org\/{rel}","templated":true}]}}