{"id":1855,"date":"2016-03-28T19:57:30","date_gmt":"2016-03-28T18:57:30","guid":{"rendered":"https:\/\/ellad2.com\/es\/?post_type=product&#038;p=1855"},"modified":"2018-07-12T04:17:02","modified_gmt":"2018-07-12T03:17:02","slug":"tutorial-colgante-flor-clematis","status":"publish","type":"product","link":"https:\/\/ellad2.com\/es\/tienda\/tutorial-colgante-flor-clematis\/","title":{"rendered":"Tutorial Colgante Flor Clematis"},"content":{"rendered":"<p>Haga su propio Colgante Flor Clematis. Puede hacer su propio patr\u00f3n a\u00f1adiendo diferentes colores\u2026<\/p>\n<p>T\u00e9cnica de bordado: Puntada Peyote y un poquito de puntada <em>Brick<\/em>.<\/p>\n<p>Nivel del Proyecto: Intermedio\/avanzado. Deber\u00e1 estar familiarizada con la puntada <strong>Peyote <\/strong>y la puntada\u00a0<strong>Brick.<\/strong><\/p>\nngg_shortcode_0_placeholder\n<p>El Tutorial para el Colgante Flor Clematis es muy detallado, f\u00e1cil de seguir, con instrucciones claras; paso a paso y con fotograf\u00edas de cada paso.<\/p>\n<p>Di\u00e1metro del colgante es: 7.5cm.<\/p>\n<p>Lista de Material:<\/p>\n<ul>\n<li>Cuentas Delica Miyuki 11\/0 (2 colores)<\/li>\n<li>Rivoli Swarovski 14mm<\/li>\n<li>Bicones Swarovski 4mm<\/li>\n<li>Argolla<\/li>\n<li>Tirilla para el colgante<\/li>\n<li>Fireline 6lb<\/li>\n<li>Aguja para enfilar # 12 o aguja Tulip # 11<\/li>\n<\/ul>\n<p>La Tutor\u00eda para el Colgante Flor Clematis es un archivo PDF.<\/p>\n<p><strong><em>Instrucciones para la descarga:<\/em><\/strong><\/p>\n<p>Despu\u00e9s de que haya realizado el pago ser\u00e1 redirigida a ellad2.com en donde encontrar\u00e1 el enlace para la descarga de su tutor\u00eda. Haga clic en \u2018download\u2019 y empezar\u00e1 la descarga. Salve el documento en su computadora.<\/p>\n<p>Tambi\u00e9n recibir\u00e1 un correo electr\u00f3nico con la confirmaci\u00f3n del pedido con el enlace\/s para su descarga. Haga clic en el enlace\/s y empezar\u00e1 la descarga. Salve el documento en su computadora. Por favor, revise su carpeta de correo no deseado\/chatarra.\u00a0 Si tiene problema para la descarga tambi\u00e9n puede checar aqu\u00ed el <a href=\"http:\/\/ellad2.com\/problems-download\/\"><em>estado del pedido<\/em><\/a>.<\/p>\n<p>Es bienvenida a vender cualquier art\u00edculo que haga de mis modelos en abalorios que me ha comprado. Vea aqu\u00ed mis\u00a0 <a href=\"http:\/\/ellad2.com\/es\/terminos-y-condiciones-ellad2\/\"><em>T\u00e9rminos y Condiciones<\/em><\/a><\/p>\n<p>Copyright\u00a9Ellad2<\/p>\n","protected":false},"excerpt":{"rendered":"<p>Haga su propio Colgante Flor Clematis. Puede hacer su propio patr\u00f3n a\u00f1adiendo diferentes colores\u2026 T\u00e9cnica de bordado: Puntada Peyote y un poquito de puntada Brick. Nivel del Proyecto: Intermedio\/avanzado. Deber\u00e1 estar familiarizada con la puntada Peyote y la puntada\u00a0Brick. El Tutorial para el Colgante Flor Clematis es muy detallado, f\u00e1cil de seguir, con instrucciones claras;&hellip;&nbsp;<a href=\"https:\/\/ellad2.com\/es\/tienda\/tutorial-colgante-flor-clematis\/\" rel=\"bookmark\">Read More &raquo;<span class=\"screen-reader-text\">Tutorial Colgante Flor Clematis<\/span><\/a><\/p>\n","protected":false},"featured_media":1857,"template":"","meta":{"neve_meta_sidebar":"","neve_meta_container":"","neve_meta_enable_content_width":"","neve_meta_content_width":0,"neve_meta_title_alignment":"","neve_meta_author_avatar":"","neve_post_elements_order":"","neve_meta_disable_header":"","neve_meta_disable_footer":"","neve_meta_disable_title":"","neve_meta_reading_time":"","ngg_post_thumbnail":0},"product_brand":[],"product_cat":[327],"product_tag":[],"class_list":{"0":"post-1855","1":"product","2":"type-product","3":"status-publish","4":"has-post-thumbnail","6":"product_cat-colgantes","8":"first","9":"instock","10":"downloadable","11":"virtual","12":"purchasable","13":"product-type-simple"},"_links":{"self":[{"href":"https:\/\/ellad2.com\/es\/wp-json\/wp\/v2\/product\/1855","targetHints":{"allow":["GET"]}}],"collection":[{"href":"https:\/\/ellad2.com\/es\/wp-json\/wp\/v2\/product"}],"about":[{"href":"https:\/\/ellad2.com\/es\/wp-json\/wp\/v2\/types\/product"}],"wp:featuredmedia":[{"embeddable":true,"href":"https:\/\/ellad2.com\/es\/wp-json\/wp\/v2\/media\/1857"}],"wp:attachment":[{"href":"https:\/\/ellad2.com\/es\/wp-json\/wp\/v2\/media?parent=1855"}],"wp:term":[{"taxonomy":"product_brand","embeddable":true,"href":"https:\/\/ellad2.com\/es\/wp-json\/wp\/v2\/product_brand?post=1855"},{"taxonomy":"product_cat","embeddable":true,"href":"https:\/\/ellad2.com\/es\/wp-json\/wp\/v2\/product_cat?post=1855"},{"taxonomy":"product_tag","embeddable":true,"href":"https:\/\/ellad2.com\/es\/wp-json\/wp\/v2\/product_tag?post=1855"}],"curies":[{"name":"wp","href":"https:\/\/api.w.org\/{rel}","templated":true}]}}