{"id":1831,"date":"2016-03-24T19:34:37","date_gmt":"2016-03-24T18:34:37","guid":{"rendered":"https:\/\/ellad2.com\/es\/?post_type=product&#038;p=1831"},"modified":"2018-07-12T04:17:01","modified_gmt":"2018-07-12T03:17:01","slug":"tutorial-hug-kiss-brazalete-2","status":"publish","type":"product","link":"https:\/\/ellad2.com\/es\/tienda\/tutorial-hug-kiss-brazalete-2\/","title":{"rendered":"Tutorial Hug Me Kiss Me Brazalete"},"content":{"rendered":"<p>Este hermoso brazalete \u201cHug Me Kiss Me\u201d esta hecho con nuevas cuentas Checas <em>Infinity<\/em>\u00a0<em>2-agujeros y con cuentas Seed Miyuki.<\/em><\/p>\n<p>Nivel del Proyecto: Intermedio.<\/p>\n<p>La Tutor\u00eda para el brazalete \u201cHug Me Kiss Me\u201d es muy detallada, f\u00e1cil de seguir, paso a paso, con instrucciones claras y con fotograf\u00edas a color de cada paso.<\/p>\nngg_shortcode_0_placeholder\n<p>Lista de Material:<\/p>\n<ul>\n<li>Cuentas Seed Miyuki 15\/0, 11\/0, 8\/0<\/li>\n<li>Cuentas Infinity 2-agujeros (En los Estados Unidos puede encontrarlas por ejemplo en:\u00a0<a href=\"http:\/\/www.potomacbeads.com\">Potomac Cuentas<\/a> y en <a href=\"http:\/\/www.beadaholique.com\">Beadaholique<\/a> y en algunas tiendas\u00a0<a href=\"https:\/\/www.etsy.com\">Etsy<\/a>. En Europa puede encontrarlas en\u00a0<a href=\"http:\/\/www.perlesandco.co.uk\">Perlesandco<\/a>).<\/li>\n<li>Perlas 4mm<\/li>\n<li>Broche<\/li>\n<li>FireLine 6lb<\/li>\n<li>Aguja para enfilar # 12 o aguja Tulip<\/li>\n<\/ul>\n<p>La Tutor\u00eda \u00a0es un archivo PDF.<\/p>\n<p><strong><em>Instrucciones para la descarga:<\/em><\/strong><\/p>\n<p>Despu\u00e9s de que haya realizado el pago ser\u00e1 redirigida a ellad2.com en donde encontrar\u00e1 el enlace para la descarga de su tutor\u00eda. Haga clic en \u2018download\u2019 y empezar\u00e1 la descarga. Salve el documento en su computadora.<\/p>\n<p>Tambi\u00e9n recibir\u00e1 un correo electr\u00f3nico con la confirmaci\u00f3n del pedido con el enlace\/s para su descarga. Haga clic en el enlace\/s y empezar\u00e1 la descarga. Salve el documento en su computadora. Por favor, revise su carpeta de correo no deseado\/chatarra.\u00a0 Si tiene problema para la descarga tambi\u00e9n puede checar aqu\u00ed el <a href=\"http:\/\/ellad2.com\/problems-download\/\"><em>estado del pedido<\/em><\/a><\/p>\n<p>Es bienvenida a vender cualquier art\u00edculo que haga de mis modelos en abalorios que me ha comprado. Vea aqu\u00ed mis \u00a0<a href=\"http:\/\/ellad2.com\/es\/terminos-y-condiciones-ellad2\/\"><em>T\u00e9rminos y Condiciones<\/em><\/a><br \/>\nDerechos de Autor\u00a9Ellad2<\/p>\n","protected":false},"excerpt":{"rendered":"<p>Este hermoso brazalete \u201cHug Me Kiss Me\u201d esta hecho con nuevas cuentas Checas Infinity\u00a02-agujeros y con cuentas Seed Miyuki. Nivel del Proyecto: Intermedio. La Tutor\u00eda para el brazalete \u201cHug Me Kiss Me\u201d es muy detallada, f\u00e1cil de seguir, paso a paso, con instrucciones claras y con fotograf\u00edas a color de cada paso. Lista de Material:&hellip;&nbsp;<a href=\"https:\/\/ellad2.com\/es\/tienda\/tutorial-hug-kiss-brazalete-2\/\" rel=\"bookmark\">Read More &raquo;<span class=\"screen-reader-text\">Tutorial Hug Me Kiss Me Brazalete<\/span><\/a><\/p>\n","protected":false},"featured_media":1833,"template":"","meta":{"neve_meta_sidebar":"","neve_meta_container":"","neve_meta_enable_content_width":"","neve_meta_content_width":0,"neve_meta_title_alignment":"","neve_meta_author_avatar":"","neve_post_elements_order":"","neve_meta_disable_header":"","neve_meta_disable_footer":"","neve_meta_disable_title":"","neve_meta_reading_time":"","ngg_post_thumbnail":0},"product_brand":[],"product_cat":[325],"product_tag":[],"class_list":{"0":"post-1831","1":"product","2":"type-product","3":"status-publish","4":"has-post-thumbnail","6":"product_cat-brazaletes","8":"first","9":"instock","10":"downloadable","11":"virtual","12":"purchasable","13":"product-type-simple"},"_links":{"self":[{"href":"https:\/\/ellad2.com\/es\/wp-json\/wp\/v2\/product\/1831","targetHints":{"allow":["GET"]}}],"collection":[{"href":"https:\/\/ellad2.com\/es\/wp-json\/wp\/v2\/product"}],"about":[{"href":"https:\/\/ellad2.com\/es\/wp-json\/wp\/v2\/types\/product"}],"wp:featuredmedia":[{"embeddable":true,"href":"https:\/\/ellad2.com\/es\/wp-json\/wp\/v2\/media\/1833"}],"wp:attachment":[{"href":"https:\/\/ellad2.com\/es\/wp-json\/wp\/v2\/media?parent=1831"}],"wp:term":[{"taxonomy":"product_brand","embeddable":true,"href":"https:\/\/ellad2.com\/es\/wp-json\/wp\/v2\/product_brand?post=1831"},{"taxonomy":"product_cat","embeddable":true,"href":"https:\/\/ellad2.com\/es\/wp-json\/wp\/v2\/product_cat?post=1831"},{"taxonomy":"product_tag","embeddable":true,"href":"https:\/\/ellad2.com\/es\/wp-json\/wp\/v2\/product_tag?post=1831"}],"curies":[{"name":"wp","href":"https:\/\/api.w.org\/{rel}","templated":true}]}}