{"id":1749,"date":"2016-03-03T19:46:17","date_gmt":"2016-03-03T18:46:17","guid":{"rendered":"https:\/\/ellad2.com\/es\/?post_type=product&#038;p=1749"},"modified":"2018-07-12T04:16:59","modified_gmt":"2018-07-12T03:16:59","slug":"tutorial-anillo-occoro","status":"publish","type":"product","link":"https:\/\/ellad2.com\/es\/tienda\/tutorial-anillo-occoro\/","title":{"rendered":"Tutorial Anillo Occoro"},"content":{"rendered":"<p>Hermoso Anillo Occoro con cabuj\u00f3n Lunasoft ovalado.<\/p>\n<p>Proyecto f\u00e1cil y r\u00e1pido de hacer.<\/p>\n<p>Adecuado para principiantes si est\u00e1n familiarizados con la puntada Peyote y puntada RAW (tejido en \u00e1ngulo recto).<\/p>\n<p>La Tutor\u00eda para el anillo Occoro es muy detallado, f\u00e1cil de seguir, con instrucciones claras; paso a paso, y con fotograf\u00edas de cada paso.<\/p>\nngg_shortcode_0_placeholder\n<p>Lista de Material:<\/p>\n<ul>\n<li>Cuentas Seed Miyuki 11\/0, 15\/0, 8\/0<\/li>\n<li>Cuentas Delica Miyuki 11\/0<\/li>\n<li>Cabuj\u00f3n Ovalado Lunasoft 18x13mm<\/li>\n<li>Anillo ajustable con almohadilla de 10mm<\/li>\n<li>Pegamento E6000<\/li>\n<li>Fireline 6lb<\/li>\n<li>Aguja para afilar # 12 o aguja Tulip # 11<\/li>\n<\/ul>\n<p>La Tutor\u00eda para el anillo Occoro es un archivo PDF.<\/p>\n<p><strong><em>Instrucciones para la descarga:<\/em><\/strong><\/p>\n<p>Despu\u00e9s de que haya realizado el pago ser\u00e1 redirigida a ellad2.com en donde encontrar\u00e1 el enlace para la descarga de su tutor\u00eda. Haga clic en \u2018download\u2019 y empezar\u00e1 la descarga. Salve el documento en su computadora.<\/p>\n<p>Tambi\u00e9n recibir\u00e1 un correo electr\u00f3nico con la confirmaci\u00f3n del pedido con el enlace\/s para su descarga. Haga clic en el enlace\/s y empezar\u00e1 la descarga. Salve el documento en su computadora. Por favor, revise su carpeta de correo no deseado\/chatarra.\u00a0 Si tiene problema para la descarga tambi\u00e9n puede checar aqu\u00ed el <a href=\"https:\/\/ellad2.com\/problems-download\/\"><em>estado del pedido<\/em><\/a> . Es bienvenida a vender cualquier art\u00edculo que haga de mis modelos en abalorios que me ha comprado. Vea aqu\u00ed mis \u00a0<a href=\"https:\/\/ellad2.com\/es\/terminos-y-condiciones-ellad2\/\"><em>T\u00e9rminos y Condiciones<\/em><\/a><\/p>\n<p>&nbsp;<\/p>\n","protected":false},"excerpt":{"rendered":"<p>Hermoso Anillo Occoro con cabuj\u00f3n Lunasoft ovalado. Proyecto f\u00e1cil y r\u00e1pido de hacer. Adecuado para principiantes si est\u00e1n familiarizados con la puntada Peyote y puntada RAW (tejido en \u00e1ngulo recto). La Tutor\u00eda para el anillo Occoro es muy detallado, f\u00e1cil de seguir, con instrucciones claras; paso a paso, y con fotograf\u00edas de cada paso. Lista&hellip;&nbsp;<a href=\"https:\/\/ellad2.com\/es\/tienda\/tutorial-anillo-occoro\/\" rel=\"bookmark\">Read More &raquo;<span class=\"screen-reader-text\">Tutorial Anillo Occoro<\/span><\/a><\/p>\n","protected":false},"featured_media":1751,"template":"","meta":{"neve_meta_sidebar":"","neve_meta_container":"","neve_meta_enable_content_width":"","neve_meta_content_width":0,"neve_meta_title_alignment":"","neve_meta_author_avatar":"","neve_post_elements_order":"","neve_meta_disable_header":"","neve_meta_disable_footer":"","neve_meta_disable_title":"","neve_meta_reading_time":"","ngg_post_thumbnail":0},"product_brand":[],"product_cat":[323],"product_tag":[],"class_list":{"0":"post-1749","1":"product","2":"type-product","3":"status-publish","4":"has-post-thumbnail","6":"product_cat-anillos","8":"first","9":"instock","10":"downloadable","11":"virtual","12":"purchasable","13":"product-type-simple"},"_links":{"self":[{"href":"https:\/\/ellad2.com\/es\/wp-json\/wp\/v2\/product\/1749","targetHints":{"allow":["GET"]}}],"collection":[{"href":"https:\/\/ellad2.com\/es\/wp-json\/wp\/v2\/product"}],"about":[{"href":"https:\/\/ellad2.com\/es\/wp-json\/wp\/v2\/types\/product"}],"wp:featuredmedia":[{"embeddable":true,"href":"https:\/\/ellad2.com\/es\/wp-json\/wp\/v2\/media\/1751"}],"wp:attachment":[{"href":"https:\/\/ellad2.com\/es\/wp-json\/wp\/v2\/media?parent=1749"}],"wp:term":[{"taxonomy":"product_brand","embeddable":true,"href":"https:\/\/ellad2.com\/es\/wp-json\/wp\/v2\/product_brand?post=1749"},{"taxonomy":"product_cat","embeddable":true,"href":"https:\/\/ellad2.com\/es\/wp-json\/wp\/v2\/product_cat?post=1749"},{"taxonomy":"product_tag","embeddable":true,"href":"https:\/\/ellad2.com\/es\/wp-json\/wp\/v2\/product_tag?post=1749"}],"curies":[{"name":"wp","href":"https:\/\/api.w.org\/{rel}","templated":true}]}}