{"id":1703,"date":"2016-02-05T15:42:43","date_gmt":"2016-02-05T14:42:43","guid":{"rendered":"https:\/\/ellad2.com\/es\/?post_type=product&#038;p=1703"},"modified":"2018-07-12T04:16:57","modified_gmt":"2018-07-12T03:16:57","slug":"tutorial-aretes-tara","status":"publish","type":"product","link":"https:\/\/ellad2.com\/es\/tienda\/tutorial-aretes-tara\/","title":{"rendered":"Tutorial Aretes Tara"},"content":{"rendered":"<p>Haga sus propios Aretes Tara usando cuentas Checas Media Luna y Cabujones con 2 orificios.<\/p>\n<p>Proyecto de abalorios f\u00e1cil y r\u00e1pido.<\/p>\n<p>Nivel del Proyecto: Principiantes\/Intermedios<\/p>\n<p>La Tutor\u00eda para los aretes Tara es muy detallado, f\u00e1cil de seguir, con instrucciones claras; paso a paso, y con fotograf\u00edas de cada paso.<\/p>\nngg_shortcode_0_placeholder\n<p>Lista de Material:<\/p>\n<p>Cuentas Seed #: \u00a015\/0, 11\/0, 8\/0<\/p>\n<p>Cuentas Checas Media Luna<\/p>\n<p>Cabuj\u00f3n con 2-orificios, Checas 6mm<\/p>\n<p>Ganchos para aretes<\/p>\n<p>Fireline 6lb<\/p>\n<p>Aguja para enfilar # 12 o aguja Tulip # 11<\/p>\n<p>La Tutor\u00eda para los aretes Tara es un archivo PDF.<\/p>\n<p><strong><em>Instrucciones para la descarga:<\/em><\/strong><\/p>\n<p>Despu\u00e9s de que haya realizado el pago ser\u00e1 redirigida a ellad2.com en donde encontrar\u00e1 el enlace para la descarga de su tutor\u00eda. Haga clic en \u2018download\u2019 y empezar\u00e1 la descarga. Salve el documento en su computadora.<\/p>\n<p>Tambi\u00e9n recibir\u00e1 un correo electr\u00f3nico con la confirmaci\u00f3n del pedido con el enlace\/s para su descarga. Haga clic en el enlace\/s y empezar\u00e1 la descarga. Salve el documento en su computadora. Por favor, revise su carpeta de correo no deseado\/chatarra.\u00a0 Si tiene problema para la descarga tambi\u00e9n puede checar aqu\u00ed el <a href=\"https:\/\/ellad2.com\/problems-download\/\"><em>estado del pedido<\/em><\/a><\/p>\n<p>Es bienvenida a vender cualquier art\u00edculo que haga de mis modelos en abalorios que me ha comprado. Vea aqu\u00ed mis \u00a0<a href=\"https:\/\/ellad2.com\/es\/terminos-y-condiciones-ellad2\/\"><em>T\u00e9rminos y Condiciones<\/em><\/a><br \/>\nDerechos de Autor\u00a9Ellad2<\/p>\n","protected":false},"excerpt":{"rendered":"<p>Haga sus propios Aretes Tara usando cuentas Checas Media Luna y Cabujones con 2 orificios. Proyecto de abalorios f\u00e1cil y r\u00e1pido. Nivel del Proyecto: Principiantes\/Intermedios La Tutor\u00eda para los aretes Tara es muy detallado, f\u00e1cil de seguir, con instrucciones claras; paso a paso, y con fotograf\u00edas de cada paso. Lista de Material: Cuentas Seed #:&hellip;&nbsp;<a href=\"https:\/\/ellad2.com\/es\/tienda\/tutorial-aretes-tara\/\" rel=\"bookmark\">Read More &raquo;<span class=\"screen-reader-text\">Tutorial Aretes Tara<\/span><\/a><\/p>\n","protected":false},"featured_media":1705,"template":"","meta":{"neve_meta_sidebar":"","neve_meta_container":"","neve_meta_enable_content_width":"","neve_meta_content_width":0,"neve_meta_title_alignment":"","neve_meta_author_avatar":"","neve_post_elements_order":"","neve_meta_disable_header":"","neve_meta_disable_footer":"","neve_meta_disable_title":"","neve_meta_reading_time":"","ngg_post_thumbnail":0},"product_brand":[],"product_cat":[321],"product_tag":[],"class_list":{"0":"post-1703","1":"product","2":"type-product","3":"status-publish","4":"has-post-thumbnail","6":"product_cat-aretes","8":"first","9":"instock","10":"downloadable","11":"virtual","12":"purchasable","13":"product-type-simple"},"_links":{"self":[{"href":"https:\/\/ellad2.com\/es\/wp-json\/wp\/v2\/product\/1703","targetHints":{"allow":["GET"]}}],"collection":[{"href":"https:\/\/ellad2.com\/es\/wp-json\/wp\/v2\/product"}],"about":[{"href":"https:\/\/ellad2.com\/es\/wp-json\/wp\/v2\/types\/product"}],"wp:featuredmedia":[{"embeddable":true,"href":"https:\/\/ellad2.com\/es\/wp-json\/wp\/v2\/media\/1705"}],"wp:attachment":[{"href":"https:\/\/ellad2.com\/es\/wp-json\/wp\/v2\/media?parent=1703"}],"wp:term":[{"taxonomy":"product_brand","embeddable":true,"href":"https:\/\/ellad2.com\/es\/wp-json\/wp\/v2\/product_brand?post=1703"},{"taxonomy":"product_cat","embeddable":true,"href":"https:\/\/ellad2.com\/es\/wp-json\/wp\/v2\/product_cat?post=1703"},{"taxonomy":"product_tag","embeddable":true,"href":"https:\/\/ellad2.com\/es\/wp-json\/wp\/v2\/product_tag?post=1703"}],"curies":[{"name":"wp","href":"https:\/\/api.w.org\/{rel}","templated":true}]}}