{"id":161,"date":"2013-03-31T22:22:19","date_gmt":"2013-03-31T21:22:19","guid":{"rendered":"https:\/\/ellad2.com\/es\/?post_type=product&#038;p=161"},"modified":"2018-07-12T04:15:16","modified_gmt":"2018-07-12T03:15:16","slug":"tutorial-de-abalorios-brazalete-annelies","status":"publish","type":"product","link":"https:\/\/ellad2.com\/es\/tienda\/tutorial-de-abalorios-brazalete-annelies\/","title":{"rendered":"Tutorial Brazalete Annelies"},"content":{"rendered":"<p><strong>Brazalete Annelies<\/strong><\/p>\n<p>Otro proyecto m\u00e1s con SuperDuos. Puede usar tambi\u00e9n Twin en vez de SuperDuos, pero quiero dejarles saber que los SuperDuos son m\u00e1s regulares en su forma y tama\u00f1o.<\/p>\n<p>Las instrucciones para el Brazalete Annelies son bien detalladas con fotos de cada paso.<\/p>\n<p>&nbsp;<\/p>\n<p>Material que necesita:<\/p>\n<p><em id=\"__mceDel\"> &#8211; Miyuki rocallas (sb) 15\/0, 11\/0 y de 8\/0<br \/>\n&#8211; SuperDuos (puede conseguir una variedad grande)<br \/>\nen <a title=\"Whimbeads\" href=\"http:\/\/whimbeads.com\/cart.asp?pg=products&amp;grp=1182\" target=\"_blank\" rel=\"noopener\">Whimbeads<\/a>\u00a0(USA), \u00a0<a title=\"Perlesandco\" href=\"http:\/\/www.perlesandco.co.uk\/\" target=\"_blank\" rel=\"noopener\">Perlesandco<\/a>, \u00a0<a title=\"Bricolart\" href=\"http:\/\/www.bricolart.com\/\" target=\"_blank\" rel=\"noopener\">Bricolart<\/a>, <a title=\"Creat [!t}\" href=\"http:\/\/createpottery.nl\/webshop\/categories\/Czech-Beads\/SuperDuo-Beads\/\" target=\"_blank\" rel=\"noopener\">Creat[!t]<\/a>\u00a0(Europa)<br \/>\n&#8211; Swarovski biconos 4mm (Yo generalmente compro los cristales swarovski en \u00a0<a title=\"Firemountaingems\" href=\"http:\/\/www.firemountaingems.com\/\" target=\"_blank\" rel=\"noopener\">Firemountaingems<\/a>(USA) y tambi\u00e9n en\u00a0<a title=\"Perlesandco\" href=\"http:\/\/www.perlesandco.co.uk\/\" target=\"_blank\" rel=\"noopener\">Perlesandco<\/a> y en <a title=\"Bricolart\" href=\"http:\/\/www.bricolart.com\/\" target=\"_blank\" rel=\"noopener\">Bricolart<\/a>\u00a0(Europe)<br \/>\n&#8211; Cerradura<br \/>\n&#8211; FireLine 6lb o Hilo Nymo D<br \/>\n&#8211; Aguja tama\u00f1o 12<\/em><\/p>\n<p>Estar\u00e9 agradecida de que pueda vender este anillo confeccionado de este tutorial. Por favor, lea mis <a title=\"T\u00e9rminos y Condiciones\" href=\"https:\/\/ellad2.com\/es\/terminos-y-condiciones-ellad2\/\" target=\"_blank\" rel=\"noopener\">T\u00e9rminos y Condiciones.<\/a><\/p>\nngg_shortcode_0_placeholder\n<p>&nbsp;<\/p>\n","protected":false},"excerpt":{"rendered":"<p>Brazalete Annelies Otro proyecto m\u00e1s con SuperDuos. Puede usar tambi\u00e9n Twin en vez de SuperDuos, pero quiero dejarles saber que los SuperDuos son m\u00e1s regulares en su forma y tama\u00f1o. Las instrucciones para el Brazalete Annelies son bien detalladas con fotos de cada paso. &nbsp; Material que necesita: &#8211; Miyuki rocallas (sb) 15\/0, 11\/0 y&hellip;&nbsp;<a href=\"https:\/\/ellad2.com\/es\/tienda\/tutorial-de-abalorios-brazalete-annelies\/\" rel=\"bookmark\">Read More &raquo;<span class=\"screen-reader-text\">Tutorial Brazalete Annelies<\/span><\/a><\/p>\n","protected":false},"featured_media":162,"template":"","meta":{"neve_meta_sidebar":"","neve_meta_container":"","neve_meta_enable_content_width":"","neve_meta_content_width":0,"neve_meta_title_alignment":"","neve_meta_author_avatar":"","neve_post_elements_order":"","neve_meta_disable_header":"","neve_meta_disable_footer":"","neve_meta_disable_title":"","neve_meta_reading_time":"","ngg_post_thumbnail":0},"product_brand":[],"product_cat":[325],"product_tag":[],"class_list":{"0":"post-161","1":"product","2":"type-product","3":"status-publish","4":"has-post-thumbnail","6":"product_cat-brazaletes","8":"first","9":"instock","10":"downloadable","11":"virtual","12":"purchasable","13":"product-type-simple"},"_links":{"self":[{"href":"https:\/\/ellad2.com\/es\/wp-json\/wp\/v2\/product\/161","targetHints":{"allow":["GET"]}}],"collection":[{"href":"https:\/\/ellad2.com\/es\/wp-json\/wp\/v2\/product"}],"about":[{"href":"https:\/\/ellad2.com\/es\/wp-json\/wp\/v2\/types\/product"}],"wp:featuredmedia":[{"embeddable":true,"href":"https:\/\/ellad2.com\/es\/wp-json\/wp\/v2\/media\/162"}],"wp:attachment":[{"href":"https:\/\/ellad2.com\/es\/wp-json\/wp\/v2\/media?parent=161"}],"wp:term":[{"taxonomy":"product_brand","embeddable":true,"href":"https:\/\/ellad2.com\/es\/wp-json\/wp\/v2\/product_brand?post=161"},{"taxonomy":"product_cat","embeddable":true,"href":"https:\/\/ellad2.com\/es\/wp-json\/wp\/v2\/product_cat?post=161"},{"taxonomy":"product_tag","embeddable":true,"href":"https:\/\/ellad2.com\/es\/wp-json\/wp\/v2\/product_tag?post=161"}],"curies":[{"name":"wp","href":"https:\/\/api.w.org\/{rel}","templated":true}]}}