{"id":157,"date":"2013-03-31T22:07:38","date_gmt":"2013-03-31T21:07:38","guid":{"rendered":"https:\/\/ellad2.com\/es\/?post_type=product&#038;p=157"},"modified":"2018-07-12T04:15:16","modified_gmt":"2018-07-12T03:15:16","slug":"tutorial-de-abalorios-anillo-salinas","status":"publish","type":"product","link":"https:\/\/ellad2.com\/es\/tienda\/tutorial-de-abalorios-anillo-salinas\/","title":{"rendered":"Tutorial Anillo Salinas"},"content":{"rendered":"<p><strong>Anillo Salinas<\/strong><\/p>\n<p>Este anillo es grande (2,4 cm\/0.94\u2033), un hermoso anillo que llamar\u00e1 la atenci\u00f3n!<br \/>\nNivel Intermedio o inclusive Para este anillo usted debe de saber puntada peyote.<\/p>\n<p>El tutorial para el anillo Salinas, es bien detallado con fotos de cada paso.<br \/>\nDebe de tener tiempo, paciencia y buenas agujas<\/p>\n<p>Material que necesita:<\/p>\n<p>&#8211; Rocallas (sb) Miyuki 15\/0<br \/>\n&#8211; Delicas Miyuki 11\/0, 2 colors<br \/>\n&#8211; Biconos Swarovski 4mm<br \/>\n&#8211; Rivoli Swarovski 16mm<br \/>\n&#8211; Hilo FireLine 0.06 o Hilo Nymo D dorado (el hilo debe parecerse al color de las piedras)<br \/>\n&#8211; Aguja tama\u00f1o 12 o mucho mejor aguja Tulip 11<br \/>\nEste tutorial tambi\u00e9n est\u00e1 disponible en: Italiano Holand\u00e9s<\/p>\n<p>Estar\u00e9 agradecida de que pueda vender este anillo confeccionado de este tutorial. Por favor, lea mis <a title=\"T\u00e9rminos y Condiciones\" href=\"https:\/\/ellad2.com\/es\/terminos-y-condiciones-ellad2\/\" target=\"_blank\" rel=\"noopener\">T\u00e9rminos y Condiciones.<\/a><\/p>\nngg_shortcode_0_placeholder\n<p>&nbsp;<\/p>\n","protected":false},"excerpt":{"rendered":"<p>Anillo Salinas Este anillo es grande (2,4 cm\/0.94\u2033), un hermoso anillo que llamar\u00e1 la atenci\u00f3n! Nivel Intermedio o inclusive Para este anillo usted debe de saber puntada peyote. El tutorial para el anillo Salinas, es bien detallado con fotos de cada paso. Debe de tener tiempo, paciencia y buenas agujas Material que necesita: &#8211; Rocallas&hellip;&nbsp;<a href=\"https:\/\/ellad2.com\/es\/tienda\/tutorial-de-abalorios-anillo-salinas\/\" rel=\"bookmark\">Read More &raquo;<span class=\"screen-reader-text\">Tutorial Anillo Salinas<\/span><\/a><\/p>\n","protected":false},"featured_media":158,"template":"","meta":{"neve_meta_sidebar":"","neve_meta_container":"","neve_meta_enable_content_width":"","neve_meta_content_width":0,"neve_meta_title_alignment":"","neve_meta_author_avatar":"","neve_post_elements_order":"","neve_meta_disable_header":"","neve_meta_disable_footer":"","neve_meta_disable_title":"","neve_meta_reading_time":"","ngg_post_thumbnail":0},"product_brand":[],"product_cat":[323],"product_tag":[],"class_list":{"0":"post-157","1":"product","2":"type-product","3":"status-publish","4":"has-post-thumbnail","6":"product_cat-anillos","8":"first","9":"instock","10":"downloadable","11":"virtual","12":"purchasable","13":"product-type-simple"},"_links":{"self":[{"href":"https:\/\/ellad2.com\/es\/wp-json\/wp\/v2\/product\/157","targetHints":{"allow":["GET"]}}],"collection":[{"href":"https:\/\/ellad2.com\/es\/wp-json\/wp\/v2\/product"}],"about":[{"href":"https:\/\/ellad2.com\/es\/wp-json\/wp\/v2\/types\/product"}],"wp:featuredmedia":[{"embeddable":true,"href":"https:\/\/ellad2.com\/es\/wp-json\/wp\/v2\/media\/158"}],"wp:attachment":[{"href":"https:\/\/ellad2.com\/es\/wp-json\/wp\/v2\/media?parent=157"}],"wp:term":[{"taxonomy":"product_brand","embeddable":true,"href":"https:\/\/ellad2.com\/es\/wp-json\/wp\/v2\/product_brand?post=157"},{"taxonomy":"product_cat","embeddable":true,"href":"https:\/\/ellad2.com\/es\/wp-json\/wp\/v2\/product_cat?post=157"},{"taxonomy":"product_tag","embeddable":true,"href":"https:\/\/ellad2.com\/es\/wp-json\/wp\/v2\/product_tag?post=157"}],"curies":[{"name":"wp","href":"https:\/\/api.w.org\/{rel}","templated":true}]}}