{"id":1563,"date":"2015-12-01T13:53:48","date_gmt":"2015-12-01T12:53:48","guid":{"rendered":"https:\/\/ellad2.com\/es\/?post_type=product&#038;p=1563"},"modified":"2018-07-12T04:16:46","modified_gmt":"2018-07-12T03:16:46","slug":"tutorial-aretes-libby","status":"publish","type":"product","link":"https:\/\/ellad2.com\/es\/tienda\/tutorial-aretes-libby\/","title":{"rendered":"Tutorial Aretes Libby"},"content":{"rendered":"<p>Nuevo proyecto en abalorios con cuentas\u00a0<strong>Piggy<\/strong>. \u00a0F\u00e1cil y r\u00e1pido de hacer. No necesita muchas\u00a0 cuentas para \u00e9stos lindos aretes Libby. Puede jugar con diferentes colores de cuentas Piggy, cuentas Superduo, y Bicones Swarovski\u2026<\/p>\n<p>Un gran regalo de Navidad para sus amigos y familiares.<\/p>\n<p>Nivel del Proyecto: Intermedio y para principiantes un desaf\u00edo.<\/p>\nngg_shortcode_0_placeholder\n<p>El Tutorial para los aretes Libby es muy detallado, con instrucciones claras; f\u00e1ciles de seguir, paso a paso, incluyendo fotograf\u00edas a color de cada paso.<\/p>\n<p>Lista de Materiales:<\/p>\n<ul>\n<li>Cuentas Seed Miyuki 15\/0, 11\/0, 8\/0<\/li>\n<li>Cuentas Piggy<\/li>\n<li>Cuentas Superduo 2.5 x 5mm<\/li>\n<li>Bicones Swarovski de cristal 4mm<\/li>\n<li>Cuenta Drop o cualquier cuenta que tenga como colgante.<\/li>\n<li>Ganchos para arete<\/li>\n<li>FireLine 6lb (muy recomendado debido al tama\u00f1o de cuentas 15s).<\/li>\n<li>Aguja para enfilar # 12 o aguja Tulip # 11<\/li>\n<\/ul>\n<p>La Tutor\u00eda para los Aretes Libby es un Archivo PDF.<\/p>\n<p>Instrucciones para la descarga:<\/p>\n<p>Despu\u00e9s de que haya realizado el pago ser\u00e1 redirigida a ellad2.com en donde encontrar\u00e1 el enlace para la descarga de su tutor\u00eda. Haga clic en \u2018download\u2019 y empezar\u00e1 la descarga. Salve su Tutor\u00eda.<\/p>\n<p>Tambi\u00e9n recibir\u00e1 un correo electr\u00f3nico con la confirmaci\u00f3n del pedido con el enlace\/s para su descarga. Haga clic en el enlace\/s y empezar\u00e1 la descarga. Salve el documento en su computadora. Por favor, revise su carpeta de correo no deseado\/chatarra.\u00a0 Si tiene problema para la descarga tambi\u00e9n puede checar aqu\u00ed el <a href=\"https:\/\/ellad2.com\/problems-download\/\">estado del pedido<\/a><\/p>\n","protected":false},"excerpt":{"rendered":"<p>Nuevo proyecto en abalorios con cuentas\u00a0Piggy. \u00a0F\u00e1cil y r\u00e1pido de hacer. No necesita muchas\u00a0 cuentas para \u00e9stos lindos aretes Libby. Puede jugar con diferentes colores de cuentas Piggy, cuentas Superduo, y Bicones Swarovski\u2026 Un gran regalo de Navidad para sus amigos y familiares. Nivel del Proyecto: Intermedio y para principiantes un desaf\u00edo. El Tutorial para&hellip;&nbsp;<a href=\"https:\/\/ellad2.com\/es\/tienda\/tutorial-aretes-libby\/\" rel=\"bookmark\">Read More &raquo;<span class=\"screen-reader-text\">Tutorial Aretes Libby<\/span><\/a><\/p>\n","protected":false},"featured_media":1565,"template":"","meta":{"neve_meta_sidebar":"","neve_meta_container":"","neve_meta_enable_content_width":"","neve_meta_content_width":0,"neve_meta_title_alignment":"","neve_meta_author_avatar":"","neve_post_elements_order":"","neve_meta_disable_header":"","neve_meta_disable_footer":"","neve_meta_disable_title":"","neve_meta_reading_time":"","ngg_post_thumbnail":0},"product_brand":[],"product_cat":[321],"product_tag":[],"class_list":{"0":"post-1563","1":"product","2":"type-product","3":"status-publish","4":"has-post-thumbnail","6":"product_cat-aretes","8":"first","9":"instock","10":"downloadable","11":"virtual","12":"purchasable","13":"product-type-simple"},"_links":{"self":[{"href":"https:\/\/ellad2.com\/es\/wp-json\/wp\/v2\/product\/1563","targetHints":{"allow":["GET"]}}],"collection":[{"href":"https:\/\/ellad2.com\/es\/wp-json\/wp\/v2\/product"}],"about":[{"href":"https:\/\/ellad2.com\/es\/wp-json\/wp\/v2\/types\/product"}],"wp:featuredmedia":[{"embeddable":true,"href":"https:\/\/ellad2.com\/es\/wp-json\/wp\/v2\/media\/1565"}],"wp:attachment":[{"href":"https:\/\/ellad2.com\/es\/wp-json\/wp\/v2\/media?parent=1563"}],"wp:term":[{"taxonomy":"product_brand","embeddable":true,"href":"https:\/\/ellad2.com\/es\/wp-json\/wp\/v2\/product_brand?post=1563"},{"taxonomy":"product_cat","embeddable":true,"href":"https:\/\/ellad2.com\/es\/wp-json\/wp\/v2\/product_cat?post=1563"},{"taxonomy":"product_tag","embeddable":true,"href":"https:\/\/ellad2.com\/es\/wp-json\/wp\/v2\/product_tag?post=1563"}],"curies":[{"name":"wp","href":"https:\/\/api.w.org\/{rel}","templated":true}]}}