{"id":1551,"date":"2015-11-29T16:10:41","date_gmt":"2015-11-29T15:10:41","guid":{"rendered":"https:\/\/ellad2.com\/es\/?post_type=product&#038;p=1551"},"modified":"2018-07-12T04:16:45","modified_gmt":"2018-07-12T03:16:45","slug":"tutorial-aretes-marja","status":"publish","type":"product","link":"https:\/\/ellad2.com\/es\/tienda\/tutorial-aretes-marja\/","title":{"rendered":"Tutorial Aretes Marja"},"content":{"rendered":"<p>Estos hermosos aretes Marja est\u00e1n realizados en puntada Tejido C\u00fabico \u00c1ngulo Recto (CRAW).<\/p>\n<p>La base est\u00e1 hecha con abalorios <em>Pinch<\/em> y cuentas <em>Superduo.<\/em><\/p>\n<p>Cuando entiendas el principio, puedes hacer m\u00e1s formas. Usted puede hacer estos aretes m\u00e1s largos o puede agregar una fila nueve en puntada CRAW\u2026Por lo tanto, deja volar tu imaginaci\u00f3n\u2026<\/p>\nngg_shortcode_0_placeholder\n<p>Nivel del Proyecto: Intermedio. Deber\u00e1 estar familiarizada con la puntada CRAW. (incluso lo explicar\u00e9 en el tutorial). Busque el video en <a href=\"https:\/\/www.youtube.com\/watch?v=P1Ib0qsQSy4\">Youtube<\/a> de Heather Collin en donde ella explica la puntada CRAW.<\/p>\n<p>Este Tutorial para los aretes Marja es muy detallado, con instrucciones claras, f\u00e1ciles de seguir, incluyendo fotograf\u00edas a color; paso por paso.<\/p>\n<p>Lista de Materiales:<\/p>\n<ul>\n<li>Cuentas Seed Miyuki 15\/0, 11\/0, 8\/0<\/li>\n<li>Cuentas Superduo<\/li>\n<li>Cuentas Pinch<\/li>\n<li>Ganchos para aretes<\/li>\n<li>Fireline 6lb<\/li>\n<li>Aguja para abalorios # 12 o aguja Tulip # 11<\/li>\n<\/ul>\n<p>La Tutor\u00eda de abalorios para los aretes Marja es un Archivo PDF.<\/p>\n<p><strong><em>Instrucciones para la descarga:<\/em><\/strong><\/p>\n<p>Despu\u00e9s de que haya realizado el pago ser\u00e1 redirigida a ellad2.com en donde encontrar\u00e1 el enlace para la descarga de su tutor\u00eda. Haga clic en \u2018download\u2019 y empezar\u00e1 la descarga. Salve el documento.<\/p>\n<p>Tambi\u00e9n recibir\u00e1 un correo electr\u00f3nico con la confirmaci\u00f3n del pedido con el enlace\/s para su descarga. Haga clic en el enlace\/s y empezar\u00e1 la descarga. Salve el documento en su computadora. Por favor, revise su carpeta de correo no deseado\/chatarra.<\/p>\n","protected":false},"excerpt":{"rendered":"<p>Estos hermosos aretes Marja est\u00e1n realizados en puntada Tejido C\u00fabico \u00c1ngulo Recto (CRAW). La base est\u00e1 hecha con abalorios Pinch y cuentas Superduo. Cuando entiendas el principio, puedes hacer m\u00e1s formas. Usted puede hacer estos aretes m\u00e1s largos o puede agregar una fila nueve en puntada CRAW\u2026Por lo tanto, deja volar tu imaginaci\u00f3n\u2026 Nivel del&hellip;&nbsp;<a href=\"https:\/\/ellad2.com\/es\/tienda\/tutorial-aretes-marja\/\" rel=\"bookmark\">Read More &raquo;<span class=\"screen-reader-text\">Tutorial Aretes Marja<\/span><\/a><\/p>\n","protected":false},"featured_media":1553,"template":"","meta":{"neve_meta_sidebar":"","neve_meta_container":"","neve_meta_enable_content_width":"","neve_meta_content_width":0,"neve_meta_title_alignment":"","neve_meta_author_avatar":"","neve_post_elements_order":"","neve_meta_disable_header":"","neve_meta_disable_footer":"","neve_meta_disable_title":"","neve_meta_reading_time":"","ngg_post_thumbnail":0},"product_brand":[],"product_cat":[321],"product_tag":[],"class_list":{"0":"post-1551","1":"product","2":"type-product","3":"status-publish","4":"has-post-thumbnail","6":"product_cat-aretes","8":"first","9":"instock","10":"downloadable","11":"virtual","12":"purchasable","13":"product-type-simple"},"_links":{"self":[{"href":"https:\/\/ellad2.com\/es\/wp-json\/wp\/v2\/product\/1551","targetHints":{"allow":["GET"]}}],"collection":[{"href":"https:\/\/ellad2.com\/es\/wp-json\/wp\/v2\/product"}],"about":[{"href":"https:\/\/ellad2.com\/es\/wp-json\/wp\/v2\/types\/product"}],"wp:featuredmedia":[{"embeddable":true,"href":"https:\/\/ellad2.com\/es\/wp-json\/wp\/v2\/media\/1553"}],"wp:attachment":[{"href":"https:\/\/ellad2.com\/es\/wp-json\/wp\/v2\/media?parent=1551"}],"wp:term":[{"taxonomy":"product_brand","embeddable":true,"href":"https:\/\/ellad2.com\/es\/wp-json\/wp\/v2\/product_brand?post=1551"},{"taxonomy":"product_cat","embeddable":true,"href":"https:\/\/ellad2.com\/es\/wp-json\/wp\/v2\/product_cat?post=1551"},{"taxonomy":"product_tag","embeddable":true,"href":"https:\/\/ellad2.com\/es\/wp-json\/wp\/v2\/product_tag?post=1551"}],"curies":[{"name":"wp","href":"https:\/\/api.w.org\/{rel}","templated":true}]}}