{"id":1533,"date":"2015-11-12T13:04:54","date_gmt":"2015-11-12T12:04:54","guid":{"rendered":"https:\/\/ellad2.com\/es\/?post_type=product&#038;p=1533"},"modified":"2018-07-12T04:16:44","modified_gmt":"2018-07-12T03:16:44","slug":"tutorial-collar-mala","status":"publish","type":"product","link":"https:\/\/ellad2.com\/es\/tienda\/tutorial-collar-mala\/","title":{"rendered":"Tutorial Collar Mala"},"content":{"rendered":"<p>Este\u00a0 hermoso collar es otro proyecto de abalorios con cuentas Pinch.<\/p>\n<p>F\u00e1cil y relativamente r\u00e1pido de hacer.<\/p>\n<p>Este Tutorial de abalorios para el collar Mala es muy detallado, con instrucciones claras; f\u00e1ciles de seguir, incluyendo fotograf\u00edas a color; paso a paso.<\/p>\nngg_shortcode_0_placeholder\n<p>Lista de Material:<\/p>\n<p>&#8211; Cuentas Seed Miyuki 11\/0, 8\/0<br \/>\n&#8211; Cuentas Pinch<br \/>\n&#8211; Broche<br \/>\n&#8211; FireLine 6lb<br \/>\n&#8211; Aguja para abalorios #12 o aguja Tulip #11<\/p>\n<p>La Tutor\u00eda de abalorios para el collar Mala es un Archivo PDF.<\/p>\n<p>Instrucciones par ala descarga:<\/p>\n<p>Despu\u00e9s de que haya realizado el pago ser\u00e1 redirigida a ellad2.com en donde encontrar\u00e1 el enlace para la descarga de su tutor\u00eda. Haga clic en \u2018download\u2019 y empezar\u00e1 la descarga. Salve el documento en su computadora.<\/p>\n<p>Tambi\u00e9n recibir\u00e1 un correo electr\u00f3nico con la confirmaci\u00f3n del pedido con el enlace\/s para su descarga. Haga clic en el enlace\/s y empezar\u00e1 la descarga. Salve el documento en su computadora. Por favor, revise su carpeta de correo no deseado\/chatarra.<\/p>\n<p>Es bienvenida a vender cualquier art\u00edculo que haga de mis modelos en abalorios que me ha comprado. Vea aqu\u00ed mis <a href=\"https:\/\/ellad2.com\/es\/terminos-y-condiciones-ellad2\/\">T\u00e9rminos y Condiciones<\/a><br \/>\nDerechos de Autor\u00a9Ellad2<\/p>\n","protected":false},"excerpt":{"rendered":"<p>Este\u00a0 hermoso collar es otro proyecto de abalorios con cuentas Pinch. F\u00e1cil y relativamente r\u00e1pido de hacer. Este Tutorial de abalorios para el collar Mala es muy detallado, con instrucciones claras; f\u00e1ciles de seguir, incluyendo fotograf\u00edas a color; paso a paso. Lista de Material: &#8211; Cuentas Seed Miyuki 11\/0, 8\/0 &#8211; Cuentas Pinch &#8211; Broche&hellip;&nbsp;<a href=\"https:\/\/ellad2.com\/es\/tienda\/tutorial-collar-mala\/\" rel=\"bookmark\">Read More &raquo;<span class=\"screen-reader-text\">Tutorial Collar Mala<\/span><\/a><\/p>\n","protected":false},"featured_media":1535,"template":"","meta":{"neve_meta_sidebar":"","neve_meta_container":"","neve_meta_enable_content_width":"","neve_meta_content_width":0,"neve_meta_title_alignment":"","neve_meta_author_avatar":"","neve_post_elements_order":"","neve_meta_disable_header":"","neve_meta_disable_footer":"","neve_meta_disable_title":"","neve_meta_reading_time":"","ngg_post_thumbnail":0},"product_brand":[],"product_cat":[329],"product_tag":[115,113,111,109,107],"class_list":{"0":"post-1533","1":"product","2":"type-product","3":"status-publish","4":"has-post-thumbnail","6":"product_cat-collares","7":"product_tag-ellad2-tutorials","8":"product_tag-esquemas-con-pinch-abalorios","9":"product_tag-esquemas-con-pinch-cuentas","10":"product_tag-pinch-abalorios","11":"product_tag-pinch-cuentas","13":"first","14":"instock","15":"downloadable","16":"virtual","17":"purchasable","18":"product-type-simple"},"_links":{"self":[{"href":"https:\/\/ellad2.com\/es\/wp-json\/wp\/v2\/product\/1533","targetHints":{"allow":["GET"]}}],"collection":[{"href":"https:\/\/ellad2.com\/es\/wp-json\/wp\/v2\/product"}],"about":[{"href":"https:\/\/ellad2.com\/es\/wp-json\/wp\/v2\/types\/product"}],"wp:featuredmedia":[{"embeddable":true,"href":"https:\/\/ellad2.com\/es\/wp-json\/wp\/v2\/media\/1535"}],"wp:attachment":[{"href":"https:\/\/ellad2.com\/es\/wp-json\/wp\/v2\/media?parent=1533"}],"wp:term":[{"taxonomy":"product_brand","embeddable":true,"href":"https:\/\/ellad2.com\/es\/wp-json\/wp\/v2\/product_brand?post=1533"},{"taxonomy":"product_cat","embeddable":true,"href":"https:\/\/ellad2.com\/es\/wp-json\/wp\/v2\/product_cat?post=1533"},{"taxonomy":"product_tag","embeddable":true,"href":"https:\/\/ellad2.com\/es\/wp-json\/wp\/v2\/product_tag?post=1533"}],"curies":[{"name":"wp","href":"https:\/\/api.w.org\/{rel}","templated":true}]}}