{"id":1523,"date":"2015-11-09T15:02:31","date_gmt":"2015-11-09T14:02:31","guid":{"rendered":"https:\/\/ellad2.com\/es\/?post_type=product&#038;p=1523"},"modified":"2018-07-12T04:16:44","modified_gmt":"2018-07-12T03:16:44","slug":"tutorial-anillo-cubico","status":"publish","type":"product","link":"https:\/\/ellad2.com\/es\/tienda\/tutorial-anillo-cubico\/","title":{"rendered":"Tutorial Anillo Cubico"},"content":{"rendered":"<p>La Tutor\u00eda de abalorios para el Anillo C\u00fabico contiene la explicaci\u00f3n de ambos modelos. <em>(\u201c2 en 1\u201d<\/em>).<\/p>\n<p>Los anillos est\u00e1n realizados en puntada Peyote, as\u00ed que, debe estar familiarizada con la puntada Peyote si desea hacer estos anillos.<\/p>\n<p>El modelo es muy f\u00e1cil para jugar con diferentes colores.<\/p>\nngg_shortcode_0_placeholder\n<p>El Tutorial para el anillo C\u00fabico es muy detallado, f\u00e1cil de seguir, paso a paso, con instrucciones claras y con fotograf\u00edas de cada paso.<\/p>\n<p><strong>Lista de Materiales:<\/strong><\/p>\n<ul>\n<li>Delicas 11\/0<\/li>\n<li>Seed Miyuki 15\/0<\/li>\n<li>Base del Anillo 10mm (coj\u00edn plano para le anillo C\u00fabico 2).<\/li>\n<li>Fireline 6lb<\/li>\n<li>Aguja para abalorios # 12 o aguja Tulip # 11<\/li>\n<\/ul>\n<p>La Tutor\u00eda de abalorios para los anillos C\u00fabicos es un Archivo PDF.<\/p>\n<p><strong><em>Instrucciones para la descarga:<\/em><\/strong><\/p>\n<p>Despu\u00e9s de que haya realizado el pago ser\u00e1 redirigida a ellad2.com en donde encontrar\u00e1 el enlace para la descarga de su tutor\u00eda. Haga clic en \u2018download\u2019 y empezar\u00e1 la descarga. Salve el documento en su computadora.<\/p>\n<p>Tambi\u00e9n recibir\u00e1 un correo electr\u00f3nico con la confirmaci\u00f3n del pedido con el enlace\/s para su descarga. Haga clic en el enlace\/s y empezar\u00e1 la descarga. Salve el documento en su computadora. Por favor, revise su carpeta de correo no deseado\/chatarra.<\/p>\n<p>Es bienvenida a vender cualquier art\u00edculo que haga de mis modelos en abalorios que me ha comprado. <em>Vea aqu\u00ed mis <\/em><a href=\"https:\/\/ellad2.com\/es\/terminos-y-condiciones-ellad2\/\"><em>T\u00e9rminos y Condiciones<\/em><\/a><br \/>\nDerechos de Autor\u00a9Ellad2<\/p>\n","protected":false},"excerpt":{"rendered":"<p>La Tutor\u00eda de abalorios para el Anillo C\u00fabico contiene la explicaci\u00f3n de ambos modelos. (\u201c2 en 1\u201d). Los anillos est\u00e1n realizados en puntada Peyote, as\u00ed que, debe estar familiarizada con la puntada Peyote si desea hacer estos anillos. El modelo es muy f\u00e1cil para jugar con diferentes colores. El Tutorial para el anillo C\u00fabico es&hellip;&nbsp;<a href=\"https:\/\/ellad2.com\/es\/tienda\/tutorial-anillo-cubico\/\" rel=\"bookmark\">Read More &raquo;<span class=\"screen-reader-text\">Tutorial Anillo Cubico<\/span><\/a><\/p>\n","protected":false},"featured_media":1525,"template":"","meta":{"neve_meta_sidebar":"","neve_meta_container":"","neve_meta_enable_content_width":"","neve_meta_content_width":0,"neve_meta_title_alignment":"","neve_meta_author_avatar":"","neve_post_elements_order":"","neve_meta_disable_header":"","neve_meta_disable_footer":"","neve_meta_disable_title":"","neve_meta_reading_time":"","ngg_post_thumbnail":0},"product_brand":[],"product_cat":[323],"product_tag":[],"class_list":{"0":"post-1523","1":"product","2":"type-product","3":"status-publish","4":"has-post-thumbnail","6":"product_cat-anillos","8":"first","9":"instock","10":"downloadable","11":"virtual","12":"purchasable","13":"product-type-simple"},"_links":{"self":[{"href":"https:\/\/ellad2.com\/es\/wp-json\/wp\/v2\/product\/1523","targetHints":{"allow":["GET"]}}],"collection":[{"href":"https:\/\/ellad2.com\/es\/wp-json\/wp\/v2\/product"}],"about":[{"href":"https:\/\/ellad2.com\/es\/wp-json\/wp\/v2\/types\/product"}],"wp:featuredmedia":[{"embeddable":true,"href":"https:\/\/ellad2.com\/es\/wp-json\/wp\/v2\/media\/1525"}],"wp:attachment":[{"href":"https:\/\/ellad2.com\/es\/wp-json\/wp\/v2\/media?parent=1523"}],"wp:term":[{"taxonomy":"product_brand","embeddable":true,"href":"https:\/\/ellad2.com\/es\/wp-json\/wp\/v2\/product_brand?post=1523"},{"taxonomy":"product_cat","embeddable":true,"href":"https:\/\/ellad2.com\/es\/wp-json\/wp\/v2\/product_cat?post=1523"},{"taxonomy":"product_tag","embeddable":true,"href":"https:\/\/ellad2.com\/es\/wp-json\/wp\/v2\/product_tag?post=1523"}],"curies":[{"name":"wp","href":"https:\/\/api.w.org\/{rel}","templated":true}]}}