{"id":1511,"date":"2015-10-30T13:18:51","date_gmt":"2015-10-30T12:18:51","guid":{"rendered":"https:\/\/ellad2.com\/es\/?post_type=product&#038;p=1511"},"modified":"2018-07-12T04:16:43","modified_gmt":"2018-07-12T03:16:43","slug":"tutorial-colgante-dames-rocket","status":"publish","type":"product","link":"https:\/\/ellad2.com\/es\/tienda\/tutorial-colgante-dames-rocket\/","title":{"rendered":"Tutorial Colgante Dame&#8217;s Rocket"},"content":{"rendered":"<p>El Colgante Dame\u2019s Rocket es un poquito m\u00e1s de <em>bordado Geom\u00e9trico en abalorios.\u00a0<\/em><\/p>\n<p>Todo comienza con el colgante Cuadrado abierto Swarovski de 20mm. De ah\u00ed se empieza la construcci\u00f3n de su forma\u2026<\/p>\n<p>Nivel del Proyecto: Intermedio. Deber\u00e1 estar familiarizada con la puntada Peyote.<\/p>\n<p>El Tutorial para el Colgante Dame\u2019s Rocket es muy detallado (35 p\u00e1ginas), f\u00e1cil de seguir, paso a paso, con instrucciones claras y con fotograf\u00edas de cada paso.<\/p>\nngg_shortcode_0_placeholder\n<p><strong>Lista de Material:<\/strong><\/p>\n<ul>\n<li>Cuentas Seed Miyuki 11\/0, 8\/0 (s\u00f3lo 4 cuentas # 8).<\/li>\n<li>Delica Miyuki 11\/0<\/li>\n<li>Pendiente cuadrado abierto Swarovski, 20mm<\/li>\n<li>Flor Margarita Swarovski 10mm<\/li>\n<li>FireLine 6lb<\/li>\n<li>Aguja para enfilar # 12 o aguja Tulip # 11<\/li>\n<\/ul>\n<p>La Tutor\u00eda de abalorios para el Colgante Dame\u2019s Rocket es un Archivo PDF.<\/p>\n<p><strong><em>Instrucciones para la descarga:<\/em><\/strong><\/p>\n<p>Despu\u00e9s de que haya realizado el pago ser\u00e1 redirigida a ellad2.com en donde encontrar\u00e1 el enlace para la descarga de su tutor\u00eda. Haga clic en \u2018download\u2019 y empezar\u00e1 la descarga. Salve el documento en su computadora.<\/p>\n<p>Tambi\u00e9n recibir\u00e1 un correo electr\u00f3nico con la confirmaci\u00f3n del pedido con el enlace\/s para su descarga. Haga clic en el enlace\/s y empezar\u00e1 la descarga. Salve el documento en su computadora. Por favor, revise su carpeta de correo no deseado\/chatarra.<\/p>\n<p>Es bienvenida a vender cualquier art\u00edculo que haga de mis modelos en abalorios que me ha comprado. <em>Vea aqu\u00ed mis <\/em><a href=\"https:\/\/ellad2.com\/es\/terminos-y-condiciones-ellad2\/\"><em>T\u00e9rminos y Condiciones<\/em><\/a><br \/>\nDerechos de Autor\u00a9Ellad2<\/p>\n","protected":false},"excerpt":{"rendered":"<p>El Colgante Dame\u2019s Rocket es un poquito m\u00e1s de bordado Geom\u00e9trico en abalorios.\u00a0 Todo comienza con el colgante Cuadrado abierto Swarovski de 20mm. De ah\u00ed se empieza la construcci\u00f3n de su forma\u2026 Nivel del Proyecto: Intermedio. Deber\u00e1 estar familiarizada con la puntada Peyote. El Tutorial para el Colgante Dame\u2019s Rocket es muy detallado (35 p\u00e1ginas),&hellip;&nbsp;<a href=\"https:\/\/ellad2.com\/es\/tienda\/tutorial-colgante-dames-rocket\/\" rel=\"bookmark\">Read More &raquo;<span class=\"screen-reader-text\">Tutorial Colgante Dame&#8217;s Rocket<\/span><\/a><\/p>\n","protected":false},"featured_media":1512,"template":"","meta":{"neve_meta_sidebar":"","neve_meta_container":"","neve_meta_enable_content_width":"","neve_meta_content_width":0,"neve_meta_title_alignment":"","neve_meta_author_avatar":"","neve_post_elements_order":"","neve_meta_disable_header":"","neve_meta_disable_footer":"","neve_meta_disable_title":"","neve_meta_reading_time":"","ngg_post_thumbnail":0},"product_brand":[],"product_cat":[327],"product_tag":[],"class_list":{"0":"post-1511","1":"product","2":"type-product","3":"status-publish","4":"has-post-thumbnail","6":"product_cat-colgantes","8":"first","9":"instock","10":"downloadable","11":"virtual","12":"purchasable","13":"product-type-simple"},"_links":{"self":[{"href":"https:\/\/ellad2.com\/es\/wp-json\/wp\/v2\/product\/1511","targetHints":{"allow":["GET"]}}],"collection":[{"href":"https:\/\/ellad2.com\/es\/wp-json\/wp\/v2\/product"}],"about":[{"href":"https:\/\/ellad2.com\/es\/wp-json\/wp\/v2\/types\/product"}],"wp:featuredmedia":[{"embeddable":true,"href":"https:\/\/ellad2.com\/es\/wp-json\/wp\/v2\/media\/1512"}],"wp:attachment":[{"href":"https:\/\/ellad2.com\/es\/wp-json\/wp\/v2\/media?parent=1511"}],"wp:term":[{"taxonomy":"product_brand","embeddable":true,"href":"https:\/\/ellad2.com\/es\/wp-json\/wp\/v2\/product_brand?post=1511"},{"taxonomy":"product_cat","embeddable":true,"href":"https:\/\/ellad2.com\/es\/wp-json\/wp\/v2\/product_cat?post=1511"},{"taxonomy":"product_tag","embeddable":true,"href":"https:\/\/ellad2.com\/es\/wp-json\/wp\/v2\/product_tag?post=1511"}],"curies":[{"name":"wp","href":"https:\/\/api.w.org\/{rel}","templated":true}]}}