{"id":1507,"date":"2015-10-28T14:40:10","date_gmt":"2015-10-28T13:40:10","guid":{"rendered":"https:\/\/ellad2.com\/es\/?post_type=product&#038;p=1507"},"modified":"2018-07-12T04:16:43","modified_gmt":"2018-07-12T03:16:43","slug":"tutorial-brazalete-silky-dos","status":"publish","type":"product","link":"https:\/\/ellad2.com\/es\/tienda\/tutorial-brazalete-silky-dos\/","title":{"rendered":"Tutorial Brazalete Silky-dos"},"content":{"rendered":"<p>Este hermoso brazalete esta hecho con 3 tipos de cuentas con dos-agujeros: <em>Silky Superduo<\/em>\u00a0y\u00a0<em>Kheops por cuentas triangular de Puca<\/em>.<\/p>\n<p>Es divertido de hacer y f\u00e1cil para combinar diferentes colores.<\/p>\n<p>La Tutor\u00eda para el brazalete Silky-dos es muy detallada, f\u00e1cil de seguir, paso a paso con instrucciones claras y con fotograf\u00edas de cada paso.<\/p>\nngg_shortcode_0_placeholder\n<p>Lista de Materiales:<\/p>\n<ul>\n<li>Cuentas Seed Miyuki 15\/0, 11\/0, 8\/0<\/li>\n<li>Cuentas Silky<\/li>\n<li>Cuentas Superduo<\/li>\n<li>Cuentas triangulares Kheops por Puca<\/li>\n<li>Bicones Swarovski 3mm (o cualquier otras cuentas de 3mm)<\/li>\n<li>Broche<\/li>\n<li>FireLine 6lb<\/li>\n<li>Aguja para abalorios # 12 o aguja Tulip # 11<\/li>\n<\/ul>\n<p>La Tutor\u00eda de abalorios para el brazalete Silky-dos es un Archivo PDF.<\/p>\n<p><strong><em>Instrucciones para la descarga:<\/em><\/strong><\/p>\n<p>Despu\u00e9s de que haya realizado el pago ser\u00e1 redirigida a ellad2.com en donde encontrar\u00e1 el enlace para la descarga de su tutor\u00eda. Haga clic en \u2018download\u2019 y empezar\u00e1 la descarga. Salve el documento en su computadora.<\/p>\n<p>Tambi\u00e9n recibir\u00e1 un correo electr\u00f3nico con la confirmaci\u00f3n del pedido con el enlace\/s para su descarga. Haga clic en el enlace\/s y empezar\u00e1 la descarga. Salve el documento en su computadora. Por favor, revise su carpeta de correo no deseado\/chatarra.\u00a0 Si tiene problema para la descarga tambi\u00e9n puede checar aqu\u00ed <a href=\"https:\/\/ellad2.com\/problems-download\/\"><strong><em>estado del pedido<\/em><\/strong><\/a><\/p>\n<p>Es bienvenida a vender cualquier art\u00edculo que haga de mis modelos en abalorios que me ha comprado. Vea aqu\u00ed mis \u00a0<a href=\"https:\/\/ellad2.com\/es\/terminos-y-condiciones-ellad2\/\"><strong><em>T\u00e9rminos y Condiciones<\/em><\/strong><\/a><br \/>\nDerechos de Autor\u00a9Ellad2<\/p>\n","protected":false},"excerpt":{"rendered":"<p>Este hermoso brazalete esta hecho con 3 tipos de cuentas con dos-agujeros: Silky Superduo\u00a0y\u00a0Kheops por cuentas triangular de Puca. Es divertido de hacer y f\u00e1cil para combinar diferentes colores. La Tutor\u00eda para el brazalete Silky-dos es muy detallada, f\u00e1cil de seguir, paso a paso con instrucciones claras y con fotograf\u00edas de cada paso. Lista de&hellip;&nbsp;<a href=\"https:\/\/ellad2.com\/es\/tienda\/tutorial-brazalete-silky-dos\/\" rel=\"bookmark\">Read More &raquo;<span class=\"screen-reader-text\">Tutorial Brazalete Silky-dos<\/span><\/a><\/p>\n","protected":false},"featured_media":1508,"template":"","meta":{"neve_meta_sidebar":"","neve_meta_container":"","neve_meta_enable_content_width":"","neve_meta_content_width":0,"neve_meta_title_alignment":"","neve_meta_author_avatar":"","neve_post_elements_order":"","neve_meta_disable_header":"","neve_meta_disable_footer":"","neve_meta_disable_title":"","neve_meta_reading_time":"","ngg_post_thumbnail":0},"product_brand":[],"product_cat":[325],"product_tag":[],"class_list":{"0":"post-1507","1":"product","2":"type-product","3":"status-publish","4":"has-post-thumbnail","6":"product_cat-brazaletes","8":"first","9":"instock","10":"downloadable","11":"virtual","12":"purchasable","13":"product-type-simple"},"_links":{"self":[{"href":"https:\/\/ellad2.com\/es\/wp-json\/wp\/v2\/product\/1507","targetHints":{"allow":["GET"]}}],"collection":[{"href":"https:\/\/ellad2.com\/es\/wp-json\/wp\/v2\/product"}],"about":[{"href":"https:\/\/ellad2.com\/es\/wp-json\/wp\/v2\/types\/product"}],"wp:featuredmedia":[{"embeddable":true,"href":"https:\/\/ellad2.com\/es\/wp-json\/wp\/v2\/media\/1508"}],"wp:attachment":[{"href":"https:\/\/ellad2.com\/es\/wp-json\/wp\/v2\/media?parent=1507"}],"wp:term":[{"taxonomy":"product_brand","embeddable":true,"href":"https:\/\/ellad2.com\/es\/wp-json\/wp\/v2\/product_brand?post=1507"},{"taxonomy":"product_cat","embeddable":true,"href":"https:\/\/ellad2.com\/es\/wp-json\/wp\/v2\/product_cat?post=1507"},{"taxonomy":"product_tag","embeddable":true,"href":"https:\/\/ellad2.com\/es\/wp-json\/wp\/v2\/product_tag?post=1507"}],"curies":[{"name":"wp","href":"https:\/\/api.w.org\/{rel}","templated":true}]}}