{"id":1500,"date":"2015-10-20T23:17:05","date_gmt":"2015-10-20T22:17:05","guid":{"rendered":"https:\/\/ellad2.com\/es\/?post_type=product&#038;p=1500"},"modified":"2018-07-12T04:16:42","modified_gmt":"2018-07-12T03:16:42","slug":"tutorial-aretes-silky","status":"publish","type":"product","link":"https:\/\/ellad2.com\/es\/tienda\/tutorial-aretes-silky\/","title":{"rendered":"Tutorial Aretes Silky"},"content":{"rendered":"<p>F\u00e1cil y divertido proyecto tejido en cuentas <strong><em>Silky<\/em><\/strong> y <strong><em>Superduo<\/em><\/strong>. \u00a0El Tutorial para los aretes Silky esta hecho con <strong><em>dos diferentes modelos<\/em><\/strong>.<\/p>\n<p>La Tutor\u00eda para los aretes Silky es muy detallado, f\u00e1cil de seguir, paso a paso, con instrucciones claras y con fotograf\u00edas a color de cada paso.<\/p>\nngg_shortcode_0_placeholder\n<p><strong>Material necesario:<\/strong><\/p>\n<p>\u2013 Cuentas Seed Miyuki\u00a0 15\/0, 11\/0, 8\/0<br \/>\n\u2013 Cuentas Silky<br \/>\n\u2013 Superduo<br \/>\n\u2013 Bicones Swarovski 4 mm<br \/>\n\u2013 Tear Drop Swarovski 11x 5mm<br \/>\n\u2013 Ganchos para aretes<br \/>\n\u2013 FireLine 6lb<br \/>\n\u2013 Aguja para enfilar # 12 o aguja Tulip # 11<\/p>\n<p>La Tutor\u00eda de abalorios para los aretes Silky es un Archivo PDF.<\/p>\n<p><strong><em>Instrucciones para la descarga:<\/em><\/strong><\/p>\n<p>Despu\u00e9s de que haya realizado el pago ser\u00e1 redirigida a ellad2.com en donde encontrar\u00e1 el enlace para la descarga de su tutor\u00eda. Haga clic en \u2018download\u2019 y empezar\u00e1 la descarga. Salve el documento en su computadora.<\/p>\n<p>Tambi\u00e9n recibir\u00e1 un correo electr\u00f3nico con la confirmaci\u00f3n del pedido con el enlace\/s para su descarga. Haga clic en el enlace\/s y empezar\u00e1 la descarga. Salve el documento en su computadora. Por favor, revise su carpeta de correo no deseado\/chatarra.\u00a0 Si tiene problema para la descarga tambi\u00e9n puede checar aqu\u00ed <a href=\"https:\/\/ellad2.com\/problems-download\/\"><strong><em>estado del pedido<\/em><\/strong><\/a><\/p>\n<p>Es bienvenida a vender cualquier art\u00edculo que haga de mis modelos en abalorios que me ha comprado. Vea aqu\u00ed mis \u00a0<a href=\"https:\/\/ellad2.com\/es\/terminos-y-condiciones-ellad2\/\"><strong><em>T\u00e9rminos y Condiciones<\/em><\/strong><\/a><br \/>\nDerechos de Autor\u00a9Ellad2<\/p>\n","protected":false},"excerpt":{"rendered":"<p>F\u00e1cil y divertido proyecto tejido en cuentas Silky y Superduo. \u00a0El Tutorial para los aretes Silky esta hecho con dos diferentes modelos. La Tutor\u00eda para los aretes Silky es muy detallado, f\u00e1cil de seguir, paso a paso, con instrucciones claras y con fotograf\u00edas a color de cada paso. Material necesario: \u2013 Cuentas Seed Miyuki\u00a0 15\/0,&hellip;&nbsp;<a href=\"https:\/\/ellad2.com\/es\/tienda\/tutorial-aretes-silky\/\" rel=\"bookmark\">Read More &raquo;<span class=\"screen-reader-text\">Tutorial Aretes Silky<\/span><\/a><\/p>\n","protected":false},"featured_media":1501,"template":"","meta":{"neve_meta_sidebar":"","neve_meta_container":"","neve_meta_enable_content_width":"","neve_meta_content_width":0,"neve_meta_title_alignment":"","neve_meta_author_avatar":"","neve_post_elements_order":"","neve_meta_disable_header":"","neve_meta_disable_footer":"","neve_meta_disable_title":"","neve_meta_reading_time":"","ngg_post_thumbnail":0},"product_brand":[],"product_cat":[321],"product_tag":[],"class_list":{"0":"post-1500","1":"product","2":"type-product","3":"status-publish","4":"has-post-thumbnail","6":"product_cat-aretes","8":"first","9":"instock","10":"downloadable","11":"virtual","12":"purchasable","13":"product-type-simple"},"_links":{"self":[{"href":"https:\/\/ellad2.com\/es\/wp-json\/wp\/v2\/product\/1500","targetHints":{"allow":["GET"]}}],"collection":[{"href":"https:\/\/ellad2.com\/es\/wp-json\/wp\/v2\/product"}],"about":[{"href":"https:\/\/ellad2.com\/es\/wp-json\/wp\/v2\/types\/product"}],"wp:featuredmedia":[{"embeddable":true,"href":"https:\/\/ellad2.com\/es\/wp-json\/wp\/v2\/media\/1501"}],"wp:attachment":[{"href":"https:\/\/ellad2.com\/es\/wp-json\/wp\/v2\/media?parent=1500"}],"wp:term":[{"taxonomy":"product_brand","embeddable":true,"href":"https:\/\/ellad2.com\/es\/wp-json\/wp\/v2\/product_brand?post=1500"},{"taxonomy":"product_cat","embeddable":true,"href":"https:\/\/ellad2.com\/es\/wp-json\/wp\/v2\/product_cat?post=1500"},{"taxonomy":"product_tag","embeddable":true,"href":"https:\/\/ellad2.com\/es\/wp-json\/wp\/v2\/product_tag?post=1500"}],"curies":[{"name":"wp","href":"https:\/\/api.w.org\/{rel}","templated":true}]}}