{"id":145,"date":"2013-03-29T21:28:48","date_gmt":"2013-03-29T20:28:48","guid":{"rendered":"https:\/\/ellad2.com\/es\/?post_type=product&#038;p=145"},"modified":"2018-07-12T04:15:15","modified_gmt":"2018-07-12T03:15:15","slug":"tutorial-de-abalorios-anillo-fancy-rectangular","status":"publish","type":"product","link":"https:\/\/ellad2.com\/es\/tienda\/tutorial-de-abalorios-anillo-fancy-rectangular\/","title":{"rendered":"Tutorial Anillo Fancy Rectangular"},"content":{"rendered":"<p><strong>Anillo Fancy Rectangular<\/strong><\/p>\n<p>Este anillo es un dise\u00f1o cl\u00e1sico y muy f\u00e1cil de hacer.<br \/>\nDebe saber hacer peyote par e impar.<\/p>\n<p>De todas formas, yo explico en este tutorial el viraje para hacer el peyote impar (para la banda del anillo).<\/p>\n<p>Las instrucciones\u00a0 del Anillo Fancy Rectangular es bien detallada, paso a paso con fotograf\u00edas de cada paso.<\/p>\n<p>Material que necesita:<\/p>\n<p>&#8211; Delicas Miyuki 11\/0 (2 colores)<br \/>\n&#8211; Rocallas Miyuki (sb) 15\/0 (1 color)<br \/>\n&#8211; Rect\u00e1ngulo Swavoski 4610, 18x13mm<br \/>\n&#8211; Hilo Firelne o Nymo<br \/>\n&#8211; Aguja tama\u00f1o 12<br \/>\n&#8211;\u00a0Swarovski Octagonal (4610, 18mmX13mm<\/p>\n<p>Puede encontrarlo aqui: <a href=\"http:\/\/www.perlesandco.co.uk\/Cabochon___Rectangular_4610_18x13mm-c-24_1669_45_251.html\" target=\"_blank\" rel=\"noopener\">Perlesandco<\/a>,\u00a0\u00a0<a href=\"http:\/\/www.hobbyperline.com\/beads_shop-swarovski?cat=swarovski-components&amp;scat=4610-swarovski-octagon-fancy-stone\" target=\"_blank\" rel=\"noopener\">Hobbyperline<\/a>\u00a0y en esta tienda\u00a0<a href=\"http:\/\/www.etsy.com\/search?q=Swarovski%20octagon%2018x13mm&amp;view_type=gallery&amp;ship_to=ZZ\" target=\"_blank\" rel=\"noopener\">Etsy<\/a><\/p>\n<p>Estar\u00e9 agradecida de que pueda vender este anillo confeccionado de este tutorial. Por favor, lea mis\u00a0<a title=\"T\u00e9rminos y Condiciones\" href=\"https:\/\/ellad2.com\/es\/terminos-y-condiciones-ellad2\/\" target=\"_blank\" rel=\"noopener\">T\u00e9rminos y Condiciones.<\/a><\/p>\nngg_shortcode_0_placeholder\n<p>&nbsp;<\/p>\n","protected":false},"excerpt":{"rendered":"<p>Anillo Fancy Rectangular Este anillo es un dise\u00f1o cl\u00e1sico y muy f\u00e1cil de hacer. Debe saber hacer peyote par e impar. De todas formas, yo explico en este tutorial el viraje para hacer el peyote impar (para la banda del anillo). Las instrucciones\u00a0 del Anillo Fancy Rectangular es bien detallada, paso a paso con fotograf\u00edas&hellip;&nbsp;<a href=\"https:\/\/ellad2.com\/es\/tienda\/tutorial-de-abalorios-anillo-fancy-rectangular\/\" rel=\"bookmark\">Read More &raquo;<span class=\"screen-reader-text\">Tutorial Anillo Fancy Rectangular<\/span><\/a><\/p>\n","protected":false},"featured_media":147,"template":"","meta":{"neve_meta_sidebar":"","neve_meta_container":"","neve_meta_enable_content_width":"","neve_meta_content_width":0,"neve_meta_title_alignment":"","neve_meta_author_avatar":"","neve_post_elements_order":"","neve_meta_disable_header":"","neve_meta_disable_footer":"","neve_meta_disable_title":"","neve_meta_reading_time":"","ngg_post_thumbnail":0},"product_brand":[],"product_cat":[323],"product_tag":[],"class_list":{"0":"post-145","1":"product","2":"type-product","3":"status-publish","4":"has-post-thumbnail","6":"product_cat-anillos","8":"first","9":"instock","10":"downloadable","11":"virtual","12":"purchasable","13":"product-type-simple"},"_links":{"self":[{"href":"https:\/\/ellad2.com\/es\/wp-json\/wp\/v2\/product\/145","targetHints":{"allow":["GET"]}}],"collection":[{"href":"https:\/\/ellad2.com\/es\/wp-json\/wp\/v2\/product"}],"about":[{"href":"https:\/\/ellad2.com\/es\/wp-json\/wp\/v2\/types\/product"}],"wp:featuredmedia":[{"embeddable":true,"href":"https:\/\/ellad2.com\/es\/wp-json\/wp\/v2\/media\/147"}],"wp:attachment":[{"href":"https:\/\/ellad2.com\/es\/wp-json\/wp\/v2\/media?parent=145"}],"wp:term":[{"taxonomy":"product_brand","embeddable":true,"href":"https:\/\/ellad2.com\/es\/wp-json\/wp\/v2\/product_brand?post=145"},{"taxonomy":"product_cat","embeddable":true,"href":"https:\/\/ellad2.com\/es\/wp-json\/wp\/v2\/product_cat?post=145"},{"taxonomy":"product_tag","embeddable":true,"href":"https:\/\/ellad2.com\/es\/wp-json\/wp\/v2\/product_tag?post=145"}],"curies":[{"name":"wp","href":"https:\/\/api.w.org\/{rel}","templated":true}]}}