{"id":1440,"date":"2015-10-12T16:40:09","date_gmt":"2015-10-12T15:40:09","guid":{"rendered":"https:\/\/ellad2.com\/es\/?post_type=product&#038;p=1440"},"modified":"2018-07-12T04:16:42","modified_gmt":"2018-07-12T03:16:42","slug":"tutorial-saga-collar","status":"publish","type":"product","link":"https:\/\/ellad2.com\/es\/tienda\/tutorial-saga-collar\/","title":{"rendered":"Tutorial Saga Collar"},"content":{"rendered":"<p>Saga Collar<\/p>\n<p>Este hermoso collar es una combinaci\u00f3n de\u00a0<em><u>3 modelos diferentes<\/u><\/em><u>.<\/u>\u00a0Cada modelo puede ser usado por separado. \u00a0Usted puede hacer un collar o pulsera usando s\u00f3lo 1 modelo o puede combinar 2 modelos\u2026<\/p>\n<p>Nivel del Proyecto:\u00a0Intermedio.<\/p>\nngg_shortcode_0_placeholder\n<p>Para la parte central us\u00e9 Bicones Swarovski de 4mm en 3 diferentes tonos \u2013 del m\u00e1s oscuro al m\u00e1s claro. Usted pude reemplazarlos con cuentas Fire-Polished en distintos tonos si no tiene Bicones. Tambi\u00e9n es m\u00e1s barato\u2026<\/p>\n<p>La Tutor\u00eda para el Saga collar es muy detallada (29 p\u00e1ginas, 36 pasos), f\u00e1cil de seguir, paso a paso, con instrucciones claras y con fotograf\u00edas de cada paso.<\/p>\n<p><strong>Material necesario:<\/strong><\/p>\n<ul>\n<li>Seed Miyuki 11\/0, 8\/0 (s\u00f3lo 4 piezas) y 15\/0. Tambi\u00e9n us\u00e9 Toho 11\/0 Terminado Permanente<\/li>\n<li>\u00a0Fire- Polished 4 mm<\/li>\n<li>\u00a0Superduo 4 mm<\/li>\n<li>\u00a0Bicones Swarovski<\/li>\n<li>\u00a0Broche<\/li>\n<li>\u00a0FireLine 6lb<\/li>\n<li>\u00a0Aguja para enfilar # 12 o aguja Tulip # 11<\/li>\n<\/ul>\n<p>La Tutor\u00eda de abalorios para el collar Saga es un Archivo PDF.<\/p>\n<p>Instrucciones para la descarga:<\/p>\n<p>Despu\u00e9s de que haya realizado el pago ser\u00e1 redirigida a ellad2.com en donde encontrar\u00e1 el enlace para la descarga de su tutor\u00eda. Haga clic en \u2018download\u2019 y empezar\u00e1 la descarga. Salve el documento en su computadora.<\/p>\n<p>Tambi\u00e9n recibir\u00e1 un correo electr\u00f3nico con la confirmaci\u00f3n del pedido con el enlace\/s para su descarga. Haga clic en el enlace\/s y empezar\u00e1 la descarga. Salve el documento en su computadora. Por favor, revise su carpeta de correo no deseado\/chatarra.<\/p>\n<p>Es bienvenida a vender cualquier art\u00edculo que haga de mis modelos de abalorios que me ha comprado. Vea aqu\u00ed mis \u00a0<a href=\"https:\/\/ellad2.com\/es\/terminos-y-condiciones-ellad2\/\"><strong>T\u00e9rminos y Condiciones<\/strong><\/a><br \/>\nDerechos de Autor\u00a9Ellad2<\/p>\n","protected":false},"excerpt":{"rendered":"<p>Saga Collar Este hermoso collar es una combinaci\u00f3n de\u00a03 modelos diferentes.\u00a0Cada modelo puede ser usado por separado. \u00a0Usted puede hacer un collar o pulsera usando s\u00f3lo 1 modelo o puede combinar 2 modelos\u2026 Nivel del Proyecto:\u00a0Intermedio. Para la parte central us\u00e9 Bicones Swarovski de 4mm en 3 diferentes tonos \u2013 del m\u00e1s oscuro al m\u00e1s&hellip;&nbsp;<a href=\"https:\/\/ellad2.com\/es\/tienda\/tutorial-saga-collar\/\" rel=\"bookmark\">Read More &raquo;<span class=\"screen-reader-text\">Tutorial Saga Collar<\/span><\/a><\/p>\n","protected":false},"featured_media":1441,"template":"","meta":{"neve_meta_sidebar":"","neve_meta_container":"","neve_meta_enable_content_width":"","neve_meta_content_width":0,"neve_meta_title_alignment":"","neve_meta_author_avatar":"","neve_post_elements_order":"","neve_meta_disable_header":"","neve_meta_disable_footer":"","neve_meta_disable_title":"","neve_meta_reading_time":"","ngg_post_thumbnail":0},"product_brand":[],"product_cat":[329],"product_tag":[],"class_list":{"0":"post-1440","1":"product","2":"type-product","3":"status-publish","4":"has-post-thumbnail","6":"product_cat-collares","8":"first","9":"instock","10":"downloadable","11":"virtual","12":"purchasable","13":"product-type-simple"},"_links":{"self":[{"href":"https:\/\/ellad2.com\/es\/wp-json\/wp\/v2\/product\/1440","targetHints":{"allow":["GET"]}}],"collection":[{"href":"https:\/\/ellad2.com\/es\/wp-json\/wp\/v2\/product"}],"about":[{"href":"https:\/\/ellad2.com\/es\/wp-json\/wp\/v2\/types\/product"}],"wp:featuredmedia":[{"embeddable":true,"href":"https:\/\/ellad2.com\/es\/wp-json\/wp\/v2\/media\/1441"}],"wp:attachment":[{"href":"https:\/\/ellad2.com\/es\/wp-json\/wp\/v2\/media?parent=1440"}],"wp:term":[{"taxonomy":"product_brand","embeddable":true,"href":"https:\/\/ellad2.com\/es\/wp-json\/wp\/v2\/product_brand?post=1440"},{"taxonomy":"product_cat","embeddable":true,"href":"https:\/\/ellad2.com\/es\/wp-json\/wp\/v2\/product_cat?post=1440"},{"taxonomy":"product_tag","embeddable":true,"href":"https:\/\/ellad2.com\/es\/wp-json\/wp\/v2\/product_tag?post=1440"}],"curies":[{"name":"wp","href":"https:\/\/api.w.org\/{rel}","templated":true}]}}