{"id":1355,"date":"2015-10-05T16:27:37","date_gmt":"2015-10-05T15:27:37","guid":{"rendered":"https:\/\/ellad2.com\/es\/?post_type=product&#038;p=1355"},"modified":"2018-07-12T04:16:41","modified_gmt":"2018-07-12T03:16:41","slug":"tutorial-pulsera-silkyone","status":"publish","type":"product","link":"https:\/\/ellad2.com\/es\/tienda\/tutorial-pulsera-silkyone\/","title":{"rendered":"Tutorial Pulsera Silkyone"},"content":{"rendered":"<p>Pulsera Silkyone<\/p>\n<p>Hermosa y elegante brazalete con cuentas Silky Checas con 2 orificios, y Bicones Swarovski.<\/p>\n<p>Puedes hacer muchas combinaciones de colores.<\/p>\n<p>Nivel de habilidad: Intermedio. Mantener la tensi\u00f3n es muy importante durante su proceso.<\/p>\nngg_shortcode_0_placeholder\n<p>La Tutor\u00eda para la pulsera Silkyone es muy detallada, f\u00e1cil de seguir, paso a paso, con instrucciones claras y con fotograf\u00edas de cada paso.<\/p>\n<p><strong>Lista de Materiales:<\/strong><\/p>\n<ul>\n<li>-Cuentas Seed Miyuki tama\u00f1os 11\/0, 8\/0 (Es posible que necesite tambi\u00e9n 15 \u2013 dependiendo de que tipo de abalorios use).<\/li>\n<li>Cuentas Silky Checas 2-agujeros 6&#215;6 mm<\/li>\n<li>Bicones Swarovski 4mm<\/li>\n<li>Broche<\/li>\n<li>FireLine 6lb<\/li>\n<li>Aguja para abalorios tama\u00f1o 12 o aguja Tulip 11<\/li>\n<\/ul>\n<p>La Tutor\u00eda de abalorios para la pulsera Silkyone es un Archivo PDF.<\/p>\n<p>Instrucciones para la descarga:<\/p>\n<p>Despu\u00e9s de que haya realizado el pago ser\u00e1 redirigida a ellad2.com en donde encontrar\u00e1 el enlace para la descarga de su tutor\u00eda. Haga clic en \u2018descargar\u2019 y empezar\u00e1 la descarga. Salve el documento en su computadora.<\/p>\n<p>Tambi\u00e9n recibir\u00e1 un correo electr\u00f3nico con la confirmaci\u00f3n del pedido con el enlace\/s para su descarga. Haga clic en el enlace\/s y empezar\u00e1 la descarga. Salve el documento en su computadora. Por favor, revise su carpeta de correo no deseado\/chatarra.<\/p>\n<p>Es bienvenida a vender cualquier art\u00edculo que haga de mis modelos de abalorios que me ha comprado. Vea aqu\u00ed mis \u00a0<a href=\"https:\/\/ellad2.com\/es\/terminos-y-condiciones-ellad2\/\"><strong><em>T\u00e9rminos y Condiciones<\/em><\/strong><\/a><br \/>\nDerechos de Autor\u00a9Ellad2<\/p>\n","protected":false},"excerpt":{"rendered":"<p>Pulsera Silkyone Hermosa y elegante brazalete con cuentas Silky Checas con 2 orificios, y Bicones Swarovski. Puedes hacer muchas combinaciones de colores. Nivel de habilidad: Intermedio. Mantener la tensi\u00f3n es muy importante durante su proceso. La Tutor\u00eda para la pulsera Silkyone es muy detallada, f\u00e1cil de seguir, paso a paso, con instrucciones claras y con&hellip;&nbsp;<a href=\"https:\/\/ellad2.com\/es\/tienda\/tutorial-pulsera-silkyone\/\" rel=\"bookmark\">Read More &raquo;<span class=\"screen-reader-text\">Tutorial Pulsera Silkyone<\/span><\/a><\/p>\n","protected":false},"featured_media":1356,"template":"","meta":{"neve_meta_sidebar":"","neve_meta_container":"","neve_meta_enable_content_width":"","neve_meta_content_width":0,"neve_meta_title_alignment":"","neve_meta_author_avatar":"","neve_post_elements_order":"","neve_meta_disable_header":"","neve_meta_disable_footer":"","neve_meta_disable_title":"","neve_meta_reading_time":"","ngg_post_thumbnail":0},"product_brand":[],"product_cat":[325],"product_tag":[12,104,106,105,103,102],"class_list":{"0":"post-1355","1":"product","2":"type-product","3":"status-publish","4":"has-post-thumbnail","6":"product_cat-brazaletes","7":"product_tag-ellad2","8":"product_tag-esquema-con-silky-abalorios","9":"product_tag-esquemas-brazaletes","10":"product_tag-esquemas-pulseras","11":"product_tag-pulseras-con-silky-abalorios","12":"product_tag-silky-abalorios","14":"first","15":"instock","16":"downloadable","17":"virtual","18":"purchasable","19":"product-type-simple"},"_links":{"self":[{"href":"https:\/\/ellad2.com\/es\/wp-json\/wp\/v2\/product\/1355","targetHints":{"allow":["GET"]}}],"collection":[{"href":"https:\/\/ellad2.com\/es\/wp-json\/wp\/v2\/product"}],"about":[{"href":"https:\/\/ellad2.com\/es\/wp-json\/wp\/v2\/types\/product"}],"wp:featuredmedia":[{"embeddable":true,"href":"https:\/\/ellad2.com\/es\/wp-json\/wp\/v2\/media\/1356"}],"wp:attachment":[{"href":"https:\/\/ellad2.com\/es\/wp-json\/wp\/v2\/media?parent=1355"}],"wp:term":[{"taxonomy":"product_brand","embeddable":true,"href":"https:\/\/ellad2.com\/es\/wp-json\/wp\/v2\/product_brand?post=1355"},{"taxonomy":"product_cat","embeddable":true,"href":"https:\/\/ellad2.com\/es\/wp-json\/wp\/v2\/product_cat?post=1355"},{"taxonomy":"product_tag","embeddable":true,"href":"https:\/\/ellad2.com\/es\/wp-json\/wp\/v2\/product_tag?post=1355"}],"curies":[{"name":"wp","href":"https:\/\/api.w.org\/{rel}","templated":true}]}}