{"id":1352,"date":"2015-10-05T16:21:15","date_gmt":"2015-10-05T15:21:15","guid":{"rendered":"https:\/\/ellad2.com\/es\/?post_type=product&#038;p=1352"},"modified":"2018-07-12T04:16:41","modified_gmt":"2018-07-12T03:16:41","slug":"tutorial-anillo-pellet","status":"publish","type":"product","link":"https:\/\/ellad2.com\/es\/tienda\/tutorial-anillo-pellet\/","title":{"rendered":"Tutorial Anillo Pellet"},"content":{"rendered":"<p>\u00a1Un proyecto f\u00e1cil y r\u00e1pido de abalorios!<\/p>\n<p>Hermoso anillo tejido con cuentas Pellet y Superduo.<\/p>\n<p>Nivel de habilidad: Principiante a intermedio. Es muy importante el mantener la tensi\u00f3n durante su proceso.<\/p>\n<p>La Tutor\u00eda para el anillo Pellet es muy detallado, f\u00e1cil de seguir, paso a paso, con instrucciones claras y con fotos de cada paso.<\/p>\nngg_shortcode_0_placeholder\n<p><strong>Material necesario:<\/strong><\/p>\n<ul>\n<li>\u00a0Cuentas Seed 11\/0, 8\/0 (Miyuki y Toho).<\/li>\n<li>\u00a0Cuentas Pellet<\/li>\n<li>\u00a0Superduos<\/li>\n<li>\u00a0Perla 8mm<\/li>\n<li>\u00a0FireLine 6lb<\/li>\n<li>\u00a0Aguja para enfilar tama\u00f1o 12 o aguja Tulip 11<\/li>\n<\/ul>\n<p>La Tutor\u00eda de abalorios para el anillo Pellet es un archivo PDF.<\/p>\n<p><strong><em>Instrucciones para la descarga:<\/em><\/strong><\/p>\n<p>Despu\u00e9s de que haya realizado el pago ser\u00e1 redirigida a ellad2.com en donde encontrar\u00e1 el enlace para la descarga de su tutor\u00eda. Haga clic en \u2018descargar y empezar\u00e1 la descarga. Salve el documento en su computadora.<\/p>\n<p>Tambi\u00e9n recibir\u00e1 un correo electr\u00f3nico con la confirmaci\u00f3n del pedido con el enlace para su descarga. \u00a0Repita el proceso. (Por favor, revise la bandeja de correo no deseado\/chatarra).<\/p>\n<p>La invitamos a vender los art\u00edculos que usted ha hecho de los tutoriales que me ha comprado.<br \/>\nVea aqu\u00ed mis <a href=\"https:\/\/ellad2.com\/es\/terminos-y-condiciones-ellad2\/\">T\u00e9rminos y Condiciones<\/a><\/p>\n<p>Derechos de Autor\u00a9Ellad2<\/p>\n","protected":false},"excerpt":{"rendered":"<p>\u00a1Un proyecto f\u00e1cil y r\u00e1pido de abalorios! Hermoso anillo tejido con cuentas Pellet y Superduo. Nivel de habilidad: Principiante a intermedio. Es muy importante el mantener la tensi\u00f3n durante su proceso. La Tutor\u00eda para el anillo Pellet es muy detallado, f\u00e1cil de seguir, paso a paso, con instrucciones claras y con fotos de cada paso.&hellip;&nbsp;<a href=\"https:\/\/ellad2.com\/es\/tienda\/tutorial-anillo-pellet\/\" rel=\"bookmark\">Read More &raquo;<span class=\"screen-reader-text\">Tutorial Anillo Pellet<\/span><\/a><\/p>\n","protected":false},"featured_media":1353,"template":"","meta":{"neve_meta_sidebar":"","neve_meta_container":"","neve_meta_enable_content_width":"","neve_meta_content_width":0,"neve_meta_title_alignment":"","neve_meta_author_avatar":"","neve_post_elements_order":"","neve_meta_disable_header":"","neve_meta_disable_footer":"","neve_meta_disable_title":"","neve_meta_reading_time":"","ngg_post_thumbnail":0},"product_brand":[],"product_cat":[323],"product_tag":[91,101,92,94,12,93,95,100,99,98,96,97],"class_list":{"0":"post-1352","1":"product","2":"type-product","3":"status-publish","4":"has-post-thumbnail","6":"product_cat-anillos","7":"product_tag-anillos","8":"product_tag-anillos-con-pellet-cuentas","9":"product_tag-anillos-esquemas","10":"product_tag-anillos-patrones","11":"product_tag-ellad2","12":"product_tag-esquemas-de-anillos","13":"product_tag-patrones-de-anillos","14":"product_tag-pellet-abalorios","15":"product_tag-pellet-cuentas","16":"product_tag-tutorial-de-anillo","17":"product_tag-tutoriale-de-anillo","18":"product_tag-tutoriales-de-anillos","20":"first","21":"instock","22":"downloadable","23":"virtual","24":"purchasable","25":"product-type-simple"},"_links":{"self":[{"href":"https:\/\/ellad2.com\/es\/wp-json\/wp\/v2\/product\/1352","targetHints":{"allow":["GET"]}}],"collection":[{"href":"https:\/\/ellad2.com\/es\/wp-json\/wp\/v2\/product"}],"about":[{"href":"https:\/\/ellad2.com\/es\/wp-json\/wp\/v2\/types\/product"}],"wp:featuredmedia":[{"embeddable":true,"href":"https:\/\/ellad2.com\/es\/wp-json\/wp\/v2\/media\/1353"}],"wp:attachment":[{"href":"https:\/\/ellad2.com\/es\/wp-json\/wp\/v2\/media?parent=1352"}],"wp:term":[{"taxonomy":"product_brand","embeddable":true,"href":"https:\/\/ellad2.com\/es\/wp-json\/wp\/v2\/product_brand?post=1352"},{"taxonomy":"product_cat","embeddable":true,"href":"https:\/\/ellad2.com\/es\/wp-json\/wp\/v2\/product_cat?post=1352"},{"taxonomy":"product_tag","embeddable":true,"href":"https:\/\/ellad2.com\/es\/wp-json\/wp\/v2\/product_tag?post=1352"}],"curies":[{"name":"wp","href":"https:\/\/api.w.org\/{rel}","templated":true}]}}