{"id":1331,"date":"2015-09-15T15:52:57","date_gmt":"2015-09-15T14:52:57","guid":{"rendered":"https:\/\/ellad2.com\/es\/?post_type=product&#038;p=1331"},"modified":"2018-07-12T04:16:38","modified_gmt":"2018-07-12T03:16:38","slug":"tutorial-brazalete-thalia","status":"publish","type":"product","link":"https:\/\/ellad2.com\/es\/tienda\/tutorial-brazalete-thalia\/","title":{"rendered":"Tutorial Brazalete Thalia"},"content":{"rendered":"<p>Brazalete Thalia<\/p>\n<p>Haga esta elegante y lindo brazalete tejido en cuentas.<\/p>\n<p>Nivel de habilidad: Intermedio.<\/p>\n<p>Tama\u00f1o del brazalete: Longitud: 15.5 cm \/ 6.10\u201d sin el broche y de ancho 2.6 cm\/ 1.02\u201d<\/p>\n<h6>ngg_shortcode_0_placeholder<\/h6>\n<p>La Tutor\u00eda para el brazalete Thalia es muy detallado, f\u00e1cil de seguir; paso a paso con instrucciones claras y con fotograf\u00edas de cada paso.<\/p>\n<p><strong>Lista de Materiales:<\/strong><\/p>\n<ul>\n<li>Cuentas Seed Miyuki 15\/0, 11\/0, 8\/0<\/li>\n<li>Perlas 6mm<\/li>\n<li>Perlas 2mm<\/li>\n<li>Cuentas Fire-polished 4mm<\/li>\n<li>Broche<\/li>\n<li>FireLine 6lb (Recomendado).<\/li>\n<li>Aguja par enfilar tama\u00f1o 12 o aguja Tulip 11<\/li>\n<\/ul>\n<p>La Tutor\u00eda de abalorios para la pulsera Thalia es un archivo PDF.<\/p>\n<p><strong><em>Instrucciones para la descarga:<\/em><\/strong><\/p>\n<p>Despu\u00e9s de que haya realizado el pago ser\u00e1 redirigida a ellad2.com en donde encontrar\u00e1 el enlace para la descarga de su tutor\u00eda. Haga clic en \u2018descargar\u2019 y empezar\u00e1 la descarga. Salve el documento en su computadora.<\/p>\n<p>Tambi\u00e9n recibir\u00e1 un correo electr\u00f3nico con la confirmaci\u00f3n del pedido con el enlace\/s para su descarga. Haga clic en el enlace\/s y empezar\u00e1 la descarga. Salve el documento en su computadora. Por favor, revise su carpeta de correo no deseado\/chatarra.<\/p>\n<p>Es bienvenida a vender cualquier art\u00edculo que haga de mis modelos de abalorios que me ha comprado. Vea aqu\u00ed mis \u00a0<a href=\"https:\/\/ellad2.com\/es\/terminos-y-condiciones-ellad2\/\"><strong><em>T\u00e9rminos y Condiciones<\/em><\/strong><\/a><br \/>\nDerechos de Autor\u00a9Ellad2<\/p>\n","protected":false},"excerpt":{"rendered":"<p>Brazalete Thalia Haga esta elegante y lindo brazalete tejido en cuentas. Nivel de habilidad: Intermedio. Tama\u00f1o del brazalete: Longitud: 15.5 cm \/ 6.10\u201d sin el broche y de ancho 2.6 cm\/ 1.02\u201d La Tutor\u00eda para el brazalete Thalia es muy detallado, f\u00e1cil de seguir; paso a paso con instrucciones claras y con fotograf\u00edas de cada&hellip;&nbsp;<a href=\"https:\/\/ellad2.com\/es\/tienda\/tutorial-brazalete-thalia\/\" rel=\"bookmark\">Read More &raquo;<span class=\"screen-reader-text\">Tutorial Brazalete Thalia<\/span><\/a><\/p>\n","protected":false},"featured_media":1332,"template":"","meta":{"neve_meta_sidebar":"","neve_meta_container":"","neve_meta_enable_content_width":"","neve_meta_content_width":0,"neve_meta_title_alignment":"","neve_meta_author_avatar":"","neve_post_elements_order":"","neve_meta_disable_header":"","neve_meta_disable_footer":"","neve_meta_disable_title":"","neve_meta_reading_time":"","ngg_post_thumbnail":0},"product_brand":[],"product_cat":[325],"product_tag":[],"class_list":{"0":"post-1331","1":"product","2":"type-product","3":"status-publish","4":"has-post-thumbnail","6":"product_cat-brazaletes","8":"first","9":"instock","10":"downloadable","11":"virtual","12":"purchasable","13":"product-type-simple"},"_links":{"self":[{"href":"https:\/\/ellad2.com\/es\/wp-json\/wp\/v2\/product\/1331","targetHints":{"allow":["GET"]}}],"collection":[{"href":"https:\/\/ellad2.com\/es\/wp-json\/wp\/v2\/product"}],"about":[{"href":"https:\/\/ellad2.com\/es\/wp-json\/wp\/v2\/types\/product"}],"wp:featuredmedia":[{"embeddable":true,"href":"https:\/\/ellad2.com\/es\/wp-json\/wp\/v2\/media\/1332"}],"wp:attachment":[{"href":"https:\/\/ellad2.com\/es\/wp-json\/wp\/v2\/media?parent=1331"}],"wp:term":[{"taxonomy":"product_brand","embeddable":true,"href":"https:\/\/ellad2.com\/es\/wp-json\/wp\/v2\/product_brand?post=1331"},{"taxonomy":"product_cat","embeddable":true,"href":"https:\/\/ellad2.com\/es\/wp-json\/wp\/v2\/product_cat?post=1331"},{"taxonomy":"product_tag","embeddable":true,"href":"https:\/\/ellad2.com\/es\/wp-json\/wp\/v2\/product_tag?post=1331"}],"curies":[{"name":"wp","href":"https:\/\/api.w.org\/{rel}","templated":true}]}}