{"id":1322,"date":"2015-09-07T18:06:16","date_gmt":"2015-09-07T17:06:16","guid":{"rendered":"https:\/\/ellad2.com\/es\/?post_type=product&#038;p=1322"},"modified":"2018-07-12T04:16:37","modified_gmt":"2018-07-12T03:16:37","slug":"tutorial-rulleta-brazalete","status":"publish","type":"product","link":"https:\/\/ellad2.com\/es\/tienda\/tutorial-rulleta-brazalete\/","title":{"rendered":"Tutorial Rulleta Brazalete"},"content":{"rendered":"<p>Rulleta Brazalete<\/p>\n<p>Si a\u00fan no sabe c\u00f3mo usar sus abalorios Rulla y Superduo, \u00a1esta es la idea! En lugar de brazalete (o adem\u00e1s del brazalete) puede hacer unos hermosos aretes. La construcci\u00f3n es muy s\u00f3lida.<\/p>\n<p>Nivel del Proyecto: Intermedio. \u00a1La cosa m\u00e1s importante para este brazalete es TENSI\u00d3N!<\/p>\n<h6>ngg_shortcode_0_placeholder<\/h6>\n<p>La Tutor\u00eda para el Rulleta brazalete es muy detallado, f\u00e1cil de seguir, paso a paso con instrucciones claras y con fotograf\u00edas de cada paso.<\/p>\n<p><strong>Lista de Materiales:<\/strong><\/p>\n<ul>\n<li>Cuentas Seed Miyuki, 8\/0, 11\/0, 15\/0<\/li>\n<li>Abalorios Rulla<\/li>\n<li>Cuentas-O<\/li>\n<li>SuperDuo<\/li>\n<li>Cuentas Fire-Polished 3mm<\/li>\n<li>FireLine 6lb (\u00a1Recomendado!)<\/li>\n<li>Aguja para enfilar tama\u00f1o 12 o aguja Tulip 11<\/li>\n<\/ul>\n<p>El Tutorial de abalorios para el brazalete Rulleta es un archivo PDF<\/p>\n<p>Instrucciones para la descarga:<\/p>\n<p>Despu\u00e9s de que haya realizado el pago ser\u00e1 redirigida a ellad2.com en donde encontrar\u00e1 el enlace para la descarga de su tutor\u00eda. Haga clic en \u2018descargar\u2019 y empezar\u00e1 la descarga. Salve el documento en su computadora.<\/p>\n<p>Tambi\u00e9n recibir\u00e1 un correo electr\u00f3nico con la confirmaci\u00f3n del pedido con el enlace\/s para su descarga. Haga clic en el enlace\/s y empezar\u00e1 la descarga. Salve el documento en su computadora. Por favor, revise su carpeta de correo no deseado\/chatarra.<\/p>\n<p>Es bienvenida a vender cualquier art\u00edculo que haga de mis modelos de abalorios que me ha comprado. Vea aqu\u00ed mis <a href=\"https:\/\/ellad2.com\/es\/terminos-y-condiciones-ellad2\/\"><em>T\u00e9rminos y Condiciones<\/em><\/a><br \/>\nDerechos de Autor\u00a9Ellad2<\/p>\n","protected":false},"excerpt":{"rendered":"<p>Rulleta Brazalete Si a\u00fan no sabe c\u00f3mo usar sus abalorios Rulla y Superduo, \u00a1esta es la idea! En lugar de brazalete (o adem\u00e1s del brazalete) puede hacer unos hermosos aretes. La construcci\u00f3n es muy s\u00f3lida. Nivel del Proyecto: Intermedio. \u00a1La cosa m\u00e1s importante para este brazalete es TENSI\u00d3N! La Tutor\u00eda para el Rulleta brazalete es&hellip;&nbsp;<a href=\"https:\/\/ellad2.com\/es\/tienda\/tutorial-rulleta-brazalete\/\" rel=\"bookmark\">Read More &raquo;<span class=\"screen-reader-text\">Tutorial Rulleta Brazalete<\/span><\/a><\/p>\n","protected":false},"featured_media":1323,"template":"","meta":{"neve_meta_sidebar":"","neve_meta_container":"","neve_meta_enable_content_width":"","neve_meta_content_width":0,"neve_meta_title_alignment":"","neve_meta_author_avatar":"","neve_post_elements_order":"","neve_meta_disable_header":"","neve_meta_disable_footer":"","neve_meta_disable_title":"","neve_meta_reading_time":"","ngg_post_thumbnail":0},"product_brand":[],"product_cat":[325],"product_tag":[88,89,87,90],"class_list":{"0":"post-1322","1":"product","2":"type-product","3":"status-publish","4":"has-post-thumbnail","6":"product_cat-brazaletes","7":"product_tag-brazalete-con-rulla-abalorios","8":"product_tag-esquemas-con-rullas","9":"product_tag-rulla","10":"product_tag-tutorials-con-rullas","12":"first","13":"instock","14":"downloadable","15":"virtual","16":"purchasable","17":"product-type-simple"},"_links":{"self":[{"href":"https:\/\/ellad2.com\/es\/wp-json\/wp\/v2\/product\/1322","targetHints":{"allow":["GET"]}}],"collection":[{"href":"https:\/\/ellad2.com\/es\/wp-json\/wp\/v2\/product"}],"about":[{"href":"https:\/\/ellad2.com\/es\/wp-json\/wp\/v2\/types\/product"}],"wp:featuredmedia":[{"embeddable":true,"href":"https:\/\/ellad2.com\/es\/wp-json\/wp\/v2\/media\/1323"}],"wp:attachment":[{"href":"https:\/\/ellad2.com\/es\/wp-json\/wp\/v2\/media?parent=1322"}],"wp:term":[{"taxonomy":"product_brand","embeddable":true,"href":"https:\/\/ellad2.com\/es\/wp-json\/wp\/v2\/product_brand?post=1322"},{"taxonomy":"product_cat","embeddable":true,"href":"https:\/\/ellad2.com\/es\/wp-json\/wp\/v2\/product_cat?post=1322"},{"taxonomy":"product_tag","embeddable":true,"href":"https:\/\/ellad2.com\/es\/wp-json\/wp\/v2\/product_tag?post=1322"}],"curies":[{"name":"wp","href":"https:\/\/api.w.org\/{rel}","templated":true}]}}