{"id":1313,"date":"2015-08-28T14:13:08","date_gmt":"2015-08-28T13:13:08","guid":{"rendered":"https:\/\/ellad2.com\/es\/?post_type=product&#038;p=1313"},"modified":"2018-07-12T04:16:37","modified_gmt":"2018-07-12T03:16:37","slug":"tutorial-anillo-lava","status":"publish","type":"product","link":"https:\/\/ellad2.com\/es\/tienda\/tutorial-anillo-lava\/","title":{"rendered":"Tutorial Anillo Lava"},"content":{"rendered":"<p>Anillo Lava<\/p>\n<p>Crea tu propio anillo Lava. Esta lindo!<\/p>\n<p>Nivel del Proyecto: Intermedio. Debe estar familiarizada con la puntada Peyote.<\/p>\n<p>La Tutor\u00eda de abalorios para el anillo Lava es muy detallado, f\u00e1cil de seguir, paso a paso, con instrucciones claras y con fotos de cada paso.<\/p>\nngg_shortcode_0_placeholder\n<p><strong>Material necesario:<\/strong><\/p>\n<ul>\n<li>Cuentas Seed Miyuki 15\/0, 11\/0, 8\/0<\/li>\n<li>Rivoli Swarovski 12 mm<\/li>\n<li>Cuentas Fire-polished 8 mm<\/li>\n<li>FireLine 6lb (Por favor, use FireLine para este proyecto).<\/li>\n<li>Aguja para enfilar tama\u00f1o 12 o aguja Tulip 11<\/li>\n<\/ul>\n<p>La Tutor\u00eda es un archivo PDF.<\/p>\n<p>Despu\u00e9s de que haya realizado el pago ser\u00e1 redirigida a ellad2.com en donde encontrar\u00e1 el enlace para la descarga de su tutor\u00eda. Tambi\u00e9n recibir\u00e1 un correo electr\u00f3nico con la confirmaci\u00f3n del pedido. (Por favor, revise la bandeja de correo no deseado\/chatarra).<\/p>\n<p>La invitamos a vender los art\u00edculos que usted ha hecho de los tutoriales que me ha comprado.<br \/>\nVea aqu\u00ed mis <a href=\"https:\/\/ellad2.com\/es\/terminos-y-condiciones-ellad2\/\">T\u00e9rminos y Condiciones<\/a><\/p>\n<p>Derechos de Autor\u00a9Ellad2<\/p>\n","protected":false},"excerpt":{"rendered":"<p>Anillo Lava Crea tu propio anillo Lava. Esta lindo! Nivel del Proyecto: Intermedio. Debe estar familiarizada con la puntada Peyote. La Tutor\u00eda de abalorios para el anillo Lava es muy detallado, f\u00e1cil de seguir, paso a paso, con instrucciones claras y con fotos de cada paso. Material necesario: Cuentas Seed Miyuki 15\/0, 11\/0, 8\/0 Rivoli&hellip;&nbsp;<a href=\"https:\/\/ellad2.com\/es\/tienda\/tutorial-anillo-lava\/\" rel=\"bookmark\">Read More &raquo;<span class=\"screen-reader-text\">Tutorial Anillo Lava<\/span><\/a><\/p>\n","protected":false},"featured_media":1314,"template":"","meta":{"neve_meta_sidebar":"","neve_meta_container":"","neve_meta_enable_content_width":"","neve_meta_content_width":0,"neve_meta_title_alignment":"","neve_meta_author_avatar":"","neve_post_elements_order":"","neve_meta_disable_header":"","neve_meta_disable_footer":"","neve_meta_disable_title":"","neve_meta_reading_time":"","ngg_post_thumbnail":0},"product_brand":[],"product_cat":[323],"product_tag":[],"class_list":{"0":"post-1313","1":"product","2":"type-product","3":"status-publish","4":"has-post-thumbnail","6":"product_cat-anillos","8":"first","9":"instock","10":"downloadable","11":"virtual","12":"purchasable","13":"product-type-simple"},"_links":{"self":[{"href":"https:\/\/ellad2.com\/es\/wp-json\/wp\/v2\/product\/1313","targetHints":{"allow":["GET"]}}],"collection":[{"href":"https:\/\/ellad2.com\/es\/wp-json\/wp\/v2\/product"}],"about":[{"href":"https:\/\/ellad2.com\/es\/wp-json\/wp\/v2\/types\/product"}],"wp:featuredmedia":[{"embeddable":true,"href":"https:\/\/ellad2.com\/es\/wp-json\/wp\/v2\/media\/1314"}],"wp:attachment":[{"href":"https:\/\/ellad2.com\/es\/wp-json\/wp\/v2\/media?parent=1313"}],"wp:term":[{"taxonomy":"product_brand","embeddable":true,"href":"https:\/\/ellad2.com\/es\/wp-json\/wp\/v2\/product_brand?post=1313"},{"taxonomy":"product_cat","embeddable":true,"href":"https:\/\/ellad2.com\/es\/wp-json\/wp\/v2\/product_cat?post=1313"},{"taxonomy":"product_tag","embeddable":true,"href":"https:\/\/ellad2.com\/es\/wp-json\/wp\/v2\/product_tag?post=1313"}],"curies":[{"name":"wp","href":"https:\/\/api.w.org\/{rel}","templated":true}]}}