{"id":131,"date":"2013-03-30T21:01:45","date_gmt":"2013-03-30T20:01:45","guid":{"rendered":"https:\/\/ellad2.com\/es\/?post_type=product&#038;p=131"},"modified":"2018-07-12T04:15:15","modified_gmt":"2018-07-12T03:15:15","slug":"tutorial-de-abalorios-aretes-super-square","status":"publish","type":"product","link":"https:\/\/ellad2.com\/es\/tienda\/tutorial-de-abalorios-aretes-super-square\/","title":{"rendered":"Tutorial Aretes Super Square"},"content":{"rendered":"<p><strong>Aretes Super Square<\/strong><\/p>\n<p>Este no es un proyecto dif\u00edcil. Un poco de puntada peyote, adornar y usted tendr\u00e1 sus aretes r\u00e1pidamente.<\/p>\n<p>Inclusive puede conectar las unidades y hacer un maravilloso brazalete, si tiene suficiente piedras y biconos de 3mm.<\/p>\n<p>En el tutorial inclusive, yo le incluyo la lista de materiales con los colores que yo use. Este tutorial es bien detallado con fotograf\u00edas de cada paso.<\/p>\n<p>Materiales que necesita:<br \/>\n&#8211; Rocallas (sb) Miyuki 15\/0 y 11\/0<br \/>\n&#8211; Delicas Miyuki 11\/0, dos colores<br \/>\n&#8211; Biconos Swarovski 3mm<br \/>\n-Gota, cristales Swarovski, Crystal Passions\u00ae, cyclamen opal, 13\u00d76.5mm colgante briolette facetado (6010)<br \/>\n&#8211; Czech Super Duo, 2.5\u00d75 mm (puede usar tambi\u00e9n Twin)<br \/>\n&#8211; Enganche para aretes<br \/>\n&#8211; Hilo FireLine o Nymo thread<br \/>\n&#8211; Aguja tama\u00f1o 12<\/p>\n<p>Estar\u00e9 agradecida de que pueda vender este anillo confeccionado de este tutorial. Por favor, lea mis <a title=\"T\u00e9rminos y Condiciones\" href=\"https:\/\/ellad2.com\/es\/terminos-y-condiciones-ellad2\/\">T\u00e9rminos y Condiciones<\/a>.<\/p>\nngg_shortcode_0_placeholder\n<p>&nbsp;<\/p>\n","protected":false},"excerpt":{"rendered":"<p>Aretes Super Square Este no es un proyecto dif\u00edcil. Un poco de puntada peyote, adornar y usted tendr\u00e1 sus aretes r\u00e1pidamente. Inclusive puede conectar las unidades y hacer un maravilloso brazalete, si tiene suficiente piedras y biconos de 3mm. En el tutorial inclusive, yo le incluyo la lista de materiales con los colores que yo&hellip;&nbsp;<a href=\"https:\/\/ellad2.com\/es\/tienda\/tutorial-de-abalorios-aretes-super-square\/\" rel=\"bookmark\">Read More &raquo;<span class=\"screen-reader-text\">Tutorial Aretes Super Square<\/span><\/a><\/p>\n","protected":false},"featured_media":132,"template":"","meta":{"neve_meta_sidebar":"","neve_meta_container":"","neve_meta_enable_content_width":"","neve_meta_content_width":0,"neve_meta_title_alignment":"","neve_meta_author_avatar":"","neve_post_elements_order":"","neve_meta_disable_header":"","neve_meta_disable_footer":"","neve_meta_disable_title":"","neve_meta_reading_time":"","ngg_post_thumbnail":0},"product_brand":[],"product_cat":[321],"product_tag":[],"class_list":{"0":"post-131","1":"product","2":"type-product","3":"status-publish","4":"has-post-thumbnail","6":"product_cat-aretes","8":"first","9":"instock","10":"downloadable","11":"virtual","12":"purchasable","13":"product-type-simple"},"_links":{"self":[{"href":"https:\/\/ellad2.com\/es\/wp-json\/wp\/v2\/product\/131","targetHints":{"allow":["GET"]}}],"collection":[{"href":"https:\/\/ellad2.com\/es\/wp-json\/wp\/v2\/product"}],"about":[{"href":"https:\/\/ellad2.com\/es\/wp-json\/wp\/v2\/types\/product"}],"wp:featuredmedia":[{"embeddable":true,"href":"https:\/\/ellad2.com\/es\/wp-json\/wp\/v2\/media\/132"}],"wp:attachment":[{"href":"https:\/\/ellad2.com\/es\/wp-json\/wp\/v2\/media?parent=131"}],"wp:term":[{"taxonomy":"product_brand","embeddable":true,"href":"https:\/\/ellad2.com\/es\/wp-json\/wp\/v2\/product_brand?post=131"},{"taxonomy":"product_cat","embeddable":true,"href":"https:\/\/ellad2.com\/es\/wp-json\/wp\/v2\/product_cat?post=131"},{"taxonomy":"product_tag","embeddable":true,"href":"https:\/\/ellad2.com\/es\/wp-json\/wp\/v2\/product_tag?post=131"}],"curies":[{"name":"wp","href":"https:\/\/api.w.org\/{rel}","templated":true}]}}