{"id":1308,"date":"2015-08-26T15:06:49","date_gmt":"2015-08-26T14:06:49","guid":{"rendered":"https:\/\/ellad2.com\/es\/?post_type=product&#038;p=1308"},"modified":"2018-07-12T04:16:36","modified_gmt":"2018-07-12T03:16:36","slug":"tutorial-colgante-zahara","status":"publish","type":"product","link":"https:\/\/ellad2.com\/es\/tienda\/tutorial-colgante-zahara\/","title":{"rendered":"Tutorial Colgante Zahara"},"content":{"rendered":"<p>Colgante Zahara<\/p>\n<p>Cree otro lindo colgante con lustroso cabuj\u00f3n Lunasoft, que tiene hoja de plata en el respaldo que refleja la luz y lo hace ver como si brillara desde adentro. La superficie mate del cabuj\u00f3n es incre\u00edblemente suave al tacto.<\/p>\n<p>Nivel del Proyecto: Intermedio. Debe de estar familiarizada con la puntada Peyote.<\/p>\n<p>Tama\u00f1o del di\u00e1metro del colgante: 5.5 cm.<\/p>\nngg_shortcode_0_placeholder\n<p>La Tutor\u00eda para el colgante Zahara es muy detallado, f\u00e1cil de seguir, paso a paso, con instrucciones claras y con fotograf\u00edas de cada paso.<\/p>\n<p><strong>Lista de Material:<\/strong><\/p>\n<ul>\n<li>Cuentas Seed Miyuki 15\/0 \u00a0y 11\/0<\/li>\n<li>Delica Miyuki tama\u00f1o 11\/0<\/li>\n<li>Cuentas Fire-polished 3 mm y 4 mm<\/li>\n<li>Lunasoft cab 24mm<\/li>\n<li>Fireline 6lb<\/li>\n<li>Aguja para enfilar tama\u00f1o 12 o aguja Tulip 11<\/li>\n<\/ul>\n<p>La Tutor\u00eda para el Colgante Zahara es un archivo PDF.<\/p>\n<p>Despu\u00e9s de que haya realizado el pago ser\u00e1 redirigida a ellad2.com en donde encontrar\u00e1 el enlace para la descarga de su tutor\u00eda. Tambi\u00e9n recibir\u00e1 un correo electr\u00f3nico con la confirmaci\u00f3n del pedido. (Por favor, revise la bandeja de correo no deseado\/chatarra).<\/p>\n<p>La invitamos a vender los art\u00edculos que usted ha hecho de los tutoriales que me ha comprado.<br \/>\nVea aqu\u00ed mis <a href=\"https:\/\/ellad2.com\/es\/terminos-y-condiciones-ellad2\/\">T\u00e9rminos y Condiciones<\/a><\/p>\n<p>Derechos de Autor\u00a9Ellad2<\/p>\n","protected":false},"excerpt":{"rendered":"<p>Colgante Zahara Cree otro lindo colgante con lustroso cabuj\u00f3n Lunasoft, que tiene hoja de plata en el respaldo que refleja la luz y lo hace ver como si brillara desde adentro. La superficie mate del cabuj\u00f3n es incre\u00edblemente suave al tacto. Nivel del Proyecto: Intermedio. Debe de estar familiarizada con la puntada Peyote. Tama\u00f1o del&hellip;&nbsp;<a href=\"https:\/\/ellad2.com\/es\/tienda\/tutorial-colgante-zahara\/\" rel=\"bookmark\">Read More &raquo;<span class=\"screen-reader-text\">Tutorial Colgante Zahara<\/span><\/a><\/p>\n","protected":false},"featured_media":1309,"template":"","meta":{"neve_meta_sidebar":"","neve_meta_container":"","neve_meta_enable_content_width":"","neve_meta_content_width":0,"neve_meta_title_alignment":"","neve_meta_author_avatar":"","neve_post_elements_order":"","neve_meta_disable_header":"","neve_meta_disable_footer":"","neve_meta_disable_title":"","neve_meta_reading_time":"","ngg_post_thumbnail":0},"product_brand":[],"product_cat":[327],"product_tag":[],"class_list":{"0":"post-1308","1":"product","2":"type-product","3":"status-publish","4":"has-post-thumbnail","6":"product_cat-colgantes","8":"first","9":"instock","10":"downloadable","11":"virtual","12":"purchasable","13":"product-type-simple"},"_links":{"self":[{"href":"https:\/\/ellad2.com\/es\/wp-json\/wp\/v2\/product\/1308","targetHints":{"allow":["GET"]}}],"collection":[{"href":"https:\/\/ellad2.com\/es\/wp-json\/wp\/v2\/product"}],"about":[{"href":"https:\/\/ellad2.com\/es\/wp-json\/wp\/v2\/types\/product"}],"wp:featuredmedia":[{"embeddable":true,"href":"https:\/\/ellad2.com\/es\/wp-json\/wp\/v2\/media\/1309"}],"wp:attachment":[{"href":"https:\/\/ellad2.com\/es\/wp-json\/wp\/v2\/media?parent=1308"}],"wp:term":[{"taxonomy":"product_brand","embeddable":true,"href":"https:\/\/ellad2.com\/es\/wp-json\/wp\/v2\/product_brand?post=1308"},{"taxonomy":"product_cat","embeddable":true,"href":"https:\/\/ellad2.com\/es\/wp-json\/wp\/v2\/product_cat?post=1308"},{"taxonomy":"product_tag","embeddable":true,"href":"https:\/\/ellad2.com\/es\/wp-json\/wp\/v2\/product_tag?post=1308"}],"curies":[{"name":"wp","href":"https:\/\/api.w.org\/{rel}","templated":true}]}}