{"id":1297,"date":"2015-08-21T15:41:57","date_gmt":"2015-08-21T14:41:57","guid":{"rendered":"https:\/\/ellad2.com\/es\/?post_type=product&#038;p=1297"},"modified":"2018-07-12T04:16:36","modified_gmt":"2018-07-12T03:16:36","slug":"tutorial-colgante-danica","status":"publish","type":"product","link":"https:\/\/ellad2.com\/es\/tienda\/tutorial-colgante-danica\/","title":{"rendered":"Tutorial Colgante Danica"},"content":{"rendered":"<p>Colgante Danica<\/p>\n<p>Este nuevo colgante con cuentas Superduo en combinaci\u00f3n con cuentas-O y facetas Rondelles es espl\u00e9ndido\u2026\u00c9sta es la primera vez que uso facetas Checas Rondelles pulidas a fuego y me pregunto \u201c\u00bfPor qu\u00e9 no los us\u00e9 antes?\u201d :)<\/p>\n<p>Nivel de habilidad: Intermedio<\/p>\nngg_shortcode_0_placeholder\n<p>La Tutor\u00eda para el colgante Danica es muy detallado, f\u00e1cil de seguir, paso a paso, con instrucciones claras y con fotograf\u00edas de cada paso.<\/p>\n<p><strong>Lista de Material:<\/strong><\/p>\n<ul>\n<li>Cuentas Seed Miyuki 15\/0, 11\/0, 8\/0<\/li>\n<li>Facetas Checas Rondelle pulidas a fuego 4x3mm y 6x5mm<\/li>\n<li>Cuentas-O<\/li>\n<li>Cuentas Superduo<\/li>\n<li>Lunasoft cab 24mm<\/li>\n<li>Fireline 6lb<\/li>\n<li>Aguja para enfilar tama\u00f1o 12 o aguja Tulip 11<\/li>\n<\/ul>\n<p>La Tutor\u00eda para el Colgante Danica es un archivo PDF.<\/p>\n<p>Despu\u00e9s de que haya realizado el pago ser\u00e1 redirigida a ellad2.com en donde encontrar\u00e1 el enlace para la descarga de su tutor\u00eda. Tambi\u00e9n recibir\u00e1 un correo electr\u00f3nico con la confirmaci\u00f3n del pedido. (Por favor, revise la bandeja de correo no deseado\/chatarra).<\/p>\n<p>La invitamos a vender los art\u00edculos que usted ha hecho de los tutoriales que me ha comprado.<br \/>\nVea aqu\u00ed mis <a href=\"https:\/\/ellad2.com\/es\/terminos-y-condiciones-ellad2\/\">T\u00e9rminos y Condiciones<\/a><\/p>\n<p>Derechos de Autor\u00a9Ellad2<\/p>\n","protected":false},"excerpt":{"rendered":"<p>Colgante Danica Este nuevo colgante con cuentas Superduo en combinaci\u00f3n con cuentas-O y facetas Rondelles es espl\u00e9ndido\u2026\u00c9sta es la primera vez que uso facetas Checas Rondelles pulidas a fuego y me pregunto \u201c\u00bfPor qu\u00e9 no los us\u00e9 antes?\u201d :) Nivel de habilidad: Intermedio La Tutor\u00eda para el colgante Danica es muy detallado, f\u00e1cil de seguir,&hellip;&nbsp;<a href=\"https:\/\/ellad2.com\/es\/tienda\/tutorial-colgante-danica\/\" rel=\"bookmark\">Read More &raquo;<span class=\"screen-reader-text\">Tutorial Colgante Danica<\/span><\/a><\/p>\n","protected":false},"featured_media":1298,"template":"","meta":{"neve_meta_sidebar":"","neve_meta_container":"","neve_meta_enable_content_width":"","neve_meta_content_width":0,"neve_meta_title_alignment":"","neve_meta_author_avatar":"","neve_post_elements_order":"","neve_meta_disable_header":"","neve_meta_disable_footer":"","neve_meta_disable_title":"","neve_meta_reading_time":"","ngg_post_thumbnail":0},"product_brand":[],"product_cat":[327],"product_tag":[],"class_list":{"0":"post-1297","1":"product","2":"type-product","3":"status-publish","4":"has-post-thumbnail","6":"product_cat-colgantes","8":"first","9":"instock","10":"downloadable","11":"virtual","12":"purchasable","13":"product-type-simple"},"_links":{"self":[{"href":"https:\/\/ellad2.com\/es\/wp-json\/wp\/v2\/product\/1297","targetHints":{"allow":["GET"]}}],"collection":[{"href":"https:\/\/ellad2.com\/es\/wp-json\/wp\/v2\/product"}],"about":[{"href":"https:\/\/ellad2.com\/es\/wp-json\/wp\/v2\/types\/product"}],"wp:featuredmedia":[{"embeddable":true,"href":"https:\/\/ellad2.com\/es\/wp-json\/wp\/v2\/media\/1298"}],"wp:attachment":[{"href":"https:\/\/ellad2.com\/es\/wp-json\/wp\/v2\/media?parent=1297"}],"wp:term":[{"taxonomy":"product_brand","embeddable":true,"href":"https:\/\/ellad2.com\/es\/wp-json\/wp\/v2\/product_brand?post=1297"},{"taxonomy":"product_cat","embeddable":true,"href":"https:\/\/ellad2.com\/es\/wp-json\/wp\/v2\/product_cat?post=1297"},{"taxonomy":"product_tag","embeddable":true,"href":"https:\/\/ellad2.com\/es\/wp-json\/wp\/v2\/product_tag?post=1297"}],"curies":[{"name":"wp","href":"https:\/\/api.w.org\/{rel}","templated":true}]}}