{"id":1283,"date":"2015-08-11T14:45:55","date_gmt":"2015-08-11T13:45:55","guid":{"rendered":"https:\/\/ellad2.com\/es\/?post_type=product&#038;p=1283"},"modified":"2018-07-12T04:16:27","modified_gmt":"2018-07-12T03:16:27","slug":"tutorial-anillo-dome","status":"publish","type":"product","link":"https:\/\/ellad2.com\/es\/tienda\/tutorial-anillo-dome\/","title":{"rendered":"Tutorial Anillo Dome"},"content":{"rendered":"<p>Anillo Dome<\/p>\n<p>Un proyecto de abalorios f\u00e1cil y r\u00e1pido!\u00a0Usted puede f\u00e1cilmente jugar con colores y abalorios. Cuando haga su primer anillo se encontrar\u00e1 haciendo otro\u2026<\/p>\n<p>En caso de que no tenga un anillo con almohadilla de 10 mm. Entonces haremos la banda del anillo en puntada Peyote. Explicare como hacerlo en esta tutor\u00eda.\u00a0Nivel de habilidad: Principiante a intermedio.<\/p>\nngg_shortcode_0_placeholder\n<p>La Tutor\u00eda para el anillo Dome es muy detallado, f\u00e1cil de seguir, paso a paso, con instrucciones claras y con fotos de cada paso.<\/p>\n<p><strong>Material necesario:<\/strong><\/p>\n<ul>\n<li>Cuentas Seed Miyuki 11\/0<\/li>\n<li>Cuenta Dome 14\u00d78 mm<\/li>\n<li>Base de anillo con almohadilla 10 mm<\/li>\n<li>Pegamento E6000<\/li>\n<li>Perlas 3mm<\/li>\n<li>FireLine 6lb<\/li>\n<li>Aguja para enfilar tama\u00f1o 12 o aguja Tulip 11<\/li>\n<\/ul>\n<p>La Tutor\u00eda es un archivo PDF. Despu\u00e9s de que haya realizado el pago ser\u00e1 redirigida a ellad2.com en donde encontrar\u00e1 el enlace para la descarga de su tutor\u00eda. Tambi\u00e9n recibir\u00e1 un correo electr\u00f3nico con la confirmaci\u00f3n del pedido. (Por favor, revise la bandeja de correo no deseado\/chatarra).<\/p>\n<p>La invitamos a vender los art\u00edculos que usted ha hecho de los tutoriales que me ha comprado.<br \/>\nVea aqu\u00ed mis <a href=\"https:\/\/ellad2.com\/es\/terminos-y-condiciones-ellad2\/\">T\u00e9rminos y Condiciones<\/a><\/p>\n<p>Derechos de Autor\u00a9Ellad2<\/p>\n","protected":false},"excerpt":{"rendered":"<p>Anillo Dome Un proyecto de abalorios f\u00e1cil y r\u00e1pido!\u00a0Usted puede f\u00e1cilmente jugar con colores y abalorios. Cuando haga su primer anillo se encontrar\u00e1 haciendo otro\u2026 En caso de que no tenga un anillo con almohadilla de 10 mm. Entonces haremos la banda del anillo en puntada Peyote. Explicare como hacerlo en esta tutor\u00eda.\u00a0Nivel de habilidad:&hellip;&nbsp;<a href=\"https:\/\/ellad2.com\/es\/tienda\/tutorial-anillo-dome\/\" rel=\"bookmark\">Read More &raquo;<span class=\"screen-reader-text\">Tutorial Anillo Dome<\/span><\/a><\/p>\n","protected":false},"featured_media":1284,"template":"","meta":{"neve_meta_sidebar":"","neve_meta_container":"","neve_meta_enable_content_width":"","neve_meta_content_width":0,"neve_meta_title_alignment":"","neve_meta_author_avatar":"","neve_post_elements_order":"","neve_meta_disable_header":"","neve_meta_disable_footer":"","neve_meta_disable_title":"","neve_meta_reading_time":"","ngg_post_thumbnail":0},"product_brand":[],"product_cat":[323],"product_tag":[],"class_list":{"0":"post-1283","1":"product","2":"type-product","3":"status-publish","4":"has-post-thumbnail","6":"product_cat-anillos","8":"first","9":"instock","10":"downloadable","11":"virtual","12":"purchasable","13":"product-type-simple"},"_links":{"self":[{"href":"https:\/\/ellad2.com\/es\/wp-json\/wp\/v2\/product\/1283","targetHints":{"allow":["GET"]}}],"collection":[{"href":"https:\/\/ellad2.com\/es\/wp-json\/wp\/v2\/product"}],"about":[{"href":"https:\/\/ellad2.com\/es\/wp-json\/wp\/v2\/types\/product"}],"wp:featuredmedia":[{"embeddable":true,"href":"https:\/\/ellad2.com\/es\/wp-json\/wp\/v2\/media\/1284"}],"wp:attachment":[{"href":"https:\/\/ellad2.com\/es\/wp-json\/wp\/v2\/media?parent=1283"}],"wp:term":[{"taxonomy":"product_brand","embeddable":true,"href":"https:\/\/ellad2.com\/es\/wp-json\/wp\/v2\/product_brand?post=1283"},{"taxonomy":"product_cat","embeddable":true,"href":"https:\/\/ellad2.com\/es\/wp-json\/wp\/v2\/product_cat?post=1283"},{"taxonomy":"product_tag","embeddable":true,"href":"https:\/\/ellad2.com\/es\/wp-json\/wp\/v2\/product_tag?post=1283"}],"curies":[{"name":"wp","href":"https:\/\/api.w.org\/{rel}","templated":true}]}}