{"id":1275,"date":"2015-08-03T14:27:23","date_gmt":"2015-08-03T13:27:23","guid":{"rendered":"https:\/\/ellad2.com\/es\/?post_type=product&#038;p=1275"},"modified":"2018-07-12T04:16:26","modified_gmt":"2018-07-12T03:16:26","slug":"tutorial-collar-manon","status":"publish","type":"product","link":"https:\/\/ellad2.com\/es\/tienda\/tutorial-collar-manon\/","title":{"rendered":"Tutorial Collar Manon"},"content":{"rendered":"<p><strong>Collar Manon<\/strong><\/p>\n<p>Crea otro lindo collar tejido con cuentas Pellet y Superduos. Se encontrar\u00e1 haciendo este espl\u00e9ndido collar (o pulsera) con muchas combinaciones de colores\u2026<\/p>\n<p>Nivel del Proyecto: Intermedio.\u00a0Deber\u00e1 tener conocimiento b\u00e1sico de la T\u00e9cnica Tejido C\u00fabico Angulo Recto (CRAW). De todos modos le explicar\u00e9 esta t\u00e9cnica paso a paso en esta tutor\u00eda con fotos tambi\u00e9n de esa parte)<\/p>\nngg_shortcode_0_placeholder\n<p>La Tutor\u00eda de abalorios para el Collar Manon es muy detallada, f\u00e1cil de seguir, con instrucciones claras, paso por paso, y con fotos a color de cada paso.<\/p>\n<p><strong>Material Necesario:<\/strong><\/p>\n<ul>\n<li>Cuentas Seed Miyuki 15\/0, 11\/0, 8\/0<\/li>\n<li>Cuentas Pellet (2 colores)<\/li>\n<li>Cuentas Superduo<\/li>\n<li>Broche<\/li>\n<li>Fireline 6lb<\/li>\n<li>Aguja para enfilar 12 o Aguja Tulip tama\u00f1o 11<\/li>\n<\/ul>\n<p>La Tutor\u00eda de abalorios es un archivo PDF. Despu\u00e9s de que haya realizado el pago ser\u00e1 redirigida a ellad2.com en donde encontrar\u00e1 el enlace para la descarga de su tutor\u00eda. Tambi\u00e9n recibir\u00e1 un correo electr\u00f3nico con la confirmaci\u00f3n del pedido. (Por favor, revise la bandeja de correo no deseado\/chatarra).<\/p>\n<p>La invitamos a vender los art\u00edculos que usted ha hecho de los tutoriales que me ha comprado.<br \/>\nVea aqu\u00ed mis: <a href=\"https:\/\/ellad2.com\/es\/terminos-y-condiciones-ellad2\/\">T\u00e9rminos y Condiciones<\/a><\/p>\n<p>Derechos de Autor\u00a9Ellla2<\/p>\n","protected":false},"excerpt":{"rendered":"<p>Collar Manon Crea otro lindo collar tejido con cuentas Pellet y Superduos. Se encontrar\u00e1 haciendo este espl\u00e9ndido collar (o pulsera) con muchas combinaciones de colores\u2026 Nivel del Proyecto: Intermedio.\u00a0Deber\u00e1 tener conocimiento b\u00e1sico de la T\u00e9cnica Tejido C\u00fabico Angulo Recto (CRAW). De todos modos le explicar\u00e9 esta t\u00e9cnica paso a paso en esta tutor\u00eda con fotos&hellip;&nbsp;<a href=\"https:\/\/ellad2.com\/es\/tienda\/tutorial-collar-manon\/\" rel=\"bookmark\">Read More &raquo;<span class=\"screen-reader-text\">Tutorial Collar Manon<\/span><\/a><\/p>\n","protected":false},"featured_media":1276,"template":"","meta":{"neve_meta_sidebar":"","neve_meta_container":"","neve_meta_enable_content_width":"","neve_meta_content_width":0,"neve_meta_title_alignment":"","neve_meta_author_avatar":"","neve_post_elements_order":"","neve_meta_disable_header":"","neve_meta_disable_footer":"","neve_meta_disable_title":"","neve_meta_reading_time":"","ngg_post_thumbnail":0},"product_brand":[],"product_cat":[329],"product_tag":[12,80,79,77,78],"class_list":{"0":"post-1275","1":"product","2":"type-product","3":"status-publish","4":"has-post-thumbnail","6":"product_cat-collares","7":"product_tag-ellad2","8":"product_tag-esquemas-con-pellet","9":"product_tag-esquemas-con-superduo","10":"product_tag-las-piezas-pellets","11":"product_tag-superudo-esquemas","13":"first","14":"instock","15":"downloadable","16":"virtual","17":"purchasable","18":"product-type-simple"},"_links":{"self":[{"href":"https:\/\/ellad2.com\/es\/wp-json\/wp\/v2\/product\/1275","targetHints":{"allow":["GET"]}}],"collection":[{"href":"https:\/\/ellad2.com\/es\/wp-json\/wp\/v2\/product"}],"about":[{"href":"https:\/\/ellad2.com\/es\/wp-json\/wp\/v2\/types\/product"}],"wp:featuredmedia":[{"embeddable":true,"href":"https:\/\/ellad2.com\/es\/wp-json\/wp\/v2\/media\/1276"}],"wp:attachment":[{"href":"https:\/\/ellad2.com\/es\/wp-json\/wp\/v2\/media?parent=1275"}],"wp:term":[{"taxonomy":"product_brand","embeddable":true,"href":"https:\/\/ellad2.com\/es\/wp-json\/wp\/v2\/product_brand?post=1275"},{"taxonomy":"product_cat","embeddable":true,"href":"https:\/\/ellad2.com\/es\/wp-json\/wp\/v2\/product_cat?post=1275"},{"taxonomy":"product_tag","embeddable":true,"href":"https:\/\/ellad2.com\/es\/wp-json\/wp\/v2\/product_tag?post=1275"}],"curies":[{"name":"wp","href":"https:\/\/api.w.org\/{rel}","templated":true}]}}