{"id":1268,"date":"2015-07-24T10:03:55","date_gmt":"2015-07-24T09:03:55","guid":{"rendered":"https:\/\/ellad2.com\/es\/?post_type=product&#038;p=1268"},"modified":"2018-07-12T04:16:26","modified_gmt":"2018-07-12T03:16:26","slug":"tutorial-colgante-darma","status":"publish","type":"product","link":"https:\/\/ellad2.com\/es\/tienda\/tutorial-colgante-darma\/","title":{"rendered":"Tutorial Colgante Darma"},"content":{"rendered":"<p>Colgante Darma<\/p>\n<p>Precioso colgante Darma tejido con cuentas Pellets, Superduo, Seed y cuentas-O.<\/p>\n<p>Nivel del Proyecto: Intermedio<\/p>\n<p>El Tutorial Colgante Darma es muy detallado, f\u00e1cil de seguir, con instrucciones claras paso por paso, con fotos a color de cada paso.<\/p>\nngg_shortcode_0_placeholder\n<p><strong>Lista de Materiales:<\/strong><\/p>\n<ul>\n<li>Cuentas Seed tama\u00f1os 8\/0, 11\/0, y 15\/0<\/li>\n<li>Cuentas Pellet<\/li>\n<li>Cuentas Superduo<\/li>\n<li>Cuentas-O<\/li>\n<li>Cabuj\u00f3n Lunasoft 24mm<\/li>\n<li>FireLine 6lb<\/li>\n<li>Aguja para enfilar tama\u00f1o 12 o aguja Tulip 11<\/li>\n<\/ul>\n<p>El Tutorial de abalorios es un archivo PDF. Despu\u00e9s de que haya realizado el pago ser\u00e1 redirigida a ellad2.com en donde encontrar\u00e1 el enlace para la descarga de su tutor\u00eda. Tambi\u00e9n recibir\u00e1 un correo electr\u00f3nico con la confirmaci\u00f3n del pedido. (Por favor, revise la bandeja de correo no deseado\/chatarra).<\/p>\n<p>La invitamos a vender los art\u00edculos que usted ha hecho de los tutoriales que me ha comprado.<br \/>\nVea aqu\u00ed mis: <a href=\"https:\/\/ellad2.com\/es\/terminos-y-condiciones-ellad2\/\">T\u00e9rminos y Condiciones<\/a><strong><em>\u00a0<\/em><\/strong><\/p>\n<p>Derechos de Autor\u00a9Ellla2<\/p>\n","protected":false},"excerpt":{"rendered":"<p>Colgante Darma Precioso colgante Darma tejido con cuentas Pellets, Superduo, Seed y cuentas-O. Nivel del Proyecto: Intermedio El Tutorial Colgante Darma es muy detallado, f\u00e1cil de seguir, con instrucciones claras paso por paso, con fotos a color de cada paso. Lista de Materiales: Cuentas Seed tama\u00f1os 8\/0, 11\/0, y 15\/0 Cuentas Pellet Cuentas Superduo Cuentas-O&hellip;&nbsp;<a href=\"https:\/\/ellad2.com\/es\/tienda\/tutorial-colgante-darma\/\" rel=\"bookmark\">Read More &raquo;<span class=\"screen-reader-text\">Tutorial Colgante Darma<\/span><\/a><\/p>\n","protected":false},"featured_media":1269,"template":"","meta":{"neve_meta_sidebar":"","neve_meta_container":"","neve_meta_enable_content_width":"","neve_meta_content_width":0,"neve_meta_title_alignment":"","neve_meta_author_avatar":"","neve_post_elements_order":"","neve_meta_disable_header":"","neve_meta_disable_footer":"","neve_meta_disable_title":"","neve_meta_reading_time":"","ngg_post_thumbnail":0},"product_brand":[],"product_cat":[327],"product_tag":[],"class_list":{"0":"post-1268","1":"product","2":"type-product","3":"status-publish","4":"has-post-thumbnail","6":"product_cat-colgantes","8":"first","9":"instock","10":"downloadable","11":"virtual","12":"purchasable","13":"product-type-simple"},"_links":{"self":[{"href":"https:\/\/ellad2.com\/es\/wp-json\/wp\/v2\/product\/1268","targetHints":{"allow":["GET"]}}],"collection":[{"href":"https:\/\/ellad2.com\/es\/wp-json\/wp\/v2\/product"}],"about":[{"href":"https:\/\/ellad2.com\/es\/wp-json\/wp\/v2\/types\/product"}],"wp:featuredmedia":[{"embeddable":true,"href":"https:\/\/ellad2.com\/es\/wp-json\/wp\/v2\/media\/1269"}],"wp:attachment":[{"href":"https:\/\/ellad2.com\/es\/wp-json\/wp\/v2\/media?parent=1268"}],"wp:term":[{"taxonomy":"product_brand","embeddable":true,"href":"https:\/\/ellad2.com\/es\/wp-json\/wp\/v2\/product_brand?post=1268"},{"taxonomy":"product_cat","embeddable":true,"href":"https:\/\/ellad2.com\/es\/wp-json\/wp\/v2\/product_cat?post=1268"},{"taxonomy":"product_tag","embeddable":true,"href":"https:\/\/ellad2.com\/es\/wp-json\/wp\/v2\/product_tag?post=1268"}],"curies":[{"name":"wp","href":"https:\/\/api.w.org\/{rel}","templated":true}]}}