{"id":1252,"date":"2015-06-07T17:15:57","date_gmt":"2015-06-07T16:15:57","guid":{"rendered":"https:\/\/ellad2.com\/es\/?post_type=product&#038;p=1252"},"modified":"2018-07-12T04:16:25","modified_gmt":"2018-07-12T03:16:25","slug":"tutorial-pulsera-chantal","status":"publish","type":"product","link":"https:\/\/ellad2.com\/es\/tienda\/tutorial-pulsera-chantal\/","title":{"rendered":"Tutorial Pulsera Chantal"},"content":{"rendered":"<p>Pulsera Chantal<\/p>\n<p>Espl\u00e9ndida pulsera hecha con cuentas Pinch y con Perlas.<\/p>\n<p>Proyecto f\u00e1cil y r\u00e1pido de hacer. Tambi\u00e9n puede hacer un magn\u00edfico collar, si tiene bastantes cuentas. F\u00e1cilmente puede jugar con diferentes colores.<\/p>\n<p>Nivel del Proyecto: Intermedio<\/p>\nngg_shortcode_0_placeholder\n<p>La tutor\u00edal para la pulsera Chantal\u00a0es muy detallada, f\u00e1cil de seguir, paso a paso, con instrucciones claras y con fotograf\u00edas de cada paso.<\/p>\n<p><strong>Lista de Materiales:<\/strong><\/p>\n<ul>\n<li>Cuentas Seed Miyuki 11\/0, 8\/0<\/li>\n<li>Cuentas Pinch<\/li>\n<li>Perlas 4mm<\/li>\n<li>Broche<\/li>\n<li>FireLine 6lb<\/li>\n<li>Aguja para enfilar tama\u00f1o 12 o Aguja Tulip 11<\/li>\n<\/ul>\n<p>La Tutor\u00eda es un archivo PDF. Despu\u00e9s de que haya realizado el pago ser\u00e1 redirigida a ellad2.com en donde encontrar\u00e1 el enlace para la descarga de su tutor\u00eda. Tambi\u00e9n recibir\u00e1 un correo electr\u00f3nico con la confirmaci\u00f3n del pedido. (Por favor, revise la bandeja de correo no deseado\/chatarra).<\/p>\n<p>La invitamos a vender los art\u00edculos que usted ha hecho de los tutoriales que me ha comprado.<br \/>\nVea aqu\u00ed mis <a href=\"https:\/\/ellad2.com\/es\/terminos-y-condiciones-ellad2\/\"><em>T\u00e9rminos y Condiciones<\/em><\/a><\/p>\n<p>Derechos de Autor\u00a9Ellad2<\/p>\n","protected":false},"excerpt":{"rendered":"<p>Pulsera Chantal Espl\u00e9ndida pulsera hecha con cuentas Pinch y con Perlas. Proyecto f\u00e1cil y r\u00e1pido de hacer. Tambi\u00e9n puede hacer un magn\u00edfico collar, si tiene bastantes cuentas. F\u00e1cilmente puede jugar con diferentes colores. Nivel del Proyecto: Intermedio La tutor\u00edal para la pulsera Chantal\u00a0es muy detallada, f\u00e1cil de seguir, paso a paso, con instrucciones claras y&hellip;&nbsp;<a href=\"https:\/\/ellad2.com\/es\/tienda\/tutorial-pulsera-chantal\/\" rel=\"bookmark\">Read More &raquo;<span class=\"screen-reader-text\">Tutorial Pulsera Chantal<\/span><\/a><\/p>\n","protected":false},"featured_media":1253,"template":"","meta":{"neve_meta_sidebar":"","neve_meta_container":"","neve_meta_enable_content_width":"","neve_meta_content_width":0,"neve_meta_title_alignment":"","neve_meta_author_avatar":"","neve_post_elements_order":"","neve_meta_disable_header":"","neve_meta_disable_footer":"","neve_meta_disable_title":"","neve_meta_reading_time":"","ngg_post_thumbnail":0},"product_brand":[],"product_cat":[325],"product_tag":[],"class_list":{"0":"post-1252","1":"product","2":"type-product","3":"status-publish","4":"has-post-thumbnail","6":"product_cat-brazaletes","8":"first","9":"instock","10":"downloadable","11":"virtual","12":"purchasable","13":"product-type-simple"},"_links":{"self":[{"href":"https:\/\/ellad2.com\/es\/wp-json\/wp\/v2\/product\/1252","targetHints":{"allow":["GET"]}}],"collection":[{"href":"https:\/\/ellad2.com\/es\/wp-json\/wp\/v2\/product"}],"about":[{"href":"https:\/\/ellad2.com\/es\/wp-json\/wp\/v2\/types\/product"}],"wp:featuredmedia":[{"embeddable":true,"href":"https:\/\/ellad2.com\/es\/wp-json\/wp\/v2\/media\/1253"}],"wp:attachment":[{"href":"https:\/\/ellad2.com\/es\/wp-json\/wp\/v2\/media?parent=1252"}],"wp:term":[{"taxonomy":"product_brand","embeddable":true,"href":"https:\/\/ellad2.com\/es\/wp-json\/wp\/v2\/product_brand?post=1252"},{"taxonomy":"product_cat","embeddable":true,"href":"https:\/\/ellad2.com\/es\/wp-json\/wp\/v2\/product_cat?post=1252"},{"taxonomy":"product_tag","embeddable":true,"href":"https:\/\/ellad2.com\/es\/wp-json\/wp\/v2\/product_tag?post=1252"}],"curies":[{"name":"wp","href":"https:\/\/api.w.org\/{rel}","templated":true}]}}