{"id":1204,"date":"2015-04-14T14:07:02","date_gmt":"2015-04-14T13:07:02","guid":{"rendered":"https:\/\/ellad2.com\/es\/?post_type=product&#038;p=1204"},"modified":"2018-07-12T04:16:23","modified_gmt":"2018-07-12T03:16:23","slug":"tutorial-pulsera-amarante","status":"publish","type":"product","link":"https:\/\/ellad2.com\/es\/tienda\/tutorial-pulsera-amarante\/","title":{"rendered":"Tutorial Pulsera Amarante"},"content":{"rendered":"<p>Esta hermosa pulsera est\u00e1 hecha con cuentas Checas Rulla con dos- orificios y con cuentas Seed.<\/p>\n<p>Es divertido de hacer, \u00a0y le tomara algo de tiempo\u2026 Tiene una incre\u00edble posibilidad de jugar con diferentes colores.<\/p>\n<p>Usted puede hacer la pulsera Amarante m\u00e1s ancho o m\u00e1s estrecho.<\/p>\n<p>Nivel del Proyecto:\u00a0Intermedio<\/p>\n<p>La tutor\u00eda para la pulsera Amarante es muy detallado, f\u00e1cil de seguir, paso a paso, con instrucciones claras y con fotograf\u00edas de cada paso.<\/p>\nngg_shortcode_0_placeholder\n<p>Lista de Materiales:<\/p>\n<p>\u2013 Cuentas Seed tama\u00f1os 15\/0, 11\/0, 8\/0<br \/>\n\u2013 Cuentas Checas Rulla<br \/>\n\u2013 Broche<br \/>\n\u2013 Argollas (en caso de que desee usar la misma soluci\u00f3n para el broche que hice \u2013 broche 3- hebras).<br \/>\n\u2013 FireLine 6lb<br \/>\n\u2013 Aguja para enfilar tama\u00f1o 12 o Aguja Tulip 11<\/p>\n<p>La Tutor\u00eda es un archivo PDF. Despu\u00e9s de que haya realizado el pago ser\u00e1 redirigida a ellad2.com en donde encontrar\u00e1 el enlace para la descarga de su tutor\u00eda. Tambi\u00e9n recibir\u00e1 un correo electr\u00f3nico con la confirmaci\u00f3n del pedido. (Por favor, revise la bandeja de correo no deseado\/chatarra).<\/p>\n<p>La invitamos a vender los art\u00edculos que usted ha hecho de los tutoriales que me ha comprado.<br \/>\nVea aqu\u00ed mis <a href=\"https:\/\/ellad2.com\/es\/terminos-y-condiciones-ellad2\/\">T\u00e9rminos y Condiciones<\/a><\/p>\n<p>Derechos de Autor\u00a9Ellad2<\/p>\n","protected":false},"excerpt":{"rendered":"<p>Esta hermosa pulsera est\u00e1 hecha con cuentas Checas Rulla con dos- orificios y con cuentas Seed. Es divertido de hacer, \u00a0y le tomara algo de tiempo\u2026 Tiene una incre\u00edble posibilidad de jugar con diferentes colores. Usted puede hacer la pulsera Amarante m\u00e1s ancho o m\u00e1s estrecho. Nivel del Proyecto:\u00a0Intermedio La tutor\u00eda para la pulsera Amarante&hellip;&nbsp;<a href=\"https:\/\/ellad2.com\/es\/tienda\/tutorial-pulsera-amarante\/\" rel=\"bookmark\">Read More &raquo;<span class=\"screen-reader-text\">Tutorial Pulsera Amarante<\/span><\/a><\/p>\n","protected":false},"featured_media":1206,"template":"","meta":{"neve_meta_sidebar":"","neve_meta_container":"","neve_meta_enable_content_width":"","neve_meta_content_width":0,"neve_meta_title_alignment":"","neve_meta_author_avatar":"","neve_post_elements_order":"","neve_meta_disable_header":"","neve_meta_disable_footer":"","neve_meta_disable_title":"","neve_meta_reading_time":"","ngg_post_thumbnail":0},"product_brand":[],"product_cat":[325],"product_tag":[76],"class_list":{"0":"post-1204","1":"product","2":"type-product","3":"status-publish","4":"has-post-thumbnail","6":"product_cat-brazaletes","7":"product_tag-pulsera-con-rullas","9":"first","10":"instock","11":"downloadable","12":"virtual","13":"purchasable","14":"product-type-simple"},"_links":{"self":[{"href":"https:\/\/ellad2.com\/es\/wp-json\/wp\/v2\/product\/1204","targetHints":{"allow":["GET"]}}],"collection":[{"href":"https:\/\/ellad2.com\/es\/wp-json\/wp\/v2\/product"}],"about":[{"href":"https:\/\/ellad2.com\/es\/wp-json\/wp\/v2\/types\/product"}],"wp:featuredmedia":[{"embeddable":true,"href":"https:\/\/ellad2.com\/es\/wp-json\/wp\/v2\/media\/1206"}],"wp:attachment":[{"href":"https:\/\/ellad2.com\/es\/wp-json\/wp\/v2\/media?parent=1204"}],"wp:term":[{"taxonomy":"product_brand","embeddable":true,"href":"https:\/\/ellad2.com\/es\/wp-json\/wp\/v2\/product_brand?post=1204"},{"taxonomy":"product_cat","embeddable":true,"href":"https:\/\/ellad2.com\/es\/wp-json\/wp\/v2\/product_cat?post=1204"},{"taxonomy":"product_tag","embeddable":true,"href":"https:\/\/ellad2.com\/es\/wp-json\/wp\/v2\/product_tag?post=1204"}],"curies":[{"name":"wp","href":"https:\/\/api.w.org\/{rel}","templated":true}]}}