{"id":1190,"date":"2015-04-08T12:33:24","date_gmt":"2015-04-08T11:33:24","guid":{"rendered":"https:\/\/ellad2.com\/es\/?post_type=product&#038;p=1190"},"modified":"2018-07-12T04:16:22","modified_gmt":"2018-07-12T03:16:22","slug":"tutorial-collar-adaliz","status":"publish","type":"product","link":"https:\/\/ellad2.com\/es\/tienda\/tutorial-collar-adaliz\/","title":{"rendered":"Tutorial Collar Adaliz"},"content":{"rendered":"<p>Este hermoso collar Adaliz esta hecho con nuevas cuentas Kheops de Puca y cuentas Seed.<\/p>\n<p>F\u00e1cilmente puede jugar con diferentes colores.<\/p>\n<p>La Tutor\u00eda para el collar Adaliz es muy detallado, f\u00e1cil de seguir, paso a paso, con instrucciones claras y con fotograf\u00edas de cada paso.<\/p>\n<p>Nivel del Proyecto:\u00a0Intermedio<\/p>\nngg_shortcode_0_placeholder\n<p>Lista de Materiales:<\/p>\n<p>\u2013 Cuentas Seed Miyuki 15\/0, 11\/0, 8\/0<br \/>\n\u2013 Cuentas Triangulares Kheops de Puca<br \/>\n\u2013 Cuentas Redondas 3mm y 4mm (perlas o cuentas fire-polished en esa medida).<br \/>\n\u2013 Broche<br \/>\n\u2013 FireLine 6lb<br \/>\n\u2013 Aguja para enfilar tama\u00f1o 12 o aguja Tulip 11<\/p>\n<p>La Tutor\u00eda es un archivo PDF. Despu\u00e9s de que haya realizado el pago ser\u00e1 redirigida a ellad2.com en donde encontrar\u00e1 el enlace para la descarga de su tutor\u00eda. Tambi\u00e9n recibir\u00e1 un correo electr\u00f3nico con la confirmaci\u00f3n del pedido. (Por favor, revise la bandeja de correo no deseado\/chatarra).<\/p>\n<p>La invitamos a vender los art\u00edculos que usted ha hecho de los tutoriales que me ha comprado.<br \/>\nVea aqu\u00ed mis <a href=\"https:\/\/ellad2.com\/es\/terminos-y-condiciones-ellad2\/\">T\u00e9rminos y Condiciones<\/a><\/p>\n<p>Derechos de Autor\u00a9Ellad2<\/p>\n","protected":false},"excerpt":{"rendered":"<p>Este hermoso collar Adaliz esta hecho con nuevas cuentas Kheops de Puca y cuentas Seed. F\u00e1cilmente puede jugar con diferentes colores. La Tutor\u00eda para el collar Adaliz es muy detallado, f\u00e1cil de seguir, paso a paso, con instrucciones claras y con fotograf\u00edas de cada paso. Nivel del Proyecto:\u00a0Intermedio Lista de Materiales: \u2013 Cuentas Seed Miyuki&hellip;&nbsp;<a href=\"https:\/\/ellad2.com\/es\/tienda\/tutorial-collar-adaliz\/\" rel=\"bookmark\">Read More &raquo;<span class=\"screen-reader-text\">Tutorial Collar Adaliz<\/span><\/a><\/p>\n","protected":false},"featured_media":1191,"template":"","meta":{"neve_meta_sidebar":"","neve_meta_container":"","neve_meta_enable_content_width":"","neve_meta_content_width":0,"neve_meta_title_alignment":"","neve_meta_author_avatar":"","neve_post_elements_order":"","neve_meta_disable_header":"","neve_meta_disable_footer":"","neve_meta_disable_title":"","neve_meta_reading_time":"","ngg_post_thumbnail":0},"product_brand":[],"product_cat":[329],"product_tag":[],"class_list":{"0":"post-1190","1":"product","2":"type-product","3":"status-publish","4":"has-post-thumbnail","6":"product_cat-collares","8":"first","9":"instock","10":"downloadable","11":"virtual","12":"purchasable","13":"product-type-simple"},"_links":{"self":[{"href":"https:\/\/ellad2.com\/es\/wp-json\/wp\/v2\/product\/1190","targetHints":{"allow":["GET"]}}],"collection":[{"href":"https:\/\/ellad2.com\/es\/wp-json\/wp\/v2\/product"}],"about":[{"href":"https:\/\/ellad2.com\/es\/wp-json\/wp\/v2\/types\/product"}],"wp:featuredmedia":[{"embeddable":true,"href":"https:\/\/ellad2.com\/es\/wp-json\/wp\/v2\/media\/1191"}],"wp:attachment":[{"href":"https:\/\/ellad2.com\/es\/wp-json\/wp\/v2\/media?parent=1190"}],"wp:term":[{"taxonomy":"product_brand","embeddable":true,"href":"https:\/\/ellad2.com\/es\/wp-json\/wp\/v2\/product_brand?post=1190"},{"taxonomy":"product_cat","embeddable":true,"href":"https:\/\/ellad2.com\/es\/wp-json\/wp\/v2\/product_cat?post=1190"},{"taxonomy":"product_tag","embeddable":true,"href":"https:\/\/ellad2.com\/es\/wp-json\/wp\/v2\/product_tag?post=1190"}],"curies":[{"name":"wp","href":"https:\/\/api.w.org\/{rel}","templated":true}]}}