{"id":1181,"date":"2015-04-03T13:29:36","date_gmt":"2015-04-03T12:29:36","guid":{"rendered":"https:\/\/ellad2.com\/es\/?post_type=product&#038;p=1181"},"modified":"2018-07-12T04:16:21","modified_gmt":"2018-07-12T03:16:21","slug":"tutorial-colgante-anice","status":"publish","type":"product","link":"https:\/\/ellad2.com\/es\/tienda\/tutorial-colgante-anice\/","title":{"rendered":"Tutorial Colgante Anice"},"content":{"rendered":"<p>El Colgante Anice est\u00e1 hecho con cuentas Seed y con cuentas Pellet Checas.<\/p>\n<p>Es f\u00e1cil y r\u00e1pido de hacer y puede jugar con diferentes colores de cuentas.<\/p>\n<p>Di\u00e1metro del colgante es de 5 cm.<\/p>\n<p>La Tutor\u00eda para el colgante Anice es muy detallado, f\u00e1cil de seguir, paso a paso, con instrucciones claras y con fotograf\u00edas de cada paso.<\/p>\n<h6>ngg_shortcode_0_placeholder<\/h6>\n<p>Nivel del Project: Intermedio.<\/p>\n<p>Material necesario:<\/p>\n<p>\u2013 Cuentas Seed tama\u00f1os 11\/0, 8\/0, 15\/0<br \/>\n\u2013 Cuentas Pellet Checas<br \/>\n\u2013 Cabuj\u00f3n Lunasoft 24mm<br \/>\n\u2013 Cuentas Fire-polished 4mm<br \/>\n\u2013 Tirilla pellizco 5.25mm (Si desea puede usar la misma que us\u00e9 o puede hacer su propia tirilla pellizco).<br \/>\n\u2013 Fireline 6lb<br \/>\n\u2013 Aguja para enfilar tama\u00f1o 12 o aguja Tulip 11<\/p>\n<p>La Tutor\u00eda es un archivo PDF. Despu\u00e9s de que haya realizado el pago ser\u00e1 redirigida a ellad2.com en donde encontrar\u00e1 el enlace para la descarga de su tutor\u00eda. Tambi\u00e9n recibir\u00e1 un correo electr\u00f3nico con la confirmaci\u00f3n del pedido. (Por favor, revise la bandeja de correo no deseado\/chatarra).<\/p>\n<p>La invitamos a vender los art\u00edculos que usted ha hecho de los tutoriales que me ha comprado.<br \/>\nVea aqu\u00ed mis <a href=\"https:\/\/ellad2.com\/es\/terminos-y-condiciones-ellad2\/\">T\u00e9rminos y Condiciones<\/a><\/p>\n<p>Derechos de Autor\u00a9Ellad2<\/p>\n","protected":false},"excerpt":{"rendered":"<p>El Colgante Anice est\u00e1 hecho con cuentas Seed y con cuentas Pellet Checas. Es f\u00e1cil y r\u00e1pido de hacer y puede jugar con diferentes colores de cuentas. Di\u00e1metro del colgante es de 5 cm. La Tutor\u00eda para el colgante Anice es muy detallado, f\u00e1cil de seguir, paso a paso, con instrucciones claras y con fotograf\u00edas&hellip;&nbsp;<a href=\"https:\/\/ellad2.com\/es\/tienda\/tutorial-colgante-anice\/\" rel=\"bookmark\">Read More &raquo;<span class=\"screen-reader-text\">Tutorial Colgante Anice<\/span><\/a><\/p>\n","protected":false},"featured_media":1182,"template":"","meta":{"neve_meta_sidebar":"","neve_meta_container":"","neve_meta_enable_content_width":"","neve_meta_content_width":0,"neve_meta_title_alignment":"","neve_meta_author_avatar":"","neve_post_elements_order":"","neve_meta_disable_header":"","neve_meta_disable_footer":"","neve_meta_disable_title":"","neve_meta_reading_time":"","ngg_post_thumbnail":0},"product_brand":[],"product_cat":[327],"product_tag":[],"class_list":{"0":"post-1181","1":"product","2":"type-product","3":"status-publish","4":"has-post-thumbnail","6":"product_cat-colgantes","8":"first","9":"instock","10":"downloadable","11":"virtual","12":"purchasable","13":"product-type-simple"},"_links":{"self":[{"href":"https:\/\/ellad2.com\/es\/wp-json\/wp\/v2\/product\/1181","targetHints":{"allow":["GET"]}}],"collection":[{"href":"https:\/\/ellad2.com\/es\/wp-json\/wp\/v2\/product"}],"about":[{"href":"https:\/\/ellad2.com\/es\/wp-json\/wp\/v2\/types\/product"}],"wp:featuredmedia":[{"embeddable":true,"href":"https:\/\/ellad2.com\/es\/wp-json\/wp\/v2\/media\/1182"}],"wp:attachment":[{"href":"https:\/\/ellad2.com\/es\/wp-json\/wp\/v2\/media?parent=1181"}],"wp:term":[{"taxonomy":"product_brand","embeddable":true,"href":"https:\/\/ellad2.com\/es\/wp-json\/wp\/v2\/product_brand?post=1181"},{"taxonomy":"product_cat","embeddable":true,"href":"https:\/\/ellad2.com\/es\/wp-json\/wp\/v2\/product_cat?post=1181"},{"taxonomy":"product_tag","embeddable":true,"href":"https:\/\/ellad2.com\/es\/wp-json\/wp\/v2\/product_tag?post=1181"}],"curies":[{"name":"wp","href":"https:\/\/api.w.org\/{rel}","templated":true}]}}