{"id":1156,"date":"2015-02-26T16:07:06","date_gmt":"2015-02-26T15:07:06","guid":{"rendered":"https:\/\/ellad2.com\/es\/?post_type=product&#038;p=1156"},"modified":"2018-07-12T04:16:19","modified_gmt":"2018-07-12T03:16:19","slug":"tutorial-pulsera-caneel","status":"publish","type":"product","link":"https:\/\/ellad2.com\/es\/tienda\/tutorial-pulsera-caneel\/","title":{"rendered":"Tutorial Pulsera Caneel"},"content":{"rendered":"<p>Hermosa pulsera hecha con cuentas Superduo, cuentas-O, Druk y cuentas Fire-polished.<br \/>\nUsted puede f\u00e1cilmente jugar con los colores de las cuentas.<\/p>\n<p>Nivel del Proyecto: Todos los niveles<\/p>\n<p>La Tutor\u00eda de abalorios para la pulsera Caneel es muy detallada, f\u00e1cil de seguir paso a paso, con instrucciones claras y con fotos a color de cada paso.<\/p>\nngg_shortcode_0_placeholder\n<p>Material necesario:<br \/>\n\u2013 Cuentas Seed Miyuki 8\/0, 11\/0, 15\/0<br \/>\n\u2013 Cuentas Checas Druk 4mm<br \/>\n\u2013 Cuentas Checas Fire-polished 4mm<br \/>\n\u2013 Cuentas Superduo (2 colores)<br \/>\n\u2013 Cuentas-O<br \/>\n\u2013 Broche<br \/>\n\u2013 FireLine 6lb<br \/>\n\u2013 Aguja para enfilar tama\u00f1o 12 o aguja Tulip 11<\/p>\n<p>El Tutorial es un archivo PDF. Despu\u00e9s de que haya realizado el pago ser\u00e1 redirigida a ellad2.com en donde encontrar\u00e1 el enlace para la descarga de su tutorial. Tambi\u00e9n recibir\u00e1 un correo electr\u00f3nico con la confirmaci\u00f3n del pedido. (Por favor, revise la bandeja de correo no deseado\/chatarra).<\/p>\n<p>La invitamos a vender los art\u00edculos que usted ha hecho de los tutoriales que me ha comprado.<\/p>\n<p>Derechos de Autor\u00a9Ellad2<\/p>\n","protected":false},"excerpt":{"rendered":"<p>Hermosa pulsera hecha con cuentas Superduo, cuentas-O, Druk y cuentas Fire-polished. Usted puede f\u00e1cilmente jugar con los colores de las cuentas. Nivel del Proyecto: Todos los niveles La Tutor\u00eda de abalorios para la pulsera Caneel es muy detallada, f\u00e1cil de seguir paso a paso, con instrucciones claras y con fotos a color de cada paso.&hellip;&nbsp;<a href=\"https:\/\/ellad2.com\/es\/tienda\/tutorial-pulsera-caneel\/\" rel=\"bookmark\">Read More &raquo;<span class=\"screen-reader-text\">Tutorial Pulsera Caneel<\/span><\/a><\/p>\n","protected":false},"featured_media":1157,"template":"","meta":{"neve_meta_sidebar":"","neve_meta_container":"","neve_meta_enable_content_width":"","neve_meta_content_width":0,"neve_meta_title_alignment":"","neve_meta_author_avatar":"","neve_post_elements_order":"","neve_meta_disable_header":"","neve_meta_disable_footer":"","neve_meta_disable_title":"","neve_meta_reading_time":"","ngg_post_thumbnail":0},"product_brand":[],"product_cat":[325],"product_tag":[],"class_list":{"0":"post-1156","1":"product","2":"type-product","3":"status-publish","4":"has-post-thumbnail","6":"product_cat-brazaletes","8":"first","9":"instock","10":"downloadable","11":"virtual","12":"purchasable","13":"product-type-simple"},"_links":{"self":[{"href":"https:\/\/ellad2.com\/es\/wp-json\/wp\/v2\/product\/1156","targetHints":{"allow":["GET"]}}],"collection":[{"href":"https:\/\/ellad2.com\/es\/wp-json\/wp\/v2\/product"}],"about":[{"href":"https:\/\/ellad2.com\/es\/wp-json\/wp\/v2\/types\/product"}],"wp:featuredmedia":[{"embeddable":true,"href":"https:\/\/ellad2.com\/es\/wp-json\/wp\/v2\/media\/1157"}],"wp:attachment":[{"href":"https:\/\/ellad2.com\/es\/wp-json\/wp\/v2\/media?parent=1156"}],"wp:term":[{"taxonomy":"product_brand","embeddable":true,"href":"https:\/\/ellad2.com\/es\/wp-json\/wp\/v2\/product_brand?post=1156"},{"taxonomy":"product_cat","embeddable":true,"href":"https:\/\/ellad2.com\/es\/wp-json\/wp\/v2\/product_cat?post=1156"},{"taxonomy":"product_tag","embeddable":true,"href":"https:\/\/ellad2.com\/es\/wp-json\/wp\/v2\/product_tag?post=1156"}],"curies":[{"name":"wp","href":"https:\/\/api.w.org\/{rel}","templated":true}]}}