{"id":1134,"date":"2015-02-11T15:04:44","date_gmt":"2015-02-11T14:04:44","guid":{"rendered":"https:\/\/ellad2.com\/es\/?post_type=product&#038;p=1134"},"modified":"2018-07-12T04:16:19","modified_gmt":"2018-07-12T03:16:19","slug":"tutorial-colgante-koi","status":"publish","type":"product","link":"https:\/\/ellad2.com\/es\/tienda\/tutorial-colgante-koi\/","title":{"rendered":"Tutorial Colgante Koi"},"content":{"rendered":"<p>Jugando con la geometr\u00eda y con la puntada Peyote\u2026<\/p>\n<p>Hice esta\u00a0tutor\u00eda usando s\u00f3lo dos colores de abalorios Delica Miyuki (es m\u00e1s f\u00e1cil de explicar), pero usted puede agregar tantos colores como desee, puede realizar diferentes patrones y hacer este colgante a\u00fan m\u00e1s hermoso. Adem\u00e1s, puede jugar con la forma: hacer lo m\u00e1s peque\u00f1o, o m\u00e1s grande\u2026<\/p>\n<p>Nivel del Proyecto:\u00a0 intermedio. Debe estar familiarizada con la puntada Peyote<\/p>\n<p>El Tutorial de abalorios para el colgante Koi es muy detallado, f\u00e1cil de seguir, paso a paso, con instrucciones claras y con fotos a color de cada paso.<\/p>\nngg_shortcode_0_placeholder\n<p>Lista de Material:<\/p>\n<p>\u2013 Cuentas Delica Miyuki 11\/0<br \/>\n\u2013 Cuentas Seed 11\/0, 8\/0<br \/>\n\u2013 Cuentas Superduo<br \/>\n\u2013 Rivoli Swarovski 14mm<br \/>\n\u2013 FireLine 6lb<br \/>\n\u2013 Aguja para enfilar tama\u00f1o 12 o a\u00fan mejor aguja Tulip 11<\/p>\n<p>El Tutorial de abalorios es un archivo PDF. Despu\u00e9s de que haya realizado el pago ser\u00e1 redirigida a ellad2.com en donde encontrar\u00e1 el enlace para la descarga de su tutor\u00eda. Tambi\u00e9n recibir\u00e1 un correo electr\u00f3nico con la confirmaci\u00f3n del pedido. (Por favor, revise la bandeja de correo no deseado\/chatarra).<\/p>\n<p>La invitamos a vender los art\u00edculos que usted ha hecho de los tutoriales que me ha comprado.<br \/>\nVea aqu\u00ed mis: <a href=\"https:\/\/ellad2.com\/es\/terminos-y-condiciones-ellad2\/\">T\u00e9rminos y Condiciones<\/a><\/p>\n<p>Derechos de Autor\u00a9Ellad2<\/p>\n","protected":false},"excerpt":{"rendered":"<p>Jugando con la geometr\u00eda y con la puntada Peyote\u2026 Hice esta\u00a0tutor\u00eda usando s\u00f3lo dos colores de abalorios Delica Miyuki (es m\u00e1s f\u00e1cil de explicar), pero usted puede agregar tantos colores como desee, puede realizar diferentes patrones y hacer este colgante a\u00fan m\u00e1s hermoso. Adem\u00e1s, puede jugar con la forma: hacer lo m\u00e1s peque\u00f1o, o m\u00e1s&hellip;&nbsp;<a href=\"https:\/\/ellad2.com\/es\/tienda\/tutorial-colgante-koi\/\" rel=\"bookmark\">Read More &raquo;<span class=\"screen-reader-text\">Tutorial Colgante Koi<\/span><\/a><\/p>\n","protected":false},"featured_media":1135,"template":"","meta":{"neve_meta_sidebar":"","neve_meta_container":"","neve_meta_enable_content_width":"","neve_meta_content_width":0,"neve_meta_title_alignment":"","neve_meta_author_avatar":"","neve_post_elements_order":"","neve_meta_disable_header":"","neve_meta_disable_footer":"","neve_meta_disable_title":"","neve_meta_reading_time":"","ngg_post_thumbnail":0},"product_brand":[],"product_cat":[327],"product_tag":[],"class_list":{"0":"post-1134","1":"product","2":"type-product","3":"status-publish","4":"has-post-thumbnail","6":"product_cat-colgantes","8":"first","9":"instock","10":"downloadable","11":"virtual","12":"purchasable","13":"product-type-simple"},"_links":{"self":[{"href":"https:\/\/ellad2.com\/es\/wp-json\/wp\/v2\/product\/1134","targetHints":{"allow":["GET"]}}],"collection":[{"href":"https:\/\/ellad2.com\/es\/wp-json\/wp\/v2\/product"}],"about":[{"href":"https:\/\/ellad2.com\/es\/wp-json\/wp\/v2\/types\/product"}],"wp:featuredmedia":[{"embeddable":true,"href":"https:\/\/ellad2.com\/es\/wp-json\/wp\/v2\/media\/1135"}],"wp:attachment":[{"href":"https:\/\/ellad2.com\/es\/wp-json\/wp\/v2\/media?parent=1134"}],"wp:term":[{"taxonomy":"product_brand","embeddable":true,"href":"https:\/\/ellad2.com\/es\/wp-json\/wp\/v2\/product_brand?post=1134"},{"taxonomy":"product_cat","embeddable":true,"href":"https:\/\/ellad2.com\/es\/wp-json\/wp\/v2\/product_cat?post=1134"},{"taxonomy":"product_tag","embeddable":true,"href":"https:\/\/ellad2.com\/es\/wp-json\/wp\/v2\/product_tag?post=1134"}],"curies":[{"name":"wp","href":"https:\/\/api.w.org\/{rel}","templated":true}]}}