{"id":1128,"date":"2015-02-07T18:21:40","date_gmt":"2015-02-07T17:21:40","guid":{"rendered":"https:\/\/ellad2.com\/es\/?post_type=product&#038;p=1128"},"modified":"2018-07-12T04:16:18","modified_gmt":"2018-07-12T03:16:18","slug":"tutorial-pulsera-lantana","status":"publish","type":"product","link":"https:\/\/ellad2.com\/es\/tienda\/tutorial-pulsera-lantana\/","title":{"rendered":"Tutorial Pulsera Lantana"},"content":{"rendered":"<p>Esta hermosa, elegante y resplandeciente pulsera esta tejida con cuentas Seed Miyuki, Bicones Swarovski cristal, Perlas Czech, Superduo y cuentas-O.<\/p>\n<p>Nivel del Proyecto: intermedio. Se requiere una buena tensi\u00f3n.<\/p>\n<p>El Tutorial de abalorios para la pulsera Lantana es muy detallado, f\u00e1cil de seguir, paso a paso, con instrucciones claras y con fotos a color de cada paso.<\/p>\nngg_shortcode_0_placeholder\n<p>Lista de Material:<\/p>\n<p>\u2013 Cuentas Seed 11\/0, 8\/0, 15\/0<br \/>\n\u2013 Cuentas Superduo<br \/>\n\u2013 Cuentas-O<br \/>\n\u2013 Perlas redondas 3 mm y 4mm<br \/>\n\u2013 Bicones Swarovski 4mm<br \/>\n\u2013 Broche (de 2 hebras en mi caso)<br \/>\n\u2013 FireLine 6lb<br \/>\n\u2013 Aguja para enfilar tama\u00f1o 12 o a\u00fan mejor aguja Tulip 11<\/p>\n<p>El Tutorial de abalorios es un archivo PDF. Despu\u00e9s de que haya realizado el pago ser\u00e1 redirigida a ellad2.com en donde encontrar\u00e1 el enlace para la descarga de su tutorial. Tambi\u00e9n recibir\u00e1 un correo electr\u00f3nico con la confirmaci\u00f3n del pedido. (Por favor, revise la bandeja de correo no deseado\/chatarra).<\/p>\n<p>La invitamos a vender los art\u00edculos que usted ha hecho de los tutoriales que me ha comprado.<br \/>\nVea aqu\u00ed mis: <a href=\"https:\/\/ellad2.com\/es\/terminos-y-condiciones-ellad2\/\">T\u00e9rminos y Condiciones<\/a><\/p>\n<p>Derechos de Autor\u00a9Ellad2<\/p>\n","protected":false},"excerpt":{"rendered":"<p>Esta hermosa, elegante y resplandeciente pulsera esta tejida con cuentas Seed Miyuki, Bicones Swarovski cristal, Perlas Czech, Superduo y cuentas-O. Nivel del Proyecto: intermedio. Se requiere una buena tensi\u00f3n. El Tutorial de abalorios para la pulsera Lantana es muy detallado, f\u00e1cil de seguir, paso a paso, con instrucciones claras y con fotos a color de&hellip;&nbsp;<a href=\"https:\/\/ellad2.com\/es\/tienda\/tutorial-pulsera-lantana\/\" rel=\"bookmark\">Read More &raquo;<span class=\"screen-reader-text\">Tutorial Pulsera Lantana<\/span><\/a><\/p>\n","protected":false},"featured_media":1129,"template":"","meta":{"neve_meta_sidebar":"","neve_meta_container":"","neve_meta_enable_content_width":"","neve_meta_content_width":0,"neve_meta_title_alignment":"","neve_meta_author_avatar":"","neve_post_elements_order":"","neve_meta_disable_header":"","neve_meta_disable_footer":"","neve_meta_disable_title":"","neve_meta_reading_time":"","ngg_post_thumbnail":0},"product_brand":[],"product_cat":[325],"product_tag":[],"class_list":{"0":"post-1128","1":"product","2":"type-product","3":"status-publish","4":"has-post-thumbnail","6":"product_cat-brazaletes","8":"first","9":"instock","10":"downloadable","11":"virtual","12":"purchasable","13":"product-type-simple"},"_links":{"self":[{"href":"https:\/\/ellad2.com\/es\/wp-json\/wp\/v2\/product\/1128","targetHints":{"allow":["GET"]}}],"collection":[{"href":"https:\/\/ellad2.com\/es\/wp-json\/wp\/v2\/product"}],"about":[{"href":"https:\/\/ellad2.com\/es\/wp-json\/wp\/v2\/types\/product"}],"wp:featuredmedia":[{"embeddable":true,"href":"https:\/\/ellad2.com\/es\/wp-json\/wp\/v2\/media\/1129"}],"wp:attachment":[{"href":"https:\/\/ellad2.com\/es\/wp-json\/wp\/v2\/media?parent=1128"}],"wp:term":[{"taxonomy":"product_brand","embeddable":true,"href":"https:\/\/ellad2.com\/es\/wp-json\/wp\/v2\/product_brand?post=1128"},{"taxonomy":"product_cat","embeddable":true,"href":"https:\/\/ellad2.com\/es\/wp-json\/wp\/v2\/product_cat?post=1128"},{"taxonomy":"product_tag","embeddable":true,"href":"https:\/\/ellad2.com\/es\/wp-json\/wp\/v2\/product_tag?post=1128"}],"curies":[{"name":"wp","href":"https:\/\/api.w.org\/{rel}","templated":true}]}}