{"id":111,"date":"2013-03-31T17:34:16","date_gmt":"2013-03-31T17:34:16","guid":{"rendered":"https:\/\/ellad2.com\/es\/?post_type=product&#038;p=111"},"modified":"2018-07-12T04:15:14","modified_gmt":"2018-07-12T03:15:14","slug":"tutorial-de-abalorios-aretes-super-triangle","status":"publish","type":"product","link":"https:\/\/ellad2.com\/es\/tienda\/tutorial-de-abalorios-aretes-super-triangle\/","title":{"rendered":"Tutorial Aretes Super Triangle"},"content":{"rendered":"<p><strong>Aretes Super Triangle<\/strong><\/p>\n<p>Este dise\u00f1o vino despu\u00e9s de los <a title=\"Tutorial de Abalorios \u2013 Aretes Super Triangle\" href=\"https:\/\/ellad2.com\/es\/tienda\/productos\/tutorial-de-abalorios-aretes-super-triangle\/\">Aretes Super Squares<\/a> :) jugando con figuras geom\u00e9tricas con los SuperDuos y los Twins.<\/p>\n<p>Fue bien divertido el hacer los aretes Super Triangles. R\u00e1pido y f\u00e1cil. Las combinaciones de colores son infinitas.<\/p>\n<p>&nbsp;<\/p>\n<p>Los Aretes Super Triangles son bien elegantes y lindos, dependiendo de qu\u00e9 tipo de piedras y cristales usted use.<br \/>\nLas instrucciones para confeccionarlos son bien detalladas con fotos de cada paso.<\/p>\n<p>Material que necesita:<\/p>\n<p>&#8211; Rocallas (sb) Miyuki 11\/0<br \/>\n&#8211; Rocallas (sb) Miyuki 8\/0<br \/>\n&#8211; Biconos Swarovski 3mm<br \/>\n&#8211; Rivoli Swarovski 12mm<br \/>\n&#8211; SuperDuo o Twin (Los ar\u00eates violetas son hechos con SuperDuos y los azules fueron hechos con Twin Beads)<br \/>\n&#8211; Enganches para aretes<br \/>\n&#8211; Hilo Nymo tama\u00f1o B o D, o Hilo FireLine 0.006<br \/>\n&#8211; Aguja tama\u00f1o 12<\/p>\n<p>Estar\u00e9 agradecida de que pueda vender este anillo confeccionado de este tutorial. Por favor, lea mis <a title=\"T\u00e9rminos y Condiciones\" href=\"https:\/\/ellad2.com\/es\/terminos-y-condiciones-ellad2\/\" target=\"_blank\" rel=\"noopener\">T\u00e9rminos y Condiciones.<\/a><\/p>\nngg_shortcode_0_placeholder\n<p>&nbsp;<\/p>\n","protected":false},"excerpt":{"rendered":"<p>Aretes Super Triangle Este dise\u00f1o vino despu\u00e9s de los Aretes Super Squares :) jugando con figuras geom\u00e9tricas con los SuperDuos y los Twins. Fue bien divertido el hacer los aretes Super Triangles. R\u00e1pido y f\u00e1cil. Las combinaciones de colores son infinitas. &nbsp; Los Aretes Super Triangles son bien elegantes y lindos, dependiendo de qu\u00e9 tipo&hellip;&nbsp;<a href=\"https:\/\/ellad2.com\/es\/tienda\/tutorial-de-abalorios-aretes-super-triangle\/\" rel=\"bookmark\">Read More &raquo;<span class=\"screen-reader-text\">Tutorial Aretes Super Triangle<\/span><\/a><\/p>\n","protected":false},"featured_media":112,"template":"","meta":{"neve_meta_sidebar":"","neve_meta_container":"","neve_meta_enable_content_width":"","neve_meta_content_width":0,"neve_meta_title_alignment":"","neve_meta_author_avatar":"","neve_post_elements_order":"","neve_meta_disable_header":"","neve_meta_disable_footer":"","neve_meta_disable_title":"","neve_meta_reading_time":"","ngg_post_thumbnail":0},"product_brand":[],"product_cat":[321],"product_tag":[],"class_list":{"0":"post-111","1":"product","2":"type-product","3":"status-publish","4":"has-post-thumbnail","6":"product_cat-aretes","8":"first","9":"instock","10":"downloadable","11":"virtual","12":"purchasable","13":"product-type-simple"},"_links":{"self":[{"href":"https:\/\/ellad2.com\/es\/wp-json\/wp\/v2\/product\/111","targetHints":{"allow":["GET"]}}],"collection":[{"href":"https:\/\/ellad2.com\/es\/wp-json\/wp\/v2\/product"}],"about":[{"href":"https:\/\/ellad2.com\/es\/wp-json\/wp\/v2\/types\/product"}],"wp:featuredmedia":[{"embeddable":true,"href":"https:\/\/ellad2.com\/es\/wp-json\/wp\/v2\/media\/112"}],"wp:attachment":[{"href":"https:\/\/ellad2.com\/es\/wp-json\/wp\/v2\/media?parent=111"}],"wp:term":[{"taxonomy":"product_brand","embeddable":true,"href":"https:\/\/ellad2.com\/es\/wp-json\/wp\/v2\/product_brand?post=111"},{"taxonomy":"product_cat","embeddable":true,"href":"https:\/\/ellad2.com\/es\/wp-json\/wp\/v2\/product_cat?post=111"},{"taxonomy":"product_tag","embeddable":true,"href":"https:\/\/ellad2.com\/es\/wp-json\/wp\/v2\/product_tag?post=111"}],"curies":[{"name":"wp","href":"https:\/\/api.w.org\/{rel}","templated":true}]}}