{"id":1103,"date":"2015-01-13T12:52:35","date_gmt":"2015-01-13T11:52:35","guid":{"rendered":"https:\/\/ellad2.com\/es\/?post_type=product&#038;p=1103"},"modified":"2018-07-12T04:16:17","modified_gmt":"2018-07-12T03:16:17","slug":"tutorial-gargantilla-hama","status":"publish","type":"product","link":"https:\/\/ellad2.com\/es\/tienda\/tutorial-gargantilla-hama\/","title":{"rendered":"Tutorial Gargantilla Hama"},"content":{"rendered":"<p>Gargantilla Hama<\/p>\n<p>Una espl\u00e9ndida gargantilla hecha con cuentas Superduo, cuentas-O, cuentas Seed y cuentas Miyuki Gota Larga.<\/p>\n<p>Es una gargantilla, por lo tanto tiene que caber cerca de la parte inferior de su cuello.<\/p>\n<p>Nivel del Proyecto: intermedio.<\/p>\n<p>El Tutorial para la gargantilla Hama es muy detallado, f\u00e1cil de seguir, paso a paso, con instrucciones claras y con fotos a color de cada paso.<\/p>\nngg_shortcode_0_placeholder\n<p><strong>Material necesario:<\/strong><\/p>\n<p>\u2013 Cuentas Seed Miyuki 15\/0, 11\/0, 8\/0<br \/>\n\u2013 Cuentas Miyuki Gota Larga o cualquier otra cuenta que tenga\/o guste.<br \/>\n\u2013 Cuentas Czech fire-polished 3mm<br \/>\n\u2013 Perlas 6mm<br \/>\n\u2013 Cuentas Superduo<br \/>\n\u2013 Cuentas-O<br \/>\n\u2013 Broche<br \/>\n\u2013 FireLine 0.006<\/p>\n<p>El Tutorial es un archivo PDF. Despu\u00e9s de que haya realizado el pago ser\u00e1 redirigida a ellad2.com en donde encontrar\u00e1 el enlace para la descarga de su tutorial. Tambi\u00e9n recibir\u00e1 un correo electr\u00f3nico con la confirmaci\u00f3n del pedido. (Por favor, revise la bandeja de correo no deseado\/chatarra).<\/p>\n<p>La invitamos a vender los art\u00edculos que usted ha hecho de los tutoriales que me ha comprado.<br \/>\nVea aqu\u00ed mis <a href=\"https:\/\/ellad2.com\/es\/terminos-y-condiciones-ellad2\/\">T\u00e9rminos y Condiciones<\/a><\/p>\n<p>Derechos de Autor\u00a9Ellad2<\/p>\n","protected":false},"excerpt":{"rendered":"<p>Gargantilla Hama Una espl\u00e9ndida gargantilla hecha con cuentas Superduo, cuentas-O, cuentas Seed y cuentas Miyuki Gota Larga. Es una gargantilla, por lo tanto tiene que caber cerca de la parte inferior de su cuello. Nivel del Proyecto: intermedio. El Tutorial para la gargantilla Hama es muy detallado, f\u00e1cil de seguir, paso a paso, con instrucciones&hellip;&nbsp;<a href=\"https:\/\/ellad2.com\/es\/tienda\/tutorial-gargantilla-hama\/\" rel=\"bookmark\">Read More &raquo;<span class=\"screen-reader-text\">Tutorial Gargantilla Hama<\/span><\/a><\/p>\n","protected":false},"featured_media":1104,"template":"","meta":{"neve_meta_sidebar":"","neve_meta_container":"","neve_meta_enable_content_width":"","neve_meta_content_width":0,"neve_meta_title_alignment":"","neve_meta_author_avatar":"","neve_post_elements_order":"","neve_meta_disable_header":"","neve_meta_disable_footer":"","neve_meta_disable_title":"","neve_meta_reading_time":"","ngg_post_thumbnail":0},"product_brand":[],"product_cat":[329],"product_tag":[],"class_list":{"0":"post-1103","1":"product","2":"type-product","3":"status-publish","4":"has-post-thumbnail","6":"product_cat-collares","8":"first","9":"instock","10":"downloadable","11":"virtual","12":"purchasable","13":"product-type-simple"},"_links":{"self":[{"href":"https:\/\/ellad2.com\/es\/wp-json\/wp\/v2\/product\/1103","targetHints":{"allow":["GET"]}}],"collection":[{"href":"https:\/\/ellad2.com\/es\/wp-json\/wp\/v2\/product"}],"about":[{"href":"https:\/\/ellad2.com\/es\/wp-json\/wp\/v2\/types\/product"}],"wp:featuredmedia":[{"embeddable":true,"href":"https:\/\/ellad2.com\/es\/wp-json\/wp\/v2\/media\/1104"}],"wp:attachment":[{"href":"https:\/\/ellad2.com\/es\/wp-json\/wp\/v2\/media?parent=1103"}],"wp:term":[{"taxonomy":"product_brand","embeddable":true,"href":"https:\/\/ellad2.com\/es\/wp-json\/wp\/v2\/product_brand?post=1103"},{"taxonomy":"product_cat","embeddable":true,"href":"https:\/\/ellad2.com\/es\/wp-json\/wp\/v2\/product_cat?post=1103"},{"taxonomy":"product_tag","embeddable":true,"href":"https:\/\/ellad2.com\/es\/wp-json\/wp\/v2\/product_tag?post=1103"}],"curies":[{"name":"wp","href":"https:\/\/api.w.org\/{rel}","templated":true}]}}