{"id":1097,"date":"2015-01-07T13:18:15","date_gmt":"2015-01-07T12:18:15","guid":{"rendered":"https:\/\/ellad2.com\/es\/?post_type=product&#038;p=1097"},"modified":"2018-07-12T04:16:16","modified_gmt":"2018-07-12T03:16:16","slug":"tutorial-pulsera-calista","status":"publish","type":"product","link":"https:\/\/ellad2.com\/es\/tienda\/tutorial-pulsera-calista\/","title":{"rendered":"Tutorial Pulsera Calista"},"content":{"rendered":"<p>Pulsera Calista<\/p>\n<p>Es una hermosa pulsera hecha con cuentas triangulares\u00a0<a href=\"http:\/\/perlepuca.canalblog.com\"><strong>Kheops de Puca<\/strong><\/a>, cuentas SuperDuo y cuentas-O.<\/p>\n<p>Nivel del Project: intermedio.<\/p>\n<p>El Tutorial para la pulsera Calista con cuentas Kheops es muy detallado, f\u00e1cil de seguir, paso a paso, con instrucciones claras y con fotos a color de cada paso.<\/p>\nngg_shortcode_0_placeholder\n<p><strong>Material necesario:<\/strong><\/p>\n<p>\u2013 Cuentas Seed Miyuki tama\u00f1o 15\/0, 11\/0, 8\/0<br \/>\n\u2013 Cuentas Triangulares Kheops de Puca<br \/>\n\u2013 Cuentas-O<br \/>\n\u2013 Broche<br \/>\n\u2013 FireLine 6lb (0.008)<br \/>\n\u2013 Aguja para enfilar tama\u00f1o 12 o aguja Tulip 11<\/p>\n<p>El Tutorial es un archivo PDF. Despu\u00e9s de que haya realizado el pago ser\u00e1 redirigida a ellad2.com en donde encontrar\u00e1 el enlace para la descarga de su tutorial. Tambi\u00e9n recibir\u00e1 un correo electr\u00f3nico con la confirmaci\u00f3n del pedido. (Por favor, revise la bandeja de correo no deseado\/chatarra).<\/p>\n<p>La invitamos a vender los art\u00edculos que usted ha hecho de los tutoriales que me ha comprado.<br \/>\nVea aqu\u00ed mis <a href=\"https:\/\/ellad2.com\/es\/terminos-y-condiciones-ellad2\/\">T\u00e9rminos y Condiciones<\/a><\/p>\n<p>Derechos de Autor\u00a9Ellad2<\/p>\n","protected":false},"excerpt":{"rendered":"<p>Pulsera Calista Es una hermosa pulsera hecha con cuentas triangulares\u00a0Kheops de Puca, cuentas SuperDuo y cuentas-O. Nivel del Project: intermedio. El Tutorial para la pulsera Calista con cuentas Kheops es muy detallado, f\u00e1cil de seguir, paso a paso, con instrucciones claras y con fotos a color de cada paso. Material necesario: \u2013 Cuentas Seed Miyuki&hellip;&nbsp;<a href=\"https:\/\/ellad2.com\/es\/tienda\/tutorial-pulsera-calista\/\" rel=\"bookmark\">Read More &raquo;<span class=\"screen-reader-text\">Tutorial Pulsera Calista<\/span><\/a><\/p>\n","protected":false},"featured_media":1098,"template":"","meta":{"neve_meta_sidebar":"","neve_meta_container":"","neve_meta_enable_content_width":"","neve_meta_content_width":0,"neve_meta_title_alignment":"","neve_meta_author_avatar":"","neve_post_elements_order":"","neve_meta_disable_header":"","neve_meta_disable_footer":"","neve_meta_disable_title":"","neve_meta_reading_time":"","ngg_post_thumbnail":0},"product_brand":[],"product_cat":[325],"product_tag":[74,73,75],"class_list":{"0":"post-1097","1":"product","2":"type-product","3":"status-publish","4":"has-post-thumbnail","6":"product_cat-brazaletes","7":"product_tag-cuentas-kheops","8":"product_tag-esquema-con-cuentas-kheops","9":"product_tag-pulsera-con-cuentas-kheops","11":"first","12":"instock","13":"downloadable","14":"virtual","15":"purchasable","16":"product-type-simple"},"_links":{"self":[{"href":"https:\/\/ellad2.com\/es\/wp-json\/wp\/v2\/product\/1097","targetHints":{"allow":["GET"]}}],"collection":[{"href":"https:\/\/ellad2.com\/es\/wp-json\/wp\/v2\/product"}],"about":[{"href":"https:\/\/ellad2.com\/es\/wp-json\/wp\/v2\/types\/product"}],"wp:featuredmedia":[{"embeddable":true,"href":"https:\/\/ellad2.com\/es\/wp-json\/wp\/v2\/media\/1098"}],"wp:attachment":[{"href":"https:\/\/ellad2.com\/es\/wp-json\/wp\/v2\/media?parent=1097"}],"wp:term":[{"taxonomy":"product_brand","embeddable":true,"href":"https:\/\/ellad2.com\/es\/wp-json\/wp\/v2\/product_brand?post=1097"},{"taxonomy":"product_cat","embeddable":true,"href":"https:\/\/ellad2.com\/es\/wp-json\/wp\/v2\/product_cat?post=1097"},{"taxonomy":"product_tag","embeddable":true,"href":"https:\/\/ellad2.com\/es\/wp-json\/wp\/v2\/product_tag?post=1097"}],"curies":[{"name":"wp","href":"https:\/\/api.w.org\/{rel}","templated":true}]}}