{"id":1076,"date":"2014-12-28T12:55:29","date_gmt":"2014-12-28T11:55:29","guid":{"rendered":"https:\/\/ellad2.com\/es\/?post_type=product&#038;p=1076"},"modified":"2018-07-12T04:16:13","modified_gmt":"2018-07-12T03:16:13","slug":"tutorial-pulsera-triangulum","status":"publish","type":"product","link":"https:\/\/ellad2.com\/es\/tienda\/tutorial-pulsera-triangulum\/","title":{"rendered":"Tutorial Pulsera Triangulum"},"content":{"rendered":"<p>Pulsera Triangulum<\/p>\n<p>Hermosa pulsera y divertida de hacer. Hecha con cuentas triangulares <a href=\"http:\/\/perlepuca.canalblog.com\/\"><strong>Kheops by Puca<\/strong><\/a>\u00a0y con cuentas Czech Superduo.<\/p>\n<p>Si tienes bastantes cuentas puede hacer tambi\u00e9n un collar hermoso.<\/p>\n<p>Nivel del Proyecto: Todos los niveles.<\/p>\n<p>El Tutorial de abalorios para la pulsera Triangulum con cuentas Kheops es muy detallado, f\u00e1cil de seguir, paso a paso, con instrucciones claras y con fotos a color de cada paso.<\/p>\nngg_shortcode_0_placeholder\n<p>Material necesario:<\/p>\n<p>\u2013 Cuentas triangulares Kheops<br \/>\n\u2013 Cuentas Superduo 2.5x5mm<br \/>\n\u2013 Cuentas Miyuki seed 11\/0<br \/>\n\u2013 Broche<br \/>\n\u2013 FireLine 6lb<br \/>\n\u2013 Aguja para enfilar tama\u00f1o 12 o aguja Tulip 11<\/p>\n<p>El Tutorial es un archivo PDF. Despu\u00e9s de que haya realizado el pago ser\u00e1 redirigida a ellad2.com en donde encontrar\u00e1 el enlace para la descarga de su tutorial. Tambi\u00e9n recibir\u00e1 un correo electr\u00f3nico con la confirmaci\u00f3n del pedido. (Por favor, revise la bandeja de correo no deseado\/chatarra).<\/p>\n<p>La invitamos a vender los art\u00edculos que usted ha hecho de los tutoriales que me ha comprado.<br \/>\nVea aqu\u00ed mis <a href=\"https:\/\/ellad2.com\/es\/terminos-y-condiciones-ellad2\/\">T\u00e9rminos y Condiciones<\/a><\/p>\n<p>Derechos de Autor\u00a9Ellad2<\/p>\n","protected":false},"excerpt":{"rendered":"<p>Pulsera Triangulum Hermosa pulsera y divertida de hacer. Hecha con cuentas triangulares Kheops by Puca\u00a0y con cuentas Czech Superduo. Si tienes bastantes cuentas puede hacer tambi\u00e9n un collar hermoso. Nivel del Proyecto: Todos los niveles. El Tutorial de abalorios para la pulsera Triangulum con cuentas Kheops es muy detallado, f\u00e1cil de seguir, paso a paso,&hellip;&nbsp;<a href=\"https:\/\/ellad2.com\/es\/tienda\/tutorial-pulsera-triangulum\/\" rel=\"bookmark\">Read More &raquo;<span class=\"screen-reader-text\">Tutorial Pulsera Triangulum<\/span><\/a><\/p>\n","protected":false},"featured_media":1077,"template":"","meta":{"neve_meta_sidebar":"","neve_meta_container":"","neve_meta_enable_content_width":"","neve_meta_content_width":0,"neve_meta_title_alignment":"","neve_meta_author_avatar":"","neve_post_elements_order":"","neve_meta_disable_header":"","neve_meta_disable_footer":"","neve_meta_disable_title":"","neve_meta_reading_time":"","ngg_post_thumbnail":0},"product_brand":[],"product_cat":[325],"product_tag":[69,70,71,72],"class_list":{"0":"post-1076","1":"product","2":"type-product","3":"status-publish","4":"has-post-thumbnail","6":"product_cat-brazaletes","7":"product_tag-kheops-beads","8":"product_tag-kheops-by-puca","9":"product_tag-kheops-puca","10":"product_tag-pulsera-con-kheops-cuentas","12":"first","13":"instock","14":"downloadable","15":"virtual","16":"purchasable","17":"product-type-simple"},"_links":{"self":[{"href":"https:\/\/ellad2.com\/es\/wp-json\/wp\/v2\/product\/1076","targetHints":{"allow":["GET"]}}],"collection":[{"href":"https:\/\/ellad2.com\/es\/wp-json\/wp\/v2\/product"}],"about":[{"href":"https:\/\/ellad2.com\/es\/wp-json\/wp\/v2\/types\/product"}],"wp:featuredmedia":[{"embeddable":true,"href":"https:\/\/ellad2.com\/es\/wp-json\/wp\/v2\/media\/1077"}],"wp:attachment":[{"href":"https:\/\/ellad2.com\/es\/wp-json\/wp\/v2\/media?parent=1076"}],"wp:term":[{"taxonomy":"product_brand","embeddable":true,"href":"https:\/\/ellad2.com\/es\/wp-json\/wp\/v2\/product_brand?post=1076"},{"taxonomy":"product_cat","embeddable":true,"href":"https:\/\/ellad2.com\/es\/wp-json\/wp\/v2\/product_cat?post=1076"},{"taxonomy":"product_tag","embeddable":true,"href":"https:\/\/ellad2.com\/es\/wp-json\/wp\/v2\/product_tag?post=1076"}],"curies":[{"name":"wp","href":"https:\/\/api.w.org\/{rel}","templated":true}]}}