{"id":1061,"date":"2014-12-18T20:02:28","date_gmt":"2014-12-18T19:02:28","guid":{"rendered":"https:\/\/ellad2.com\/es\/?post_type=product&#038;p=1061"},"modified":"2018-07-12T04:16:12","modified_gmt":"2018-07-12T03:16:12","slug":"1061","status":"publish","type":"product","link":"https:\/\/ellad2.com\/es\/tienda\/1061\/","title":{"rendered":"Tutorial Aretes Aylen"},"content":{"rendered":"<p>Aretes Aylen<\/p>\n<p>Este es un proyecto de abalorios con cuentas Pip y cuentas Dome.<\/p>\n<p>Nivel del Proyecto: Intermedio, reto para los principiantes.<br \/>\nDebe estar familiarizada con la puntada Peyote.<\/p>\n<p>El Tutorial de abalorios para los aretes Aylen es muy detallado, f\u00e1cil de seguir, paso a paso, con instrucciones claras y con fotos a color de cada paso.<\/p>\nngg_shortcode_0_placeholder\n<p><strong>Material Necesario:<\/strong><\/p>\n<p>\u2013 Cuentas Seed Miyuki 15\/0, 11\/0, 8\/0<br \/>\n\u2013 Cuentas Dome 14\u00d78 mm<br \/>\n\u2013 Cuentas Pip 5x7mm<br \/>\n\u2013 Perlas 6mm<br \/>\n\u2013 Bicones Swarovski 4mm<br \/>\n\u2013 Ganchos para aretes<br \/>\n\u2013 FireLine 6lb<br \/>\n\u2013 Aguja para enfilar tama\u00f1o 12 o Aguja Tulip 11<\/p>\n<p>El Tutorial de abalorios para los aretes Aylen es un archivo PDF. Despu\u00e9s de que haya realizado el pago ser\u00e1 redirigida a ellad2.com en donde encontrar\u00e1 el enlace para la descarga de su tutorial. Tambi\u00e9n recibir\u00e1 un correo electr\u00f3nico con la confirmaci\u00f3n del pedido. (Por favor, revise la bandeja de correo no deseado\/chatarra).<\/p>\n<p>La invitamos a vender los art\u00edculos que usted ha hecho de los tutoriales que me ha comprado.<br \/>\nVea aqu\u00ed mis: <a href=\"https:\/\/ellad2.com\/es\/terminos-y-condiciones-ellad2\/\"><em>T\u00e9rminos y Condiciones<\/em><\/a><\/p>\n<p>Derechos de Autor\u00a9Ellad2<\/p>\n","protected":false},"excerpt":{"rendered":"<p>Aretes Aylen Este es un proyecto de abalorios con cuentas Pip y cuentas Dome. Nivel del Proyecto: Intermedio, reto para los principiantes. Debe estar familiarizada con la puntada Peyote. El Tutorial de abalorios para los aretes Aylen es muy detallado, f\u00e1cil de seguir, paso a paso, con instrucciones claras y con fotos a color de&hellip;&nbsp;<a href=\"https:\/\/ellad2.com\/es\/tienda\/1061\/\" rel=\"bookmark\">Read More &raquo;<span class=\"screen-reader-text\">Tutorial Aretes Aylen<\/span><\/a><\/p>\n","protected":false},"featured_media":1062,"template":"","meta":{"neve_meta_sidebar":"","neve_meta_container":"","neve_meta_enable_content_width":"","neve_meta_content_width":0,"neve_meta_title_alignment":"","neve_meta_author_avatar":"","neve_post_elements_order":"","neve_meta_disable_header":"","neve_meta_disable_footer":"","neve_meta_disable_title":"","neve_meta_reading_time":"","ngg_post_thumbnail":0},"product_brand":[],"product_cat":[321],"product_tag":[],"class_list":{"0":"post-1061","1":"product","2":"type-product","3":"status-publish","4":"has-post-thumbnail","6":"product_cat-aretes","8":"first","9":"instock","10":"downloadable","11":"virtual","12":"purchasable","13":"product-type-simple"},"_links":{"self":[{"href":"https:\/\/ellad2.com\/es\/wp-json\/wp\/v2\/product\/1061","targetHints":{"allow":["GET"]}}],"collection":[{"href":"https:\/\/ellad2.com\/es\/wp-json\/wp\/v2\/product"}],"about":[{"href":"https:\/\/ellad2.com\/es\/wp-json\/wp\/v2\/types\/product"}],"wp:featuredmedia":[{"embeddable":true,"href":"https:\/\/ellad2.com\/es\/wp-json\/wp\/v2\/media\/1062"}],"wp:attachment":[{"href":"https:\/\/ellad2.com\/es\/wp-json\/wp\/v2\/media?parent=1061"}],"wp:term":[{"taxonomy":"product_brand","embeddable":true,"href":"https:\/\/ellad2.com\/es\/wp-json\/wp\/v2\/product_brand?post=1061"},{"taxonomy":"product_cat","embeddable":true,"href":"https:\/\/ellad2.com\/es\/wp-json\/wp\/v2\/product_cat?post=1061"},{"taxonomy":"product_tag","embeddable":true,"href":"https:\/\/ellad2.com\/es\/wp-json\/wp\/v2\/product_tag?post=1061"}],"curies":[{"name":"wp","href":"https:\/\/api.w.org\/{rel}","templated":true}]}}