{"id":1048,"date":"2014-12-20T13:33:10","date_gmt":"2014-12-20T12:33:10","guid":{"rendered":"https:\/\/ellad2.com\/es\/?post_type=product&#038;p=1048"},"modified":"2018-07-12T04:16:11","modified_gmt":"2018-07-12T03:16:11","slug":"anillo-regalo-de-navidad-2014","status":"publish","type":"product","link":"https:\/\/ellad2.com\/es\/tienda\/anillo-regalo-de-navidad-2014\/","title":{"rendered":"Anillo Regalo de Navidad 2014"},"content":{"rendered":"<p>Mis queridas amigas, bordadoras de abalorios,<\/p>\n<p>Las fiestas Navide\u00f1as se acercan. Realmente disfruto de la atm\u00f3sfera, las luces y decoraciones a mi alrededor. Me produce sentimientos de esperanza y alegr\u00eda.<\/p>\n<p>Este es tambi\u00e9n el momento para decir GRACIAS y estar agradecida.<\/p>\n<p>&#8211; Gracias por compartir la misma pasi\u00f3n con tantas bordadoras de abalorios alrededor del mundo;<\/p>\n<p>&#8211; Gracias por su motivaci\u00f3n y creatividad;<\/p>\n<p>&#8211; Gracias por todos tus esfuerzos que has puesto en tus abalorios usando mis dise\u00f1os;<\/p>\n<p>&#8211; Gracias por toda su inspiraci\u00f3n y apoyo;<\/p>\n<p>&#8211; Gracias por su participaci\u00f3n y retroalimentaci\u00f3n;<\/p>\n<p>&#8211; Gracias por su maravillosa amistad por todo el mundo.<\/p>\n<p>Este es mi peque\u00f1o regalo de Navidad para ustedes. \u00a1Espero que lo disfruten!<\/p>\nngg_shortcode_0_placeholder\n<p><strong>\u00a1Felices fiestas y que tengan un a\u00f1o de Abalorios incre\u00edble!<\/strong><\/p>\n<p>Suya fielmente,<\/p>\n<p>Ella<\/p>\n","protected":false},"excerpt":{"rendered":"<p>Mis queridas amigas, bordadoras de abalorios, Las fiestas Navide\u00f1as se acercan. Realmente disfruto de la atm\u00f3sfera, las luces y decoraciones a mi alrededor. Me produce sentimientos de esperanza y alegr\u00eda. Este es tambi\u00e9n el momento para decir GRACIAS y estar agradecida. &#8211; Gracias por compartir la misma pasi\u00f3n con tantas bordadoras de abalorios alrededor del&hellip;&nbsp;<a href=\"https:\/\/ellad2.com\/es\/tienda\/anillo-regalo-de-navidad-2014\/\" rel=\"bookmark\">Read More &raquo;<span class=\"screen-reader-text\">Anillo Regalo de Navidad 2014<\/span><\/a><\/p>\n","protected":false},"featured_media":1049,"template":"","meta":{"neve_meta_sidebar":"","neve_meta_container":"","neve_meta_enable_content_width":"","neve_meta_content_width":0,"neve_meta_title_alignment":"","neve_meta_author_avatar":"","neve_post_elements_order":"","neve_meta_disable_header":"","neve_meta_disable_footer":"","neve_meta_disable_title":"","neve_meta_reading_time":"","ngg_post_thumbnail":0},"product_brand":[],"product_cat":[323],"product_tag":[],"class_list":{"0":"post-1048","1":"product","2":"type-product","3":"status-publish","4":"has-post-thumbnail","6":"product_cat-anillos","8":"first","9":"instock","10":"downloadable","11":"virtual","12":"purchasable","13":"product-type-simple"},"_links":{"self":[{"href":"https:\/\/ellad2.com\/es\/wp-json\/wp\/v2\/product\/1048","targetHints":{"allow":["GET"]}}],"collection":[{"href":"https:\/\/ellad2.com\/es\/wp-json\/wp\/v2\/product"}],"about":[{"href":"https:\/\/ellad2.com\/es\/wp-json\/wp\/v2\/types\/product"}],"wp:featuredmedia":[{"embeddable":true,"href":"https:\/\/ellad2.com\/es\/wp-json\/wp\/v2\/media\/1049"}],"wp:attachment":[{"href":"https:\/\/ellad2.com\/es\/wp-json\/wp\/v2\/media?parent=1048"}],"wp:term":[{"taxonomy":"product_brand","embeddable":true,"href":"https:\/\/ellad2.com\/es\/wp-json\/wp\/v2\/product_brand?post=1048"},{"taxonomy":"product_cat","embeddable":true,"href":"https:\/\/ellad2.com\/es\/wp-json\/wp\/v2\/product_cat?post=1048"},{"taxonomy":"product_tag","embeddable":true,"href":"https:\/\/ellad2.com\/es\/wp-json\/wp\/v2\/product_tag?post=1048"}],"curies":[{"name":"wp","href":"https:\/\/api.w.org\/{rel}","templated":true}]}}