{"id":1044,"date":"2014-12-18T13:56:16","date_gmt":"2014-12-18T12:56:16","guid":{"rendered":"https:\/\/ellad2.com\/es\/?post_type=product&#038;p=1044"},"modified":"2018-07-12T04:16:11","modified_gmt":"2018-07-12T03:16:11","slug":"tutorial-brazalete-amabella","status":"publish","type":"product","link":"https:\/\/ellad2.com\/es\/tienda\/tutorial-brazalete-amabella\/","title":{"rendered":"Tutorial Brazalete Amabella"},"content":{"rendered":"<p>Brazalete Amabella<\/p>\n<p>Es una hermosa combinaci\u00f3n de diversos patrones que se pueden utilizar por separado para hacer un brazalete con una \u2018nueva vista\u2019.<\/p>\n<p>Si tiene suficientes cuentas y perlas puede encontrar los patrones interesantes para hacer un collar.<\/p>\n<p>Nivel de l Proyecto: intermedio.<\/p>\n<p>El Tutorial para el brazalete Amabella es muy detallado, f\u00e1cil de seguir, paso a paso, con instrucciones claras y con fotos a color de cada paso.<\/p>\nngg_shortcode_0_placeholder\n<p>Material necesario:<\/p>\n<p>\u2013 Cuentas Seed Miyuki 11\/0, 8\/0, 15\/0<br \/>\n\u2013 Perlas Czech 4mm y 6 mm<br \/>\n\u2013 Cuentas Czech fire-polished 3mm<br \/>\n\u2013 Cuentas O Czech<br \/>\n\u2013 Broche<br \/>\n\u2013 Fireline 6lb (0.008)<br \/>\n\u2013 Aguja para enfilar tama\u00f1o 12 o a\u00fan mejor aguja Tulip 11<\/p>\n<p>El Tutorial para el brazalete Amabella es un archivo PDF. Despu\u00e9s de que haya realizado el pago ser\u00e1 redirigida a ellad2.com en\u00a0donde encontrar\u00e1 el enlace para la descarga de su tutorial. Tambi\u00e9n recibir\u00e1 un correo electr\u00f3nico con la confirmaci\u00f3n del pedido.\u00a0 (Por favor, revise la bandeja de correo no deseado\/chatarra).<\/p>\n<p>La invitamos a vender los art\u00edculos que usted ha hecho de los tutoriales que me ha comprado.<br \/>\nVea aqu\u00ed mis: <a href=\"https:\/\/ellad2.com\/es\/terminos-y-condiciones-ellad2\/\"><strong><em>T\u00e9rminos y Condiciones<\/em><\/strong><\/a><\/p>\n<p>Derechos de Autor\u00a9Ellad2<\/p>\n","protected":false},"excerpt":{"rendered":"<p>Brazalete Amabella Es una hermosa combinaci\u00f3n de diversos patrones que se pueden utilizar por separado para hacer un brazalete con una \u2018nueva vista\u2019. Si tiene suficientes cuentas y perlas puede encontrar los patrones interesantes para hacer un collar. Nivel de l Proyecto: intermedio. El Tutorial para el brazalete Amabella es muy detallado, f\u00e1cil de seguir,&hellip;&nbsp;<a href=\"https:\/\/ellad2.com\/es\/tienda\/tutorial-brazalete-amabella\/\" rel=\"bookmark\">Read More &raquo;<span class=\"screen-reader-text\">Tutorial Brazalete Amabella<\/span><\/a><\/p>\n","protected":false},"featured_media":1045,"template":"","meta":{"neve_meta_sidebar":"","neve_meta_container":"","neve_meta_enable_content_width":"","neve_meta_content_width":0,"neve_meta_title_alignment":"","neve_meta_author_avatar":"","neve_post_elements_order":"","neve_meta_disable_header":"","neve_meta_disable_footer":"","neve_meta_disable_title":"","neve_meta_reading_time":"","ngg_post_thumbnail":0},"product_brand":[],"product_cat":[325],"product_tag":[],"class_list":{"0":"post-1044","1":"product","2":"type-product","3":"status-publish","4":"has-post-thumbnail","6":"product_cat-brazaletes","8":"first","9":"instock","10":"downloadable","11":"virtual","12":"purchasable","13":"product-type-simple"},"_links":{"self":[{"href":"https:\/\/ellad2.com\/es\/wp-json\/wp\/v2\/product\/1044","targetHints":{"allow":["GET"]}}],"collection":[{"href":"https:\/\/ellad2.com\/es\/wp-json\/wp\/v2\/product"}],"about":[{"href":"https:\/\/ellad2.com\/es\/wp-json\/wp\/v2\/types\/product"}],"wp:featuredmedia":[{"embeddable":true,"href":"https:\/\/ellad2.com\/es\/wp-json\/wp\/v2\/media\/1045"}],"wp:attachment":[{"href":"https:\/\/ellad2.com\/es\/wp-json\/wp\/v2\/media?parent=1044"}],"wp:term":[{"taxonomy":"product_brand","embeddable":true,"href":"https:\/\/ellad2.com\/es\/wp-json\/wp\/v2\/product_brand?post=1044"},{"taxonomy":"product_cat","embeddable":true,"href":"https:\/\/ellad2.com\/es\/wp-json\/wp\/v2\/product_cat?post=1044"},{"taxonomy":"product_tag","embeddable":true,"href":"https:\/\/ellad2.com\/es\/wp-json\/wp\/v2\/product_tag?post=1044"}],"curies":[{"name":"wp","href":"https:\/\/api.w.org\/{rel}","templated":true}]}}