{"id":1019,"date":"2014-11-14T19:21:39","date_gmt":"2014-11-14T18:21:39","guid":{"rendered":"https:\/\/ellad2.com\/es\/?post_type=product&#038;p=1019"},"modified":"2018-07-12T04:16:10","modified_gmt":"2018-07-12T03:16:10","slug":"tutorial-colgante-cuadrado-la-plaza","status":"publish","type":"product","link":"https:\/\/ellad2.com\/es\/tienda\/tutorial-colgante-cuadrado-la-plaza\/","title":{"rendered":"Tutorial Colgante Cuadrado La Plaza"},"content":{"rendered":"<p>Colgante Cuadrado La Plaza<\/p>\n<p>Haga este espectacular colgante 3D lleno de perlas, bicones Swarovski\u2026 en puntada RAW<\/p>\n<p>Nivel del Proyecto: Intermedio.<\/p>\n<p>Debe estar familiarizada con la puntada RAW.<\/p>\n<p>El Tutorial para el colgante Cuadrado La Plaza es muy detallado, f\u00e1cil de seguir, paso a paso, con instrucciones claras y con fotograf\u00edas a color de cada paso.<\/p>\nngg_shortcode_0_placeholder\n<p>Material necesario:<\/p>\n<p>\u2013 Cuentas Seed Miyuki 11\/0, 15\/0<br \/>\n\u2013 Cuentas de vidrio Czech (perlas o cuentas redondas druk), 4 mm y 3mm<br \/>\n\u2013 Bicones Swarovski 4mm y 3mm<br \/>\n\u2013 FireLine 6lb (0.008).<br \/>\n\u2013 Aguja para enfilar tama\u00f1o 12 o a\u00fan mejor aguja Tulip 11<\/p>\n<p>Nota: Este tutorial viene en un archivo PDF. Despu\u00e9s de que haya realizado el pago, ser\u00e1 dirigida a ellad2.com. En donde encontrar\u00e1 el enlace para la descargar. Adem\u00e1s recibir\u00e1 un correo electr\u00f3nico (por favor, aseg\u00farese de que ellad2.com est\u00e9 en su lista aprobada; de lo contrario necesitara revisar su correo no deseado\/spam).<\/p>\n<p>La invitamos a vender los art\u00edculos que usted ha hecho de los tutoriales que me ha comprado.<br \/>\nVea aqu\u00ed mis: <a href=\"https:\/\/ellad2.com\/es\/terminos-y-condiciones-ellad2\/\"><strong><em>T\u00e9rminos y Condiciones<\/em><\/strong><\/a><\/p>\n<p>Derechos de Autor \u00a9 Ellad2<\/p>\n","protected":false},"excerpt":{"rendered":"<p>Colgante Cuadrado La Plaza Haga este espectacular colgante 3D lleno de perlas, bicones Swarovski\u2026 en puntada RAW Nivel del Proyecto: Intermedio. Debe estar familiarizada con la puntada RAW. El Tutorial para el colgante Cuadrado La Plaza es muy detallado, f\u00e1cil de seguir, paso a paso, con instrucciones claras y con fotograf\u00edas a color de cada&hellip;&nbsp;<a href=\"https:\/\/ellad2.com\/es\/tienda\/tutorial-colgante-cuadrado-la-plaza\/\" rel=\"bookmark\">Read More &raquo;<span class=\"screen-reader-text\">Tutorial Colgante Cuadrado La Plaza<\/span><\/a><\/p>\n","protected":false},"featured_media":1020,"template":"","meta":{"neve_meta_sidebar":"","neve_meta_container":"","neve_meta_enable_content_width":"","neve_meta_content_width":0,"neve_meta_title_alignment":"","neve_meta_author_avatar":"","neve_post_elements_order":"","neve_meta_disable_header":"","neve_meta_disable_footer":"","neve_meta_disable_title":"","neve_meta_reading_time":"","ngg_post_thumbnail":0},"product_brand":[],"product_cat":[327],"product_tag":[],"class_list":{"0":"post-1019","1":"product","2":"type-product","3":"status-publish","4":"has-post-thumbnail","6":"product_cat-colgantes","8":"first","9":"instock","10":"downloadable","11":"virtual","12":"purchasable","13":"product-type-simple"},"_links":{"self":[{"href":"https:\/\/ellad2.com\/es\/wp-json\/wp\/v2\/product\/1019","targetHints":{"allow":["GET"]}}],"collection":[{"href":"https:\/\/ellad2.com\/es\/wp-json\/wp\/v2\/product"}],"about":[{"href":"https:\/\/ellad2.com\/es\/wp-json\/wp\/v2\/types\/product"}],"wp:featuredmedia":[{"embeddable":true,"href":"https:\/\/ellad2.com\/es\/wp-json\/wp\/v2\/media\/1020"}],"wp:attachment":[{"href":"https:\/\/ellad2.com\/es\/wp-json\/wp\/v2\/media?parent=1019"}],"wp:term":[{"taxonomy":"product_brand","embeddable":true,"href":"https:\/\/ellad2.com\/es\/wp-json\/wp\/v2\/product_brand?post=1019"},{"taxonomy":"product_cat","embeddable":true,"href":"https:\/\/ellad2.com\/es\/wp-json\/wp\/v2\/product_cat?post=1019"},{"taxonomy":"product_tag","embeddable":true,"href":"https:\/\/ellad2.com\/es\/wp-json\/wp\/v2\/product_tag?post=1019"}],"curies":[{"name":"wp","href":"https:\/\/api.w.org\/{rel}","templated":true}]}}